{"id":1043,"date":"2019-02-27T04:47:34","date_gmt":"2019-02-27T07:47:34","guid":{"rendered":"http:\/\/sopassaros.com.br\/?post_type=product&#038;p=1043"},"modified":"2019-02-27T04:57:57","modified_gmt":"2019-02-27T07:57:57","slug":"mik-dog-filhotes","status":"publish","type":"product","link":"https:\/\/sopassaros.com.br\/index.php\/product\/mik-dog-filhotes\/","title":{"rendered":"MIKDOG FILHOTES"},"content":{"rendered":"<div class=\"product-short-description\">\n<p>N\u00cdVEIS DE GARANTIA:<br \/>\nProte\u00edna Bruta (m\u00edn.) 280 g\/kg (28%)<br \/>\nExtrato Et\u00e9reo (m\u00edn.) 120 g\/kg (12%)<br \/>\n\u00c1cido Linoleico (m\u00edn.) 10 g\/kg (1%)<br \/>\n\u00c1cido Linol\u00eanico (m\u00edn.) 2000 mg\/kg<br \/>\nC\u00e1lcio (m\u00e1x.) 24 g\/kg (2,4%)<br \/>\nC\u00e1lcio (m\u00edn.) 10 g\/kg (1%), F\u00f3sforo (m\u00edn.) 1100 mg\/kg<br \/>\nMat\u00e9ria Fibrosa (m\u00e1x.) 40 g\/kg (4%)<br \/>\nMat\u00e9ria Mineral (m\u00e1x.) 120 g\/kg (12%)<br \/>\nBacillus Subtilis 5 x 10 9 UFC<br \/>\nSaponina 7 mg\/kg,<br \/>\nUmidade (m\u00e1x.) 120g\/kg (12%)<br \/>\nS\u00f3dio (m\u00edn.) 2.500 mg\/kg<\/p>\n<\/div>\n","protected":false},"excerpt":{"rendered":"<p>N\u00cdVEIS DE GARANTIA: Prote\u00edna Bruta (m\u00edn.) 280 g\/kg (28%) Extrato Et\u00e9reo (m\u00edn.) 120 g\/kg (12%) \u00c1cido Linoleico (m\u00edn.) 10 g\/kg (1%) \u00c1cido Linol\u00eanico (m\u00edn.) 2000 mg\/kg C\u00e1lcio (m\u00e1x.) 24 g\/kg (2,4%) C\u00e1lcio (m\u00edn.) 10 g\/kg (1%), F\u00f3sforo (m\u00edn.) 1100 mg\/kg Mat\u00e9ria Fibrosa (m\u00e1x.) 40 g\/kg (4%) Mat\u00e9ria Mineral (m\u00e1x.) 120 g\/kg (12%) Bacillus Subtilis 5 [&hellip;]<\/p>\n","protected":false},"featured_media":1044,"template":"","meta":{"_monsterinsights_skip_tracking":false,"_monsterinsights_sitenote_active":false,"_monsterinsights_sitenote_note":"","_monsterinsights_sitenote_category":0},"product_brand":[],"product_cat":[89,85],"product_tag":[90,88,87],"class_list":{"0":"post-1043","1":"product","2":"type-product","3":"status-publish","4":"has-post-thumbnail","6":"product_cat-caes","7":"product_cat-racao","8":"product_tag-caes","9":"product_tag-pian","10":"product_tag-racao","11":"product_shipping_class-north-america","13":"first","14":"instock","15":"shipping-taxable","16":"product-type-simple"},"aioseo_notices":[],"_links":{"self":[{"href":"https:\/\/sopassaros.com.br\/index.php\/wp-json\/wp\/v2\/product\/1043","targetHints":{"allow":["GET"]}}],"collection":[{"href":"https:\/\/sopassaros.com.br\/index.php\/wp-json\/wp\/v2\/product"}],"about":[{"href":"https:\/\/sopassaros.com.br\/index.php\/wp-json\/wp\/v2\/types\/product"}],"wp:featuredmedia":[{"embeddable":true,"href":"https:\/\/sopassaros.com.br\/index.php\/wp-json\/wp\/v2\/media\/1044"}],"wp:attachment":[{"href":"https:\/\/sopassaros.com.br\/index.php\/wp-json\/wp\/v2\/media?parent=1043"}],"wp:term":[{"taxonomy":"product_brand","embeddable":true,"href":"https:\/\/sopassaros.com.br\/index.php\/wp-json\/wp\/v2\/product_brand?post=1043"},{"taxonomy":"product_cat","embeddable":true,"href":"https:\/\/sopassaros.com.br\/index.php\/wp-json\/wp\/v2\/product_cat?post=1043"},{"taxonomy":"product_tag","embeddable":true,"href":"https:\/\/sopassaros.com.br\/index.php\/wp-json\/wp\/v2\/product_tag?post=1043"}],"curies":[{"name":"wp","href":"https:\/\/api.w.org\/{rel}","templated":true}]}}