{"id":1055,"date":"2019-02-27T05:15:19","date_gmt":"2019-02-27T08:15:19","guid":{"rendered":"http:\/\/sopassaros.com.br\/?post_type=product&#038;p=1055"},"modified":"2019-02-27T05:15:19","modified_gmt":"2019-02-27T08:15:19","slug":"mikcat-peixe-2","status":"publish","type":"product","link":"https:\/\/sopassaros.com.br\/index.php\/product\/mikcat-peixe-2\/","title":{"rendered":"MIKCAT PEIXE NUGGETS"},"content":{"rendered":"<p>N\u00cdVEIS DE GARANTIA:<br \/>\nProte\u00edna Bruta (m\u00edn.) 300 g\/kg (30%)<br \/>\nExtrato Et\u00e9reo (m\u00edn.) 70 g\/kg (7%)<br \/>\n\u00c1cido Linol\u00eanico (m\u00edn.) 2000 mg\/kg<br \/>\n\u00c1cido Linoleico (m\u00edn.) 10 g\/kg (1%)<br \/>\nC\u00e1lcio (m\u00e1x.) 23 g\/kg (2,3%),<br \/>\nC\u00e1lcio (m\u00edn.) 10 g\/kg (1%)<br \/>\nF\u00f3sforo (m\u00edn.) 110 mg\/kg (1,1%)<br \/>\nMat\u00e9ria Fibrosa (m\u00e1x.) 40 g\/kg (4%)<br \/>\nMat\u00e9ria Mineral (m\u00e1x.) 120 g\/kg (12%)<br \/>\nSaponina (m\u00edn.) 7 mg\/kg<br \/>\nUmidade (m\u00e1x.) 120 g\/kg (12%)<br \/>\nBacillus Subtilis 5\u00d7107 UFC<br \/>\nS\u00f3dio (m\u00edn.) 2800 mg\/kg<\/p>\n","protected":false},"excerpt":{"rendered":"<p>N\u00cdVEIS DE GARANTIA: Prote\u00edna Bruta (m\u00edn.) 300 g\/kg (30%) Extrato Et\u00e9reo (m\u00edn.) 70 g\/kg (7%) \u00c1cido Linol\u00eanico (m\u00edn.) 2000 mg\/kg \u00c1cido Linoleico (m\u00edn.) 10 g\/kg (1%) C\u00e1lcio (m\u00e1x.) 23 g\/kg (2,3%), C\u00e1lcio (m\u00edn.) 10 g\/kg (1%) F\u00f3sforo (m\u00edn.) 110 mg\/kg (1,1%) Mat\u00e9ria Fibrosa (m\u00e1x.) 40 g\/kg (4%) Mat\u00e9ria Mineral (m\u00e1x.) 120 g\/kg (12%) Saponina (m\u00edn.) [&hellip;]<\/p>\n","protected":false},"featured_media":1056,"template":"","meta":{"_monsterinsights_skip_tracking":false,"_monsterinsights_sitenote_active":false,"_monsterinsights_sitenote_note":"","_monsterinsights_sitenote_category":0},"product_brand":[],"product_cat":[84,85],"product_tag":[86,88,87],"class_list":{"0":"post-1055","1":"product","2":"type-product","3":"status-publish","4":"has-post-thumbnail","6":"product_cat-gatos","7":"product_cat-racao","8":"product_tag-gatos","9":"product_tag-pian","10":"product_tag-racao","11":"product_shipping_class-north-america","13":"first","14":"instock","15":"shipping-taxable","16":"product-type-simple"},"aioseo_notices":[],"_links":{"self":[{"href":"https:\/\/sopassaros.com.br\/index.php\/wp-json\/wp\/v2\/product\/1055","targetHints":{"allow":["GET"]}}],"collection":[{"href":"https:\/\/sopassaros.com.br\/index.php\/wp-json\/wp\/v2\/product"}],"about":[{"href":"https:\/\/sopassaros.com.br\/index.php\/wp-json\/wp\/v2\/types\/product"}],"wp:featuredmedia":[{"embeddable":true,"href":"https:\/\/sopassaros.com.br\/index.php\/wp-json\/wp\/v2\/media\/1056"}],"wp:attachment":[{"href":"https:\/\/sopassaros.com.br\/index.php\/wp-json\/wp\/v2\/media?parent=1055"}],"wp:term":[{"taxonomy":"product_brand","embeddable":true,"href":"https:\/\/sopassaros.com.br\/index.php\/wp-json\/wp\/v2\/product_brand?post=1055"},{"taxonomy":"product_cat","embeddable":true,"href":"https:\/\/sopassaros.com.br\/index.php\/wp-json\/wp\/v2\/product_cat?post=1055"},{"taxonomy":"product_tag","embeddable":true,"href":"https:\/\/sopassaros.com.br\/index.php\/wp-json\/wp\/v2\/product_tag?post=1055"}],"curies":[{"name":"wp","href":"https:\/\/api.w.org\/{rel}","templated":true}]}}