{"id":1087,"date":"2019-02-28T09:24:38","date_gmt":"2019-02-28T12:24:38","guid":{"rendered":"http:\/\/sopassaros.com.br\/?post_type=product&#038;p=1087"},"modified":"2019-02-28T09:26:28","modified_gmt":"2019-02-28T12:26:28","slug":"gerrys-adulto","status":"publish","type":"product","link":"https:\/\/sopassaros.com.br\/index.php\/product\/gerrys-adulto\/","title":{"rendered":"GERRYS ADULTO"},"content":{"rendered":"<div class=\"product-short-description\">\n<p>N\u00cdVEIS DE GARANTIA:<br \/>\nProte\u00edna Bruta (m\u00edn.) 190 g\/kg (19%),<br \/>\nExtrato Et\u00e9reo (m\u00edn.) 80 g\/kg (8%)<br \/>\n\u00c1cido Linol\u00eanico (m\u00edn.) 2000 mg\/kg,<br \/>\n\u00c1cido Linoleico (m\u00edn.) 10 g\/kg (1%)<br \/>\nC\u00e1lcio (m\u00e1x.) 23 g\/kg (2,3%),<br \/>\nC\u00e1lcio (m\u00edn.) 10 g\/kg (1%)<br \/>\nF\u00f3sforo (m\u00edn.) 9000 mg\/kg,<br \/>\nMat\u00e9ria Fibrosa (m\u00e1x.) 60 g\/kg (6%)<br \/>\nMat\u00e9ria Mineral (m\u00e1x.) 120 g\/kg (12%)<br \/>\nUmidade (m\u00e1x.) 120 g\/kg (12%)<br \/>\nS\u00f3dio (m\u00edn.) 2500 mg\/kg.<\/p>\n<\/div>\n","protected":false},"excerpt":{"rendered":"<p>N\u00cdVEIS DE GARANTIA: Prote\u00edna Bruta (m\u00edn.) 190 g\/kg (19%), Extrato Et\u00e9reo (m\u00edn.) 80 g\/kg (8%) \u00c1cido Linol\u00eanico (m\u00edn.) 2000 mg\/kg, \u00c1cido Linoleico (m\u00edn.) 10 g\/kg (1%) C\u00e1lcio (m\u00e1x.) 23 g\/kg (2,3%), C\u00e1lcio (m\u00edn.) 10 g\/kg (1%) F\u00f3sforo (m\u00edn.) 9000 mg\/kg, Mat\u00e9ria Fibrosa (m\u00e1x.) 60 g\/kg (6%) Mat\u00e9ria Mineral (m\u00e1x.) 120 g\/kg (12%) Umidade (m\u00e1x.) 120 [&hellip;]<\/p>\n","protected":false},"featured_media":1088,"template":"","meta":{"_monsterinsights_skip_tracking":false,"_monsterinsights_sitenote_active":false,"_monsterinsights_sitenote_note":"","_monsterinsights_sitenote_category":0},"product_brand":[],"product_cat":[89,85],"product_tag":[90,98,88,87],"class_list":{"0":"post-1087","1":"product","2":"type-product","3":"status-publish","4":"has-post-thumbnail","6":"product_cat-caes","7":"product_cat-racao","8":"product_tag-caes","9":"product_tag-gerrys","10":"product_tag-pian","11":"product_tag-racao","12":"product_shipping_class-north-america","14":"first","15":"instock","16":"shipping-taxable","17":"product-type-simple"},"aioseo_notices":[],"_links":{"self":[{"href":"https:\/\/sopassaros.com.br\/index.php\/wp-json\/wp\/v2\/product\/1087","targetHints":{"allow":["GET"]}}],"collection":[{"href":"https:\/\/sopassaros.com.br\/index.php\/wp-json\/wp\/v2\/product"}],"about":[{"href":"https:\/\/sopassaros.com.br\/index.php\/wp-json\/wp\/v2\/types\/product"}],"wp:featuredmedia":[{"embeddable":true,"href":"https:\/\/sopassaros.com.br\/index.php\/wp-json\/wp\/v2\/media\/1088"}],"wp:attachment":[{"href":"https:\/\/sopassaros.com.br\/index.php\/wp-json\/wp\/v2\/media?parent=1087"}],"wp:term":[{"taxonomy":"product_brand","embeddable":true,"href":"https:\/\/sopassaros.com.br\/index.php\/wp-json\/wp\/v2\/product_brand?post=1087"},{"taxonomy":"product_cat","embeddable":true,"href":"https:\/\/sopassaros.com.br\/index.php\/wp-json\/wp\/v2\/product_cat?post=1087"},{"taxonomy":"product_tag","embeddable":true,"href":"https:\/\/sopassaros.com.br\/index.php\/wp-json\/wp\/v2\/product_tag?post=1087"}],"curies":[{"name":"wp","href":"https:\/\/api.w.org\/{rel}","templated":true}]}}