{"id":1094,"date":"2019-02-28T10:00:58","date_gmt":"2019-02-28T13:00:58","guid":{"rendered":"http:\/\/sopassaros.com.br\/?post_type=product&#038;p=1094"},"modified":"2019-02-28T10:00:58","modified_gmt":"2019-02-28T13:00:58","slug":"gerrys-adulto-2-2","status":"publish","type":"product","link":"https:\/\/sopassaros.com.br\/index.php\/product\/gerrys-adulto-2-2\/","title":{"rendered":"PRIORIT\u00c0 ADULTO"},"content":{"rendered":"<p>N\u00cdVEIS DE GARANTIA:<br \/>\nProte\u00edna Bruta (m\u00edn.) 260 g\/kg (26%)<br \/>\nExtrato Et\u00e9reo (m\u00edn.) 120 g\/kg (12%)<br \/>\n\u00c1cido Linol\u00eanico (m\u00edn.) 2000 mg\/kg<br \/>\n\u00c1cido Linoleico (m\u00edn.) 16 g\/kg (1,6%),<br \/>\nC\u00e1lcio (m\u00edn.) 13 g\/kg (1,3%)<br \/>\nC\u00e1lcio (m\u00e1x.) 23 g\/kg (2,3%)<br \/>\nF\u00f3sforo (m\u00edn.) 8000 mg\/kg<br \/>\nMat\u00e9ria Fibrosa (m\u00e1x.) 35 g\/kg (3,5%)<br \/>\nMat\u00e9ria Mineral (m\u00e1x.) 100 g\/kg (10%)<br \/>\nSaponina (m\u00edn.) 7 mg\/kg<br \/>\nBacillus 1\u00d710 9 UFC \/ kg<br \/>\nUmidade (m\u00e1x.) 120 g\/kg (12%),<br \/>\nSulfato de Condroitina 700 mg\/kg<br \/>\nSulfato de Glucosamina 900 mg\/kg<br \/>\nS\u00f3dio (m\u00edn.) 2.500 mg\/kg<\/p>\n","protected":false},"excerpt":{"rendered":"<p>N\u00cdVEIS DE GARANTIA: Prote\u00edna Bruta (m\u00edn.) 260 g\/kg (26%) Extrato Et\u00e9reo (m\u00edn.) 120 g\/kg (12%) \u00c1cido Linol\u00eanico (m\u00edn.) 2000 mg\/kg \u00c1cido Linoleico (m\u00edn.) 16 g\/kg (1,6%), C\u00e1lcio (m\u00edn.) 13 g\/kg (1,3%) C\u00e1lcio (m\u00e1x.) 23 g\/kg (2,3%) F\u00f3sforo (m\u00edn.) 8000 mg\/kg Mat\u00e9ria Fibrosa (m\u00e1x.) 35 g\/kg (3,5%) Mat\u00e9ria Mineral (m\u00e1x.) 100 g\/kg (10%) Saponina (m\u00edn.) 7 [&hellip;]<\/p>\n","protected":false},"featured_media":1095,"template":"","meta":{"_monsterinsights_skip_tracking":false,"_monsterinsights_sitenote_active":false,"_monsterinsights_sitenote_note":"","_monsterinsights_sitenote_category":0},"product_brand":[],"product_cat":[89,85],"product_tag":[90,88,100,87],"class_list":{"0":"post-1094","1":"product","2":"type-product","3":"status-publish","4":"has-post-thumbnail","6":"product_cat-caes","7":"product_cat-racao","8":"product_tag-caes","9":"product_tag-pian","10":"product_tag-priorita","11":"product_tag-racao","12":"product_shipping_class-north-america","14":"first","15":"instock","16":"shipping-taxable","17":"product-type-simple"},"aioseo_notices":[],"_links":{"self":[{"href":"https:\/\/sopassaros.com.br\/index.php\/wp-json\/wp\/v2\/product\/1094","targetHints":{"allow":["GET"]}}],"collection":[{"href":"https:\/\/sopassaros.com.br\/index.php\/wp-json\/wp\/v2\/product"}],"about":[{"href":"https:\/\/sopassaros.com.br\/index.php\/wp-json\/wp\/v2\/types\/product"}],"wp:featuredmedia":[{"embeddable":true,"href":"https:\/\/sopassaros.com.br\/index.php\/wp-json\/wp\/v2\/media\/1095"}],"wp:attachment":[{"href":"https:\/\/sopassaros.com.br\/index.php\/wp-json\/wp\/v2\/media?parent=1094"}],"wp:term":[{"taxonomy":"product_brand","embeddable":true,"href":"https:\/\/sopassaros.com.br\/index.php\/wp-json\/wp\/v2\/product_brand?post=1094"},{"taxonomy":"product_cat","embeddable":true,"href":"https:\/\/sopassaros.com.br\/index.php\/wp-json\/wp\/v2\/product_cat?post=1094"},{"taxonomy":"product_tag","embeddable":true,"href":"https:\/\/sopassaros.com.br\/index.php\/wp-json\/wp\/v2\/product_tag?post=1094"}],"curies":[{"name":"wp","href":"https:\/\/api.w.org\/{rel}","templated":true}]}}