{"id":1106,"date":"2019-02-28T10:21:17","date_gmt":"2019-02-28T13:21:17","guid":{"rendered":"http:\/\/sopassaros.com.br\/?post_type=product&#038;p=1106"},"modified":"2019-02-28T10:22:18","modified_gmt":"2019-02-28T13:22:18","slug":"zecat","status":"publish","type":"product","link":"https:\/\/sopassaros.com.br\/index.php\/product\/zecat\/","title":{"rendered":"Z\u00c9CAT"},"content":{"rendered":"<p>N\u00edveis de Garantia<\/p>\n<p>    Prote\u00edna Bruta (m\u00edn.) 280g\/kg (28%)<br \/>\n    Extrato Et\u00e9reo (m\u00edn.) 80g\/kg (8%)<br \/>\n    C\u00e1lcio (m\u00e1x.) 16g\/kg (1,6%)<br \/>\n    C\u00e1lcio (m\u00edn.) 10g\/kg (1%)<br \/>\n    F\u00f3sforo (m\u00edn.) 800mg\/kg (0,8%)<br \/>\n    S\u00f3dio 2.800mg\/kg (0,28%)<br \/>\n    Mat\u00e9ria Fibrosa (m\u00e1x.) 40g\/kg (4%)<br \/>\n    Mat\u00e9ria Mineral (m\u00e1x.) 90g\/kg (9%)<br \/>\n    \u00c1cido Linol\u00eanico (\u00d4mega 3) (m\u00edn.) 2000mg\/kg (2%)<br \/>\n    \u00c1cido Linoleico (\u00d4mega 6) (m\u00edn.) 10g\/kg (1%)<br \/>\n    Saponina 7mg\/kg, Umidade (m\u00e1x.) 120g\/kg (12%).<\/p>\n","protected":false},"excerpt":{"rendered":"<p>N\u00edveis de Garantia Prote\u00edna Bruta (m\u00edn.) 280g\/kg (28%) Extrato Et\u00e9reo (m\u00edn.) 80g\/kg (8%) C\u00e1lcio (m\u00e1x.) 16g\/kg (1,6%) C\u00e1lcio (m\u00edn.) 10g\/kg (1%) F\u00f3sforo (m\u00edn.) 800mg\/kg (0,8%) S\u00f3dio 2.800mg\/kg (0,28%) Mat\u00e9ria Fibrosa (m\u00e1x.) 40g\/kg (4%) Mat\u00e9ria Mineral (m\u00e1x.) 90g\/kg (9%) \u00c1cido Linol\u00eanico (\u00d4mega 3) (m\u00edn.) 2000mg\/kg (2%) \u00c1cido Linoleico (\u00d4mega 6) (m\u00edn.) 10g\/kg (1%) Saponina 7mg\/kg, Umidade [&hellip;]<\/p>\n","protected":false},"featured_media":1107,"template":"","meta":{"_monsterinsights_skip_tracking":false,"_monsterinsights_sitenote_active":false,"_monsterinsights_sitenote_note":"","_monsterinsights_sitenote_category":0},"product_brand":[],"product_cat":[84,85],"product_tag":[86,88,87,105],"class_list":{"0":"post-1106","1":"product","2":"type-product","3":"status-publish","4":"has-post-thumbnail","6":"product_cat-gatos","7":"product_cat-racao","8":"product_tag-gatos","9":"product_tag-pian","10":"product_tag-racao","11":"product_tag-zecat","13":"first","14":"instock","15":"shipping-taxable","16":"product-type-simple"},"aioseo_notices":[],"_links":{"self":[{"href":"https:\/\/sopassaros.com.br\/index.php\/wp-json\/wp\/v2\/product\/1106","targetHints":{"allow":["GET"]}}],"collection":[{"href":"https:\/\/sopassaros.com.br\/index.php\/wp-json\/wp\/v2\/product"}],"about":[{"href":"https:\/\/sopassaros.com.br\/index.php\/wp-json\/wp\/v2\/types\/product"}],"wp:featuredmedia":[{"embeddable":true,"href":"https:\/\/sopassaros.com.br\/index.php\/wp-json\/wp\/v2\/media\/1107"}],"wp:attachment":[{"href":"https:\/\/sopassaros.com.br\/index.php\/wp-json\/wp\/v2\/media?parent=1106"}],"wp:term":[{"taxonomy":"product_brand","embeddable":true,"href":"https:\/\/sopassaros.com.br\/index.php\/wp-json\/wp\/v2\/product_brand?post=1106"},{"taxonomy":"product_cat","embeddable":true,"href":"https:\/\/sopassaros.com.br\/index.php\/wp-json\/wp\/v2\/product_cat?post=1106"},{"taxonomy":"product_tag","embeddable":true,"href":"https:\/\/sopassaros.com.br\/index.php\/wp-json\/wp\/v2\/product_tag?post=1106"}],"curies":[{"name":"wp","href":"https:\/\/api.w.org\/{rel}","templated":true}]}}