{"id":1122,"date":"2019-02-28T10:54:17","date_gmt":"2019-02-28T13:54:17","guid":{"rendered":"http:\/\/sopassaros.com.br\/?post_type=product&#038;p=1122"},"modified":"2019-02-28T10:54:17","modified_gmt":"2019-02-28T13:54:17","slug":"mikdog-nuggets","status":"publish","type":"product","link":"https:\/\/sopassaros.com.br\/index.php\/product\/mikdog-nuggets\/","title":{"rendered":"MIKDOG NUGGETS"},"content":{"rendered":"<p>N\u00cdVEIS DE GARANTIA:<br \/>\nProte\u00edna Bruta (m\u00edn.) 220 g\/kg (22%)<br \/>\nExtrato Et\u00e9reo (m\u00edn.) 120 g\/kg (12%)<br \/>\nC\u00e1lcio (m\u00e1x.) 23 g\/kg (2,3%)<br \/>\nC\u00e1lcio (m\u00edn.) 10 g\/kg (1%)<br \/>\nF\u00f3sforo (m\u00edn.) 8000 mg\/kg<br \/>\nMat\u00e9ria Fibrosa (m\u00e1x.) 50 g\/kg (5%)<br \/>\nMat\u00e9ria Mineral (m\u00e1x.) 120 g\/kg (12%)<br \/>\n\u00c1cido Linol\u00eanico (m\u00edn.) 2000 mg\/kg<br \/>\n\u00c1cido Linoleico (m\u00edn.) 10 g\/kg (1%)<br \/>\nSaponina 7mg\/kg<br \/>\nUmidade (m\u00e1x.) 120 g\/kg (12%)<br \/>\nBacillus Subtilis 5 x 10 9 UFC<br \/>\nS\u00f3dio (m\u00edn.) 2500 mg\/kg<\/p>\n","protected":false},"excerpt":{"rendered":"<p>N\u00cdVEIS DE GARANTIA: Prote\u00edna Bruta (m\u00edn.) 220 g\/kg (22%) Extrato Et\u00e9reo (m\u00edn.) 120 g\/kg (12%) C\u00e1lcio (m\u00e1x.) 23 g\/kg (2,3%) C\u00e1lcio (m\u00edn.) 10 g\/kg (1%) F\u00f3sforo (m\u00edn.) 8000 mg\/kg Mat\u00e9ria Fibrosa (m\u00e1x.) 50 g\/kg (5%) Mat\u00e9ria Mineral (m\u00e1x.) 120 g\/kg (12%) \u00c1cido Linol\u00eanico (m\u00edn.) 2000 mg\/kg \u00c1cido Linoleico (m\u00edn.) 10 g\/kg (1%) Saponina 7mg\/kg Umidade [&hellip;]<\/p>\n","protected":false},"featured_media":1123,"template":"","meta":{"_monsterinsights_skip_tracking":false,"_monsterinsights_sitenote_active":false,"_monsterinsights_sitenote_note":"","_monsterinsights_sitenote_category":0},"product_brand":[],"product_cat":[89,85],"product_tag":[90,111,88,87],"class_list":{"0":"post-1122","1":"product","2":"type-product","3":"status-publish","4":"has-post-thumbnail","6":"product_cat-caes","7":"product_cat-racao","8":"product_tag-caes","9":"product_tag-mikdog","10":"product_tag-pian","11":"product_tag-racao","13":"first","14":"instock","15":"shipping-taxable","16":"product-type-simple"},"aioseo_notices":[],"_links":{"self":[{"href":"https:\/\/sopassaros.com.br\/index.php\/wp-json\/wp\/v2\/product\/1122","targetHints":{"allow":["GET"]}}],"collection":[{"href":"https:\/\/sopassaros.com.br\/index.php\/wp-json\/wp\/v2\/product"}],"about":[{"href":"https:\/\/sopassaros.com.br\/index.php\/wp-json\/wp\/v2\/types\/product"}],"wp:featuredmedia":[{"embeddable":true,"href":"https:\/\/sopassaros.com.br\/index.php\/wp-json\/wp\/v2\/media\/1123"}],"wp:attachment":[{"href":"https:\/\/sopassaros.com.br\/index.php\/wp-json\/wp\/v2\/media?parent=1122"}],"wp:term":[{"taxonomy":"product_brand","embeddable":true,"href":"https:\/\/sopassaros.com.br\/index.php\/wp-json\/wp\/v2\/product_brand?post=1122"},{"taxonomy":"product_cat","embeddable":true,"href":"https:\/\/sopassaros.com.br\/index.php\/wp-json\/wp\/v2\/product_cat?post=1122"},{"taxonomy":"product_tag","embeddable":true,"href":"https:\/\/sopassaros.com.br\/index.php\/wp-json\/wp\/v2\/product_tag?post=1122"}],"curies":[{"name":"wp","href":"https:\/\/api.w.org\/{rel}","templated":true}]}}