{"id":1154,"date":"2019-02-28T15:46:33","date_gmt":"2019-02-28T18:46:33","guid":{"rendered":"http:\/\/sopassaros.com.br\/?post_type=product&#038;p=1154"},"modified":"2019-02-28T15:46:58","modified_gmt":"2019-02-28T18:46:58","slug":"prioirita-super-premium-racas-pequenas","status":"publish","type":"product","link":"https:\/\/sopassaros.com.br\/index.php\/product\/prioirita-super-premium-racas-pequenas\/","title":{"rendered":"PRIORIT\u00c0 SUPER PREMIUM MINI ADULTO"},"content":{"rendered":"<p>    Descri\u00e7\u00e3o Geral<\/p>\n<p>Ajustada em tamanho e n\u00edveis de garantia, PRIORIT\u00c0 RA\u00c7AS PEQUENAS \u00e9 uma combina\u00e7\u00e3o de nutrientes, perfeitamente direcionada a c\u00e3es de pequeno porte.<\/p>\n<p>Devido ao seu metabolismo acelerado e necessidades espec\u00edficas o alimento tem uma combina\u00e7\u00e3o diferenciada, garantindo o necess\u00e1rio para o total desenvolvimento do seu c\u00e3ozinho.<\/p>\n<p>Com todos os diferenciais da linha, PRIORIT\u00c0 RA\u00c7AS PEQUENAS \u00e9 uma excelente alternativa para alimentar seu c\u00e3o de forma saud\u00e1vel.<br \/>\nLINHA PRIORIT\u00c0<\/p>\n<p>PRIORIT\u00c0 \u00e9 uma linha de alimento SUPER PREMIUM para c\u00e3es de todas as ra\u00e7as e em diferentes idades.<\/p>\n<p>Produzida com a melhor combina\u00e7\u00e3o de mat\u00e9ria prima da PIAN Alimentos, Priorit\u00e0 tem alt\u00edssimos \u00edndices de digestibilidade e alto valor biol\u00f3gico. Assim o animal \u00e9 nutrido de forma excelente com baixas quantidades de alimento. Al\u00e9m de todos os benef\u00edcios nutricionais dos altos \u00edndices de nutrientes, a linha PRIORIT\u00c0 tem em sua formula\u00e7\u00f5es grandes diferenciais, incluindo os \u00f4megas 3 e 6, extrato de Yucca schidigera, minerais org\u00e2nicos e probi\u00f3ticos, o produto para c\u00e3es adultos (exclusivamente para a linha adulta) conta com HEXAMETAFOSFATO, para reduzir a forma\u00e7\u00e3o de t\u00e1rtaro e conferir sa\u00fade bucal al\u00e9m de GLUCOSAMINA E CONDROITINA, em doses ajustadas para reduzir os desgastes articulares e doen\u00e7as como artrites e artrose.<\/p>\n<p>Para os adultos e filhotes, incluem-se tamb\u00e9m MOS, FOS, mananoligossacar\u00eddeos e fruto-oligossacar\u00eddeos, com a fun\u00e7\u00e3o de melhorar a condi\u00e7\u00e3o intestinal aumentando a efici\u00eancia digestiva do seu animal ao m\u00e1ximo. Este produto \u00e9 denominado SIMBIOTIC PET FOOD uma vez que seu uso favorece os micro-organismos que vivem simbiose no intestino.<\/p>\n<p>Priorit\u00e0 \u00e9 produzida em moderna linha de processamento e a partir de rigorosas pr\u00e1ticas e controle de fabrica\u00e7\u00e3o em laborat\u00f3rio pr\u00f3prio.<\/p>\n","protected":false},"excerpt":{"rendered":"<p>Descri\u00e7\u00e3o Geral Ajustada em tamanho e n\u00edveis de garantia, PRIORIT\u00c0 RA\u00c7AS PEQUENAS \u00e9 uma combina\u00e7\u00e3o de nutrientes, perfeitamente direcionada a c\u00e3es de pequeno porte. Devido ao seu metabolismo acelerado e necessidades espec\u00edficas o alimento tem uma combina\u00e7\u00e3o diferenciada, garantindo o necess\u00e1rio para o total desenvolvimento do seu c\u00e3ozinho. Com todos os diferenciais da linha, PRIORIT\u00c0 [&hellip;]<\/p>\n","protected":false},"featured_media":1155,"template":"","meta":{"_monsterinsights_skip_tracking":false,"_monsterinsights_sitenote_active":false,"_monsterinsights_sitenote_note":"","_monsterinsights_sitenote_category":0},"product_brand":[],"product_cat":[89,85],"product_tag":[90,111,88,87],"class_list":{"0":"post-1154","1":"product","2":"type-product","3":"status-publish","4":"has-post-thumbnail","6":"product_cat-caes","7":"product_cat-racao","8":"product_tag-caes","9":"product_tag-mikdog","10":"product_tag-pian","11":"product_tag-racao","13":"first","14":"instock","15":"shipping-taxable","16":"product-type-simple"},"aioseo_notices":[],"_links":{"self":[{"href":"https:\/\/sopassaros.com.br\/index.php\/wp-json\/wp\/v2\/product\/1154","targetHints":{"allow":["GET"]}}],"collection":[{"href":"https:\/\/sopassaros.com.br\/index.php\/wp-json\/wp\/v2\/product"}],"about":[{"href":"https:\/\/sopassaros.com.br\/index.php\/wp-json\/wp\/v2\/types\/product"}],"wp:featuredmedia":[{"embeddable":true,"href":"https:\/\/sopassaros.com.br\/index.php\/wp-json\/wp\/v2\/media\/1155"}],"wp:attachment":[{"href":"https:\/\/sopassaros.com.br\/index.php\/wp-json\/wp\/v2\/media?parent=1154"}],"wp:term":[{"taxonomy":"product_brand","embeddable":true,"href":"https:\/\/sopassaros.com.br\/index.php\/wp-json\/wp\/v2\/product_brand?post=1154"},{"taxonomy":"product_cat","embeddable":true,"href":"https:\/\/sopassaros.com.br\/index.php\/wp-json\/wp\/v2\/product_cat?post=1154"},{"taxonomy":"product_tag","embeddable":true,"href":"https:\/\/sopassaros.com.br\/index.php\/wp-json\/wp\/v2\/product_tag?post=1154"}],"curies":[{"name":"wp","href":"https:\/\/api.w.org\/{rel}","templated":true}]}}