{"id":1162,"date":"2019-02-28T16:09:54","date_gmt":"2019-02-28T19:09:54","guid":{"rendered":"http:\/\/sopassaros.com.br\/?post_type=product&#038;p=1162"},"modified":"2019-02-28T16:26:11","modified_gmt":"2019-02-28T19:26:11","slug":"avesil-canto","status":"publish","type":"product","link":"https:\/\/sopassaros.com.br\/index.php\/product\/avesil-canto\/","title":{"rendered":"AVESIL CANTO"},"content":{"rendered":"<p>AVESIL CANTO<\/p>\n<p>Suplemento vitam\u00ednico atrativo para p\u00e1ssaros (extrato de pimenta), com efeito estimulante (extrato de guaran\u00e1) aumentando a vitalidade das aves.<\/p>\n<p>INDICA\u00c7\u00d5ES <\/p>\n<p>AVESIL CANTO \u00e9 indicado como suplemento contendo Vitaminas A, D.e E, para aves de canto. Possui em sua f\u00f3rmula o Extrato de Guaran\u00e1 que age como estimulante e possui propriedades energ\u00e9ticas e o Extrato de Pimenta que al\u00e9m de ser um atrativo para os p\u00e1ssaros otimiza seu metabolismo aumentando a viabilidade das aves. A Sacarose presente no produto atua como fonte de energia e vitalidade.<\/p>\n<p>F\u00d3RMULA<\/p>\n<p>N\u00cdVEIS DE GARANTIA POR kg DE PRODUTO:<br \/>\nVitamina A (m\u00edn) 1.300.000 UI\/kg<br \/>\nVitamina E (m\u00edn) 9000 UI\/kg<br \/>\nVitamina D 3 (m\u00edn) 160.000 UI\/kg<br \/>\nSacarose (m\u00edn) 30 g\/kg<br \/>\nExtrato de Guaran\u00e1 (m\u00edn) 30 g\/kg<br \/>\nExtrato de Pimenta (m\u00edn) 200 mg\/kg<br \/>\nSacarina S\u00f3dica (m\u00edn.) 1.000 mg\/kg<\/p>\n<p>VIA DE ADMINISTRA\u00c7\u00c3O E MODO DE USAR:<\/p>\n<p>Deve ser administrado por via oral, dilu\u00eddo na \u00e1gua de bebida ou misturado no alimento. Na \u00e1gua adicionar 10 gotas em um bebedouro de 50 mL. Trocar a \u00e1gua diariamente.<\/p>\n<p>No alimento adicionar 10 gotas para cada 50 g de alimento.<\/p>\n<p>Administrar por no m\u00ednimo 30 dias.<\/p>\n<p>APRESENTA\u00c7\u00c3O:<\/p>\n<p>Frasco com 30 ml.<\/p>\n","protected":false},"excerpt":{"rendered":"<p>AVESIL CANTO Suplemento vitam\u00ednico atrativo para p\u00e1ssaros (extrato de pimenta), com efeito estimulante (extrato de guaran\u00e1) aumentando a vitalidade das aves. INDICA\u00c7\u00d5ES AVESIL CANTO \u00e9 indicado como suplemento contendo Vitaminas A, D.e E, para aves de canto. Possui em sua f\u00f3rmula o Extrato de Guaran\u00e1 que age como estimulante e possui propriedades energ\u00e9ticas e o [&hellip;]<\/p>\n","protected":false},"featured_media":1163,"template":"","meta":{"_monsterinsights_skip_tracking":false,"_monsterinsights_sitenote_active":false,"_monsterinsights_sitenote_note":"","_monsterinsights_sitenote_category":0},"product_brand":[],"product_cat":[123,127,129,122],"product_tag":[121,124,125,126,128,130,120],"class_list":{"0":"post-1162","1":"product","2":"type-product","3":"status-publish","4":"has-post-thumbnail","6":"product_cat-medicamento","7":"product_cat-medicamentos","8":"product_cat-passaros","9":"product_cat-suplemento-vitaminico","10":"product_tag-aves","11":"product_tag-calbos","12":"product_tag-laboratorio-box-do-brasil","13":"product_tag-medicamento","14":"product_tag-medicamentos","15":"product_tag-passaros","16":"product_tag-suplemento-vitaminico","18":"first","19":"instock","20":"shipping-taxable","21":"product-type-simple"},"aioseo_notices":[],"_links":{"self":[{"href":"https:\/\/sopassaros.com.br\/index.php\/wp-json\/wp\/v2\/product\/1162","targetHints":{"allow":["GET"]}}],"collection":[{"href":"https:\/\/sopassaros.com.br\/index.php\/wp-json\/wp\/v2\/product"}],"about":[{"href":"https:\/\/sopassaros.com.br\/index.php\/wp-json\/wp\/v2\/types\/product"}],"wp:featuredmedia":[{"embeddable":true,"href":"https:\/\/sopassaros.com.br\/index.php\/wp-json\/wp\/v2\/media\/1163"}],"wp:attachment":[{"href":"https:\/\/sopassaros.com.br\/index.php\/wp-json\/wp\/v2\/media?parent=1162"}],"wp:term":[{"taxonomy":"product_brand","embeddable":true,"href":"https:\/\/sopassaros.com.br\/index.php\/wp-json\/wp\/v2\/product_brand?post=1162"},{"taxonomy":"product_cat","embeddable":true,"href":"https:\/\/sopassaros.com.br\/index.php\/wp-json\/wp\/v2\/product_cat?post=1162"},{"taxonomy":"product_tag","embeddable":true,"href":"https:\/\/sopassaros.com.br\/index.php\/wp-json\/wp\/v2\/product_tag?post=1162"}],"curies":[{"name":"wp","href":"https:\/\/api.w.org\/{rel}","templated":true}]}}