{"id":1174,"date":"2019-02-28T17:12:31","date_gmt":"2019-02-28T20:12:31","guid":{"rendered":"http:\/\/sopassaros.com.br\/?post_type=product&#038;p=1174"},"modified":"2019-02-28T17:13:43","modified_gmt":"2019-02-28T20:13:43","slug":"avesil-ferro","status":"publish","type":"product","link":"https:\/\/sopassaros.com.br\/index.php\/product\/avesil-ferro\/","title":{"rendered":"AVESIL FERRO"},"content":{"rendered":"<p>AVESIL FERRO<\/p>\n<p>    Melhora a resist\u00eancia;<br \/>\n    Recupera animais an\u00eamicos e convalescentes;<br \/>\n    For\u00e7a e vitabilidade.<\/p>\n<p>INDICA\u00c7\u00d5ES<br \/>\nAVESIL FERRO \u00e9 um suplemento que cont\u00e9m vitaminas e minerais indispens\u00e1veis ao metabolismo e \u00e0 forma\u00e7\u00e3o dos gl\u00f3bulos vermelhos (hem\u00e1cias), favorecendo o processo da hematopoiese. AVESIL FERRO suplementa os nutrientes que favorecem a recupera\u00e7\u00e3o de animais an\u00eamicos e convalescentes, ou que estejam em postura ou em per\u00edodos de muda.<\/p>\n<p>MODO DE USAR<\/p>\n<p>Administrar por via oral, diluido na \u00e1gua de beber. Aves menores: 3 a 5 gotas no bebedouro (40 ml). Aves maiores: 8 a 10 gotas no bebedouro (40 ml).<\/p>\n<p>F\u00d3RMULA<br \/>\nN\u00cdVEIS DE GARANTIA POR Kg DO PRODUTO:<br \/>\nVitamina B1: (M\u00edn.) 5.000 mg\/kg<br \/>\nPantotenato de C\u00e1lcio: (M\u00edn.) 2.000 mg\/kg<br \/>\n\u00c1cido F\u00f3lico: (M\u00edn.) 200 mg\/kg<br \/>\nFerro: (M\u00edn.) 5.000 mg\/kg<br \/>\nNicotinamida: (M\u00edn.) 8.000 mg\/kg<br \/>\nVitamina D3: (M\u00edn.) 5.000 UI\/Kg<br \/>\nVitamina B6: (M\u00edn.) 2.000 mg\/kg<br \/>\nVitamina K3 (M\u00edn.) 500 mg\/kg<br \/>\nVitamina A: (M\u00edn.) 1.200 UI\/kg<br \/>\nVitamina E: (M\u00edn.) 5.000 UI\/kg<br \/>\nCobre: (M\u00edn.) 700 mg\/kg<\/p>\n<p>Modo de conserva\u00e7\u00e3o:<br \/>\nConservar em local seco, fresco e ao abrigo da luz solar.<\/p>\n<p>APRESENTA\u00c7\u00c3O<\/p>\n<p>Frasco com 300 mL.<\/p>\n","protected":false},"excerpt":{"rendered":"<p>AVESIL FERRO Melhora a resist\u00eancia; Recupera animais an\u00eamicos e convalescentes; For\u00e7a e vitabilidade. INDICA\u00c7\u00d5ES AVESIL FERRO \u00e9 um suplemento que cont\u00e9m vitaminas e minerais indispens\u00e1veis ao metabolismo e \u00e0 forma\u00e7\u00e3o dos gl\u00f3bulos vermelhos (hem\u00e1cias), favorecendo o processo da hematopoiese. AVESIL FERRO suplementa os nutrientes que favorecem a recupera\u00e7\u00e3o de animais an\u00eamicos e convalescentes, ou que [&hellip;]<\/p>\n","protected":false},"featured_media":1176,"template":"","meta":{"_monsterinsights_skip_tracking":false,"_monsterinsights_sitenote_active":false,"_monsterinsights_sitenote_note":"","_monsterinsights_sitenote_category":0},"product_brand":[],"product_cat":[123,127,129,122],"product_tag":[121,124,125,126,128,130,120],"class_list":{"0":"post-1174","1":"product","2":"type-product","3":"status-publish","4":"has-post-thumbnail","6":"product_cat-medicamento","7":"product_cat-medicamentos","8":"product_cat-passaros","9":"product_cat-suplemento-vitaminico","10":"product_tag-aves","11":"product_tag-calbos","12":"product_tag-laboratorio-box-do-brasil","13":"product_tag-medicamento","14":"product_tag-medicamentos","15":"product_tag-passaros","16":"product_tag-suplemento-vitaminico","18":"first","19":"instock","20":"shipping-taxable","21":"product-type-simple"},"aioseo_notices":[],"_links":{"self":[{"href":"https:\/\/sopassaros.com.br\/index.php\/wp-json\/wp\/v2\/product\/1174","targetHints":{"allow":["GET"]}}],"collection":[{"href":"https:\/\/sopassaros.com.br\/index.php\/wp-json\/wp\/v2\/product"}],"about":[{"href":"https:\/\/sopassaros.com.br\/index.php\/wp-json\/wp\/v2\/types\/product"}],"wp:featuredmedia":[{"embeddable":true,"href":"https:\/\/sopassaros.com.br\/index.php\/wp-json\/wp\/v2\/media\/1176"}],"wp:attachment":[{"href":"https:\/\/sopassaros.com.br\/index.php\/wp-json\/wp\/v2\/media?parent=1174"}],"wp:term":[{"taxonomy":"product_brand","embeddable":true,"href":"https:\/\/sopassaros.com.br\/index.php\/wp-json\/wp\/v2\/product_brand?post=1174"},{"taxonomy":"product_cat","embeddable":true,"href":"https:\/\/sopassaros.com.br\/index.php\/wp-json\/wp\/v2\/product_cat?post=1174"},{"taxonomy":"product_tag","embeddable":true,"href":"https:\/\/sopassaros.com.br\/index.php\/wp-json\/wp\/v2\/product_tag?post=1174"}],"curies":[{"name":"wp","href":"https:\/\/api.w.org\/{rel}","templated":true}]}}