{"id":1177,"date":"2019-02-28T17:16:50","date_gmt":"2019-02-28T20:16:50","guid":{"rendered":"http:\/\/sopassaros.com.br\/?post_type=product&#038;p=1177"},"modified":"2019-02-28T17:18:21","modified_gmt":"2019-02-28T20:18:21","slug":"avesil-muda","status":"publish","type":"product","link":"https:\/\/sopassaros.com.br\/index.php\/product\/avesil-muda\/","title":{"rendered":"AVESIL MUDA"},"content":{"rendered":"<p>AVESIL MUDA<\/p>\n<p>    Importante na \u00e9poca da troca da plumagem;<br \/>\n    Fortalece unhas, penas e bicos;<br \/>\n    Cont\u00e9m vitaminas A, D e E + complexo B.<\/p>\n<p>INDICA\u00c7\u00c3O<\/p>\n<p>Avesil Muda \u00e9 indicado como suplemento contendo Vitaminas A, D e E, vitaminas do Complexo B e amino\u00e1cidos para aves na \u00e9poca de plumagem. Fornece nutrientes para o fortalecimento das unhas, penas e bico das aves.<\/p>\n<p> MODO DE USAR:<\/p>\n<p>Deve ser administrado por via oral, dilu\u00eddo na \u00e1gua de bebida ou misturado no alimento. Na \u00e1gua, adicionar 20 gotas em um bebedouro de 100 mL. Trocar a \u00e1gua diariamente.<\/p>\n<p>No alimento, adicionar 20 gotas para cada 100 g de alimento.<\/p>\n<p>Administrar por, no m\u00ednimo, 30 dias durante o processo de muda. Pode ser usado no per\u00edodo que antecede e ap\u00f3s a muda.<\/p>\n<p>F\u00d3RMULA<\/p>\n<p>N\u00edvel de garantia por kg do produto:<br \/>\nC\u00e1lcio (m\u00edn) 1003 mg\/kg<br \/>\nC\u00e1lcio (m\u00e1x) 1009 mg\/kg<br \/>\nVitamina A 600.000 UI\/kg<br \/>\nVitamina E 1000 UI\/kg<br \/>\nVitamina D 3300.000 UI\/kg<br \/>\nVitamina B1 5000 mg\/kg<br \/>\nVitamina B6 2000 mg\/kg<br \/>\nVitamina B12 300 mcg\/kg<br \/>\nBiotina 133 mg\/kg<br \/>\nIodo 150 mg\/kg<br \/>\nPantotenato de C\u00e1lcio 1000 mg\/kg<br \/>\nNicotinamida 2000 mg\/kg<br \/>\nMetionina 2250 mg\/kg<br \/>\nColina 4000 mg\/kg<br \/>\nCorante Vermelho 30 mg\/kg<\/p>\n<p>APRESENTA\u00c7\u00c3O:<\/p>\n<p>Frasco com 30 ml.<\/p>\n","protected":false},"excerpt":{"rendered":"<p>AVESIL MUDA Importante na \u00e9poca da troca da plumagem; Fortalece unhas, penas e bicos; Cont\u00e9m vitaminas A, D e E + complexo B. INDICA\u00c7\u00c3O Avesil Muda \u00e9 indicado como suplemento contendo Vitaminas A, D e E, vitaminas do Complexo B e amino\u00e1cidos para aves na \u00e9poca de plumagem. Fornece nutrientes para o fortalecimento das unhas, [&hellip;]<\/p>\n","protected":false},"featured_media":1178,"template":"","meta":{"_monsterinsights_skip_tracking":false,"_monsterinsights_sitenote_active":false,"_monsterinsights_sitenote_note":"","_monsterinsights_sitenote_category":0},"product_brand":[],"product_cat":[123,127,129,122],"product_tag":[121,124,125,126,128,130,120],"class_list":{"0":"post-1177","1":"product","2":"type-product","3":"status-publish","4":"has-post-thumbnail","6":"product_cat-medicamento","7":"product_cat-medicamentos","8":"product_cat-passaros","9":"product_cat-suplemento-vitaminico","10":"product_tag-aves","11":"product_tag-calbos","12":"product_tag-laboratorio-box-do-brasil","13":"product_tag-medicamento","14":"product_tag-medicamentos","15":"product_tag-passaros","16":"product_tag-suplemento-vitaminico","18":"first","19":"instock","20":"shipping-taxable","21":"product-type-simple"},"aioseo_notices":[],"_links":{"self":[{"href":"https:\/\/sopassaros.com.br\/index.php\/wp-json\/wp\/v2\/product\/1177","targetHints":{"allow":["GET"]}}],"collection":[{"href":"https:\/\/sopassaros.com.br\/index.php\/wp-json\/wp\/v2\/product"}],"about":[{"href":"https:\/\/sopassaros.com.br\/index.php\/wp-json\/wp\/v2\/types\/product"}],"wp:featuredmedia":[{"embeddable":true,"href":"https:\/\/sopassaros.com.br\/index.php\/wp-json\/wp\/v2\/media\/1178"}],"wp:attachment":[{"href":"https:\/\/sopassaros.com.br\/index.php\/wp-json\/wp\/v2\/media?parent=1177"}],"wp:term":[{"taxonomy":"product_brand","embeddable":true,"href":"https:\/\/sopassaros.com.br\/index.php\/wp-json\/wp\/v2\/product_brand?post=1177"},{"taxonomy":"product_cat","embeddable":true,"href":"https:\/\/sopassaros.com.br\/index.php\/wp-json\/wp\/v2\/product_cat?post=1177"},{"taxonomy":"product_tag","embeddable":true,"href":"https:\/\/sopassaros.com.br\/index.php\/wp-json\/wp\/v2\/product_tag?post=1177"}],"curies":[{"name":"wp","href":"https:\/\/api.w.org\/{rel}","templated":true}]}}