{"id":1179,"date":"2019-02-28T17:28:43","date_gmt":"2019-02-28T20:28:43","guid":{"rendered":"http:\/\/sopassaros.com.br\/?post_type=product&#038;p=1179"},"modified":"2024-03-20T07:10:35","modified_gmt":"2024-03-20T10:10:35","slug":"avesil-calcio","status":"publish","type":"product","link":"https:\/\/sopassaros.com.br\/index.php\/product\/avesil-calcio\/","title":{"rendered":"AVESIL C\u00c1LCIO"},"content":{"rendered":"<p>AVESIL C\u00c1LCIO<\/p>\n<p>    Fortalece os ossos, bicos, unhas e ovos;<br \/>\n    Indicado nas fases de crescimento e postura;<br \/>\n    Melhora a plumagem.<\/p>\n<p>INDICA\u00c7\u00d5ES<br \/>\nAVESIL C\u00c1LCIO \u00e9 indicado para p\u00e1ssaros e aves ornamentais como suplemento contendo C\u00e1lcio, Magn\u00e9sio, Vitamina A , Vitamina D e Vitamina B12. Promove o fortalecimento de ossos, bicos, unhas e ovos de p\u00e1ssaros. Seu uso \u00e9 recomendado nas fases de crescimento, postura, cruzamento e muda de plumagem.<\/p>\n<p>MODO DE USAR:<br \/>\nDeve ser administrado por via oral, dilu\u00eddo na \u00e1gua de bebida. Adicionar 20 gotas em um bebedouro de 50 mL. Trocar a \u00e1gua diariamente. Em bebedouros maiores adicionar 20 mL do produto para cada 1 litro de \u00e1gua e deixar a disposi\u00e7\u00e3o dos animais, trocando a \u00e1gua diariamente.<\/p>\n<p>CONTRA INDICA\u00c7\u00d5ES:<br \/>\nN\u00e3o apresenta.<\/p>\n<p>F\u00d3RMULA<\/p>\n<p>N\u00edveis de garantia por kg do produto:<br \/>\nC\u00e1lcio (M\u00edn.) 5.865 mg\/kg<br \/>\nC\u00e1lcio (M\u00e1x.) 7.168 mg\/kg<br \/>\nMagn\u00e9sio (M\u00edn.) 2.000 mg\/kg<br \/>\nVitamina A (M\u00edn.) 125.000 UI\/kg<br \/>\nVitamina B12 (M\u00edn.) 2.000 mcg\/kg<br \/>\nVitamina D3 (M\u00edn.) 800.000 UI\/kg<\/p>\n<p>Apresenta\u00e7\u00e3o: <\/p>\n<p>Frasco com 30 mL.<\/p>\n","protected":false},"excerpt":{"rendered":"<p>AVESIL C\u00c1LCIO Fortalece os ossos, bicos, unhas e ovos; Indicado nas fases de crescimento e postura; Melhora a plumagem. INDICA\u00c7\u00d5ES AVESIL C\u00c1LCIO \u00e9 indicado para p\u00e1ssaros e aves ornamentais como suplemento contendo C\u00e1lcio, Magn\u00e9sio, Vitamina A , Vitamina D e Vitamina B12. Promove o fortalecimento de ossos, bicos, unhas e ovos de p\u00e1ssaros. Seu uso [&hellip;]<\/p>\n","protected":false},"featured_media":1180,"template":"","meta":{"_monsterinsights_skip_tracking":false,"_monsterinsights_sitenote_active":false,"_monsterinsights_sitenote_note":"","_monsterinsights_sitenote_category":0},"product_brand":[],"product_cat":[123,127,129,122],"product_tag":[121,124,125,126,128,130,120],"class_list":{"0":"post-1179","1":"product","2":"type-product","3":"status-publish","4":"has-post-thumbnail","6":"product_cat-medicamento","7":"product_cat-medicamentos","8":"product_cat-passaros","9":"product_cat-suplemento-vitaminico","10":"product_tag-aves","11":"product_tag-calbos","12":"product_tag-laboratorio-box-do-brasil","13":"product_tag-medicamento","14":"product_tag-medicamentos","15":"product_tag-passaros","16":"product_tag-suplemento-vitaminico","18":"first","19":"instock","20":"shipping-taxable","21":"product-type-simple"},"aioseo_notices":[],"_links":{"self":[{"href":"https:\/\/sopassaros.com.br\/index.php\/wp-json\/wp\/v2\/product\/1179","targetHints":{"allow":["GET"]}}],"collection":[{"href":"https:\/\/sopassaros.com.br\/index.php\/wp-json\/wp\/v2\/product"}],"about":[{"href":"https:\/\/sopassaros.com.br\/index.php\/wp-json\/wp\/v2\/types\/product"}],"wp:featuredmedia":[{"embeddable":true,"href":"https:\/\/sopassaros.com.br\/index.php\/wp-json\/wp\/v2\/media\/1180"}],"wp:attachment":[{"href":"https:\/\/sopassaros.com.br\/index.php\/wp-json\/wp\/v2\/media?parent=1179"}],"wp:term":[{"taxonomy":"product_brand","embeddable":true,"href":"https:\/\/sopassaros.com.br\/index.php\/wp-json\/wp\/v2\/product_brand?post=1179"},{"taxonomy":"product_cat","embeddable":true,"href":"https:\/\/sopassaros.com.br\/index.php\/wp-json\/wp\/v2\/product_cat?post=1179"},{"taxonomy":"product_tag","embeddable":true,"href":"https:\/\/sopassaros.com.br\/index.php\/wp-json\/wp\/v2\/product_tag?post=1179"}],"curies":[{"name":"wp","href":"https:\/\/api.w.org\/{rel}","templated":true}]}}