{"id":1183,"date":"2019-02-28T17:38:27","date_gmt":"2019-02-28T20:38:27","guid":{"rendered":"http:\/\/sopassaros.com.br\/?post_type=product&#038;p=1183"},"modified":"2019-06-04T11:43:00","modified_gmt":"2019-06-04T14:43:00","slug":"ade-biox","status":"publish","type":"product","link":"https:\/\/sopassaros.com.br\/index.php\/product\/ade-biox\/","title":{"rendered":"ADE BIOX 1KG"},"content":{"rendered":"<p><img fetchpriority=\"high\" decoding=\"async\" class=\"alignnone size-medium wp-image-1184\" src=\"http:\/\/sopassaros.com.br\/wp-content\/uploads\/2019\/02\/ADE-BIOX-300x300.jpg\" alt=\"\" width=\"300\" height=\"300\" srcset=\"https:\/\/sopassaros.com.br\/wp-content\/uploads\/2019\/02\/ADE-BIOX-300x300.jpg 300w, https:\/\/sopassaros.com.br\/wp-content\/uploads\/2019\/02\/ADE-BIOX-100x100.jpg 100w, https:\/\/sopassaros.com.br\/wp-content\/uploads\/2019\/02\/ADE-BIOX-150x150.jpg 150w, https:\/\/sopassaros.com.br\/wp-content\/uploads\/2019\/02\/ADE-BIOX-370x370.jpg 370w, https:\/\/sopassaros.com.br\/wp-content\/uploads\/2019\/02\/ADE-BIOX-180x180.jpg 180w, https:\/\/sopassaros.com.br\/wp-content\/uploads\/2019\/02\/ADE-BIOX-360x360.jpg 360w, https:\/\/sopassaros.com.br\/wp-content\/uploads\/2019\/02\/ADE-BIOX.jpg 500w\" sizes=\"(max-width: 300px) 100vw, 300px\" \/><\/p>\n<p>ADE BIOX<\/p>\n<p>Vitamina A.D.E \u00e9 um suplemento vitam\u00ednico indicado para Equinos, Bovinos, Caprinos e Ovinos. Proporciona uma maior efic\u00e1cia alimentar na cria\u00e7\u00e3o e manuten\u00e7\u00e3o produtiva destas esp\u00e9cies.<\/p>\n","protected":false},"excerpt":{"rendered":"<p>ADE BIOX Vitamina A.D.E \u00e9 um suplemento vitam\u00ednico indicado para Equinos, Bovinos, Caprinos e Ovinos. Proporciona uma maior efic\u00e1cia alimentar na cria\u00e7\u00e3o e manuten\u00e7\u00e3o produtiva destas esp\u00e9cies.<\/p>\n","protected":false},"featured_media":1184,"template":"","meta":{"_monsterinsights_skip_tracking":false,"_monsterinsights_sitenote_active":false,"_monsterinsights_sitenote_note":"","_monsterinsights_sitenote_category":0},"product_brand":[],"product_cat":[131,123,127,122],"product_tag":[133,124,134,132,125,126,128,135,120],"class_list":{"0":"post-1183","1":"product","2":"type-product","3":"status-publish","4":"has-post-thumbnail","6":"product_cat-equinos","7":"product_cat-medicamento","8":"product_cat-medicamentos","9":"product_cat-suplemento-vitaminico","10":"product_tag-bovinos","11":"product_tag-calbos","12":"product_tag-caprinos","13":"product_tag-equinos","14":"product_tag-laboratorio-box-do-brasil","15":"product_tag-medicamento","16":"product_tag-medicamentos","17":"product_tag-ovinos","18":"product_tag-suplemento-vitaminico","20":"first","21":"instock","22":"shipping-taxable","23":"product-type-simple"},"aioseo_notices":[],"_links":{"self":[{"href":"https:\/\/sopassaros.com.br\/index.php\/wp-json\/wp\/v2\/product\/1183","targetHints":{"allow":["GET"]}}],"collection":[{"href":"https:\/\/sopassaros.com.br\/index.php\/wp-json\/wp\/v2\/product"}],"about":[{"href":"https:\/\/sopassaros.com.br\/index.php\/wp-json\/wp\/v2\/types\/product"}],"wp:featuredmedia":[{"embeddable":true,"href":"https:\/\/sopassaros.com.br\/index.php\/wp-json\/wp\/v2\/media\/1184"}],"wp:attachment":[{"href":"https:\/\/sopassaros.com.br\/index.php\/wp-json\/wp\/v2\/media?parent=1183"}],"wp:term":[{"taxonomy":"product_brand","embeddable":true,"href":"https:\/\/sopassaros.com.br\/index.php\/wp-json\/wp\/v2\/product_brand?post=1183"},{"taxonomy":"product_cat","embeddable":true,"href":"https:\/\/sopassaros.com.br\/index.php\/wp-json\/wp\/v2\/product_cat?post=1183"},{"taxonomy":"product_tag","embeddable":true,"href":"https:\/\/sopassaros.com.br\/index.php\/wp-json\/wp\/v2\/product_tag?post=1183"}],"curies":[{"name":"wp","href":"https:\/\/api.w.org\/{rel}","templated":true}]}}