{"id":1185,"date":"2019-02-28T17:57:33","date_gmt":"2019-02-28T20:57:33","guid":{"rendered":"http:\/\/sopassaros.com.br\/?post_type=product&#038;p=1185"},"modified":"2019-02-28T18:07:20","modified_gmt":"2019-02-28T21:07:20","slug":"rubralan-mix-oral","status":"publish","type":"product","link":"https:\/\/sopassaros.com.br\/index.php\/product\/rubralan-mix-oral\/","title":{"rendered":"RUBRALAN MIX ORAL"},"content":{"rendered":"<p>Antian\u00eamico, p\u00f3s cir\u00fargico e anti-hemorr\u00e1gico. <\/p>\n","protected":false},"excerpt":{"rendered":"<p>Antian\u00eamico, p\u00f3s cir\u00fargico e anti-hemorr\u00e1gico.<\/p>\n","protected":false},"featured_media":1188,"template":"","meta":{"_monsterinsights_skip_tracking":false,"_monsterinsights_sitenote_active":false,"_monsterinsights_sitenote_note":"","_monsterinsights_sitenote_category":0},"product_brand":[],"product_cat":[123,127,129,122],"product_tag":[124,126,128,130,120],"class_list":{"0":"post-1185","1":"product","2":"type-product","3":"status-publish","4":"has-post-thumbnail","6":"product_cat-medicamento","7":"product_cat-medicamentos","8":"product_cat-passaros","9":"product_cat-suplemento-vitaminico","10":"product_tag-calbos","11":"product_tag-medicamento","12":"product_tag-medicamentos","13":"product_tag-passaros","14":"product_tag-suplemento-vitaminico","16":"first","17":"instock","18":"shipping-taxable","19":"product-type-simple"},"aioseo_notices":[],"_links":{"self":[{"href":"https:\/\/sopassaros.com.br\/index.php\/wp-json\/wp\/v2\/product\/1185","targetHints":{"allow":["GET"]}}],"collection":[{"href":"https:\/\/sopassaros.com.br\/index.php\/wp-json\/wp\/v2\/product"}],"about":[{"href":"https:\/\/sopassaros.com.br\/index.php\/wp-json\/wp\/v2\/types\/product"}],"wp:featuredmedia":[{"embeddable":true,"href":"https:\/\/sopassaros.com.br\/index.php\/wp-json\/wp\/v2\/media\/1188"}],"wp:attachment":[{"href":"https:\/\/sopassaros.com.br\/index.php\/wp-json\/wp\/v2\/media?parent=1185"}],"wp:term":[{"taxonomy":"product_brand","embeddable":true,"href":"https:\/\/sopassaros.com.br\/index.php\/wp-json\/wp\/v2\/product_brand?post=1185"},{"taxonomy":"product_cat","embeddable":true,"href":"https:\/\/sopassaros.com.br\/index.php\/wp-json\/wp\/v2\/product_cat?post=1185"},{"taxonomy":"product_tag","embeddable":true,"href":"https:\/\/sopassaros.com.br\/index.php\/wp-json\/wp\/v2\/product_tag?post=1185"}],"curies":[{"name":"wp","href":"https:\/\/api.w.org\/{rel}","templated":true}]}}