{"id":1192,"date":"2019-03-29T10:24:34","date_gmt":"2019-03-29T13:24:34","guid":{"rendered":"http:\/\/sopassaros.com.br\/?post_type=product&#038;p=1192"},"modified":"2019-03-29T10:28:22","modified_gmt":"2019-03-29T13:28:22","slug":"antec","status":"publish","type":"product","link":"https:\/\/sopassaros.com.br\/index.php\/product\/antec\/","title":{"rendered":"ANTEC"},"content":{"rendered":"<h4>Descri\u00e7\u00e3o T\u00e9cnica<\/h4>\n<p>ANTEC, tem Amplo Espectro de A\u00e7\u00e3o \u2013 Dose \u00fanica. Composto bem absorvido no trato intestinal e sua concentra\u00e7\u00e3o m\u00e1xima ocorre entre 4 e 6 horas ap\u00f3s administra\u00e7\u00e3o. 80% do medicamento \u00e9 absorvido pelo trato digest\u00f3rio em 24 horas, distribuindo-se amplamente e atingindo as diversas localiza\u00e7\u00f5es dos cest\u00f3ides no hospedeiro.<\/p>\n<p><strong>F\u00f3rmula<\/strong><br \/>\nCada comprimido cont\u00e9m:<br \/>\nPamoato de Pirantel: &#8230;&#8230;&#8230;&#8230;&#8230;&#8230;&#8230;..144mg<br \/>\nPraziquantel: &#8230;&#8230;&#8230;&#8230;&#8230;&#8230;&#8230;&#8230;&#8230;&#8230;&#8230;&#8230;50mg<br \/>\nExcipiente q.s.p.: &#8230;&#8230;&#8230;&#8230;&#8230;&#8230;&#8230;&#8230;&#8230;&#8230;660mg<\/p>\n<p><strong>Indica\u00e7\u00f5es<\/strong><br \/>\nC\u00e3es e gatos parasitados por nemat\u00f3deos e cest\u00f3deos: Toxocara canis, Toxocara cati, Toxascaris leonina, Ancylostoma caninum, Ancilostoma tubaeforme, Uncinaria stenocephala, Echinococcus granulosus, Echinococcus multiloculares, Dipylidium caninum, Taenia ovis, Taenia psiformis, Multiceps multiceps, Mesocestodeos spp, Hydatigena taeniaeformis e Joyeuxiella pasqualei.<\/p>\n<p><strong>Modo de usar e posologia<\/strong><br \/>\nC\u00e3es e gatos: 1 comprimido para cada 10 kg de peso vivo. OBS: Para prevenir reinfesta\u00e7\u00f5es por Dipylidium caninum, recomenda-se o tratamento contra pulgas, pois estas s\u00e3o os hospedeiros intermedi\u00e1rios deste helminto.<\/p>\n<p><strong>Car\u00eancia<\/strong><br \/>\nN\u00e3o apresenta.<\/p>\n<p><strong>Apresenta\u00e7\u00e3o<\/strong><br \/>\nCaixa contendo 1 envelope com 4 comprimidos e caixa contendo 30 envelopes de 4 comprimidos.<\/p>\n","protected":false},"excerpt":{"rendered":"<p>Descri\u00e7\u00e3o T\u00e9cnica ANTEC, tem Amplo Espectro de A\u00e7\u00e3o \u2013 Dose \u00fanica. Composto bem absorvido no trato intestinal e sua concentra\u00e7\u00e3o m\u00e1xima ocorre entre 4 e 6 horas ap\u00f3s administra\u00e7\u00e3o. 80% do medicamento \u00e9 absorvido pelo trato digest\u00f3rio em 24 horas, distribuindo-se amplamente e atingindo as diversas localiza\u00e7\u00f5es dos cest\u00f3ides no hospedeiro. F\u00f3rmula Cada comprimido cont\u00e9m: [&hellip;]<\/p>\n","protected":false},"featured_media":1193,"template":"","meta":{"_monsterinsights_skip_tracking":false,"_monsterinsights_sitenote_active":false,"_monsterinsights_sitenote_note":"","_monsterinsights_sitenote_category":0},"product_brand":[],"product_cat":[89,84,123,127,136],"product_tag":[90,124,86,126,128,137],"class_list":{"0":"post-1192","1":"product","2":"type-product","3":"status-publish","4":"has-post-thumbnail","6":"product_cat-caes","7":"product_cat-gatos","8":"product_cat-medicamento","9":"product_cat-medicamentos","10":"product_cat-vermifugo","11":"product_tag-caes","12":"product_tag-calbos","13":"product_tag-gatos","14":"product_tag-medicamento","15":"product_tag-medicamentos","16":"product_tag-vermifugos","18":"first","19":"instock","20":"shipping-taxable","21":"product-type-simple"},"aioseo_notices":[],"_links":{"self":[{"href":"https:\/\/sopassaros.com.br\/index.php\/wp-json\/wp\/v2\/product\/1192","targetHints":{"allow":["GET"]}}],"collection":[{"href":"https:\/\/sopassaros.com.br\/index.php\/wp-json\/wp\/v2\/product"}],"about":[{"href":"https:\/\/sopassaros.com.br\/index.php\/wp-json\/wp\/v2\/types\/product"}],"wp:featuredmedia":[{"embeddable":true,"href":"https:\/\/sopassaros.com.br\/index.php\/wp-json\/wp\/v2\/media\/1193"}],"wp:attachment":[{"href":"https:\/\/sopassaros.com.br\/index.php\/wp-json\/wp\/v2\/media?parent=1192"}],"wp:term":[{"taxonomy":"product_brand","embeddable":true,"href":"https:\/\/sopassaros.com.br\/index.php\/wp-json\/wp\/v2\/product_brand?post=1192"},{"taxonomy":"product_cat","embeddable":true,"href":"https:\/\/sopassaros.com.br\/index.php\/wp-json\/wp\/v2\/product_cat?post=1192"},{"taxonomy":"product_tag","embeddable":true,"href":"https:\/\/sopassaros.com.br\/index.php\/wp-json\/wp\/v2\/product_tag?post=1192"}],"curies":[{"name":"wp","href":"https:\/\/api.w.org\/{rel}","templated":true}]}}