{"id":1194,"date":"2019-03-29T10:31:17","date_gmt":"2019-03-29T13:31:17","guid":{"rendered":"http:\/\/sopassaros.com.br\/?post_type=product&#038;p=1194"},"modified":"2019-03-29T10:31:17","modified_gmt":"2019-03-29T13:31:17","slug":"antec-2","status":"publish","type":"product","link":"https:\/\/sopassaros.com.br\/index.php\/product\/antec-2\/","title":{"rendered":"FERRON B-12"},"content":{"rendered":"<p>FERRON B12 50ML<\/p>\n<p>F\u00f3rmula:<\/p>\n<p>Cada ml cont\u00e9m:<\/p>\n<p>Complexo Ferro Dextrano (equiv. A 100 mg de Fe elementar) 500,0 mg; Vitamina B12 10,0 mcg.<\/p>\n<p>Indica\u00e7\u00f5es de Ferron B12:<\/p>\n<p>Ferron B12 auxilia na preven\u00e7\u00e3o e tratamento das anemias ferroprivas, especialmente em leit\u00f5es e bezerros rec\u00e9m nascidos. Em casos de car\u00eancias alimentares, parasitoses, em hemorragias e perdas cr\u00f4nicas de sangue, na babesiose e anaplasmose e piroplasmose.<\/p>\n<p>Dosagem:<br \/>\nAnemias dos animais lactentes: leit\u00f5es(at\u00e9 o 3\u00ba dia de vida): 1 a 5 ml;<\/p>\n<p>bezerros e potros(at\u00e9 o 10\u00ba dia de vida): 2 a 5 ml;<\/p>\n<p>Nas anemias ferroprivas em todas as esp\u00e9cies: bovinos, eq\u00fcinos(adultos): 10 ml;<\/p>\n<p>Ovinos, su\u00ednos e bezerros: 5 ml.<\/p>\n<p>Obs.: Uma aplica\u00e7\u00e3o a cada 7 dias.<\/p>\n<p>Administra\u00e7\u00e3o de Ferron B12:<\/p>\n<p>Em inje\u00e7\u00f5es intramusculares.<\/p>\n<p>Precau\u00e7\u00f5es com Ferron B12:<\/p>\n<p>Respeitadas as dose e esp\u00e9cies indicadas, n\u00e3o h\u00e1 contra-indica\u00e7\u00f5es.<\/p>\n<p>Apresenta\u00e7\u00e3o de Ferron B12:<\/p>\n<p>Frasco ampolas de 10, 50 e 100 ml.<\/p>\n<p>Classe Terap\u00eautica:<\/p>\n<p>COMPLEXOS<\/p>\n<p>Princ\u00edpio(s) Ativo(s):<\/p>\n<p>FERRO<\/p>\n<p>VITAMINA B12 (CIANOCOBALAMINA)<\/p>\n","protected":false},"excerpt":{"rendered":"<p>FERRON B12 50ML F\u00f3rmula: Cada ml cont\u00e9m: Complexo Ferro Dextrano (equiv. A 100 mg de Fe elementar) 500,0 mg; Vitamina B12 10,0 mcg. Indica\u00e7\u00f5es de Ferron B12: Ferron B12 auxilia na preven\u00e7\u00e3o e tratamento das anemias ferroprivas, especialmente em leit\u00f5es e bezerros rec\u00e9m nascidos. Em casos de car\u00eancias alimentares, parasitoses, em hemorragias e perdas cr\u00f4nicas [&hellip;]<\/p>\n","protected":false},"featured_media":1195,"template":"","meta":{"_monsterinsights_skip_tracking":false,"_monsterinsights_sitenote_active":false,"_monsterinsights_sitenote_note":"","_monsterinsights_sitenote_category":0},"product_brand":[],"product_cat":[123,127,122],"product_tag":[139,124,138,126,128,120],"class_list":{"0":"post-1194","1":"product","2":"type-product","3":"status-publish","4":"has-post-thumbnail","6":"product_cat-medicamento","7":"product_cat-medicamentos","8":"product_cat-suplemento-vitaminico","9":"product_tag-bezerro","10":"product_tag-calbos","11":"product_tag-gado","12":"product_tag-medicamento","13":"product_tag-medicamentos","14":"product_tag-suplemento-vitaminico","16":"first","17":"instock","18":"shipping-taxable","19":"product-type-simple"},"aioseo_notices":[],"_links":{"self":[{"href":"https:\/\/sopassaros.com.br\/index.php\/wp-json\/wp\/v2\/product\/1194","targetHints":{"allow":["GET"]}}],"collection":[{"href":"https:\/\/sopassaros.com.br\/index.php\/wp-json\/wp\/v2\/product"}],"about":[{"href":"https:\/\/sopassaros.com.br\/index.php\/wp-json\/wp\/v2\/types\/product"}],"wp:featuredmedia":[{"embeddable":true,"href":"https:\/\/sopassaros.com.br\/index.php\/wp-json\/wp\/v2\/media\/1195"}],"wp:attachment":[{"href":"https:\/\/sopassaros.com.br\/index.php\/wp-json\/wp\/v2\/media?parent=1194"}],"wp:term":[{"taxonomy":"product_brand","embeddable":true,"href":"https:\/\/sopassaros.com.br\/index.php\/wp-json\/wp\/v2\/product_brand?post=1194"},{"taxonomy":"product_cat","embeddable":true,"href":"https:\/\/sopassaros.com.br\/index.php\/wp-json\/wp\/v2\/product_cat?post=1194"},{"taxonomy":"product_tag","embeddable":true,"href":"https:\/\/sopassaros.com.br\/index.php\/wp-json\/wp\/v2\/product_tag?post=1194"}],"curies":[{"name":"wp","href":"https:\/\/api.w.org\/{rel}","templated":true}]}}