{"id":1196,"date":"2019-03-29T10:37:12","date_gmt":"2019-03-29T13:37:12","guid":{"rendered":"http:\/\/sopassaros.com.br\/?post_type=product&#038;p=1196"},"modified":"2019-03-29T10:37:12","modified_gmt":"2019-03-29T13:37:12","slug":"antec-2-2","status":"publish","type":"product","link":"https:\/\/sopassaros.com.br\/index.php\/product\/antec-2-2\/","title":{"rendered":"AMITRAZ"},"content":{"rendered":"<p>N\u00e3o deixe que os terr\u00edveis parasitas acabem com o bem-estar do seu animal! Amitraz Calbos \u00e9 a melhor solu\u00e7\u00e3o contra carrapatos, piolhos e sarnas!<\/p>\n<p>&nbsp;<\/p>\n<div id=\"productContentformula\" class=\"float description-table \" data-title-modal=\"F\u00f3rmula\">\n<h3 class=\"title-informations2\">F\u00d3RMULA<\/h3>\n<div class=\"float text-informations\">\n<p><strong>Cada 100ml de\u00a0Amitraz Calbos\u00a0cont\u00e9m<\/strong>:<\/p>\n<ul>\n<li><strong>Amitraz\u00a0<\/strong>(NN-di(2,4-xilil-imino-metil metilamina)&#8230;&#8230;.12,5g<\/li>\n<\/ul>\n<\/div>\n<\/div>\n<div id=\"productContentsobre\" class=\"float description-table \" data-title-modal=\"Sobre\">\n<h3 class=\"title-informations2\">SOBRE<\/h3>\n<div class=\"float text-informations\">\n<p>Acabe com os terr\u00edveis parasitas que tanto afetam seu animal, com\u00a0<strong>Amitraz Calbos<\/strong>!\u00a0<strong>Amitraz Calbos<\/strong>\u00a0\u00e9 indicado para bovinos como carrapaticida, no combate ao Boophilus microplus e em ovinos como sarnicida e piolhicida, combatendo \u00e1caros dos g\u00eaneros Chorioptes, Sarcoptes e Psoroptes e piolhos dos g\u00eaneros Linognatus e Damalinia ovis. N\u00e3o perca tempo, adquira agora mesmo\u00a0<strong>Amitraz Calbos<\/strong>\u00a0e se surpreenda com os resultados!<\/p>\n<\/div>\n<\/div>\n<div id=\"productContentcarencia\" class=\"float description-table \" data-title-modal=\"Car\u00eancia\">\n<h3 class=\"title-informations2\">CAR\u00caNCIA<\/h3>\n<div class=\"float text-informations\">\n<p>Abate: 14 dias | Leite: Vide bula<\/p>\n<\/div>\n<\/div>\n<div id=\"productContentindicacoes\" class=\"float description-table \" data-title-modal=\"Indica\u00e7\u00f5es\">\n<h3 class=\"title-informations2\">INDICA\u00c7\u00d5ES<\/h3>\n<div class=\"float text-informations\">\n<p><strong>Amitraz Calbos<\/strong>\u00a0\u00e9 indicado para bovinos, como: carrapaticida, no combate ao Boophilus microplus. Amitraz Calbos \u00e9 indicado para ovinos, como: sarnicida e piolhicida, combatendo \u00e1caros dos g\u00eaneros Chorioptes, Sarcoptes e Psoroptes e piolhos dos g\u00eaneros Linognatus e Damalinia ovis.<\/p>\n<\/div>\n<\/div>\n<div id=\"productContentmodo-de-usar\" class=\"float description-table \" data-title-modal=\"Modo de usar\">\n<h3 class=\"title-informations2\">MODO DE USAR<\/h3>\n<div class=\"float text-informations\">\n<p>Bovinos e ovinos: diluir 20ml\/10 litros de \u00e1gua, aplicar por pulveriza\u00e7\u00e3o, um volume m\u00ednimo de 5 litros de calda\/animal. Repetir a aplica\u00e7\u00e3o, se necess\u00e1rio, ap\u00f3s 14 dias.<\/p>\n<\/div>\n<\/div>\n","protected":false},"excerpt":{"rendered":"<p>N\u00e3o deixe que os terr\u00edveis parasitas acabem com o bem-estar do seu animal! Amitraz Calbos \u00e9 a melhor solu\u00e7\u00e3o contra carrapatos, piolhos e sarnas! &nbsp; F\u00d3RMULA Cada 100ml de\u00a0Amitraz Calbos\u00a0cont\u00e9m: Amitraz\u00a0(NN-di(2,4-xilil-imino-metil metilamina)&#8230;&#8230;.12,5g SOBRE Acabe com os terr\u00edveis parasitas que tanto afetam seu animal, com\u00a0Amitraz Calbos!\u00a0Amitraz Calbos\u00a0\u00e9 indicado para bovinos como carrapaticida, no combate ao Boophilus [&hellip;]<\/p>\n","protected":false},"featured_media":1197,"template":"","meta":{"_monsterinsights_skip_tracking":false,"_monsterinsights_sitenote_active":false,"_monsterinsights_sitenote_note":"","_monsterinsights_sitenote_category":0},"product_brand":[],"product_cat":[123,127,136],"product_tag":[139,133,124,138,126,128,135,120],"class_list":{"0":"post-1196","1":"product","2":"type-product","3":"status-publish","4":"has-post-thumbnail","6":"product_cat-medicamento","7":"product_cat-medicamentos","8":"product_cat-vermifugo","9":"product_tag-bezerro","10":"product_tag-bovinos","11":"product_tag-calbos","12":"product_tag-gado","13":"product_tag-medicamento","14":"product_tag-medicamentos","15":"product_tag-ovinos","16":"product_tag-suplemento-vitaminico","18":"first","19":"instock","20":"shipping-taxable","21":"product-type-simple"},"aioseo_notices":[],"_links":{"self":[{"href":"https:\/\/sopassaros.com.br\/index.php\/wp-json\/wp\/v2\/product\/1196","targetHints":{"allow":["GET"]}}],"collection":[{"href":"https:\/\/sopassaros.com.br\/index.php\/wp-json\/wp\/v2\/product"}],"about":[{"href":"https:\/\/sopassaros.com.br\/index.php\/wp-json\/wp\/v2\/types\/product"}],"wp:featuredmedia":[{"embeddable":true,"href":"https:\/\/sopassaros.com.br\/index.php\/wp-json\/wp\/v2\/media\/1197"}],"wp:attachment":[{"href":"https:\/\/sopassaros.com.br\/index.php\/wp-json\/wp\/v2\/media?parent=1196"}],"wp:term":[{"taxonomy":"product_brand","embeddable":true,"href":"https:\/\/sopassaros.com.br\/index.php\/wp-json\/wp\/v2\/product_brand?post=1196"},{"taxonomy":"product_cat","embeddable":true,"href":"https:\/\/sopassaros.com.br\/index.php\/wp-json\/wp\/v2\/product_cat?post=1196"},{"taxonomy":"product_tag","embeddable":true,"href":"https:\/\/sopassaros.com.br\/index.php\/wp-json\/wp\/v2\/product_tag?post=1196"}],"curies":[{"name":"wp","href":"https:\/\/api.w.org\/{rel}","templated":true}]}}