{"id":1201,"date":"2019-03-29T11:41:43","date_gmt":"2019-03-29T14:41:43","guid":{"rendered":"http:\/\/sopassaros.com.br\/?post_type=product&#038;p=1201"},"modified":"2019-03-29T11:44:26","modified_gmt":"2019-03-29T14:44:26","slug":"inibidex","status":"publish","type":"product","link":"https:\/\/sopassaros.com.br\/index.php\/product\/inibidex\/","title":{"rendered":"INIBIDEX"},"content":{"rendered":"<section class=\"ui-view-more vip-section-specs main-section \">\n<h1>INIBIDOR DE CIO INIBIDEX 1ML &#8211; JOFADEL<\/h1>\n<p><strong>Inibidex Cartela com 5 Unidades Jofadel<\/strong><\/p>\n<p><strong>INDICA\u00c7\u00c3O:<\/strong><br \/>\nInibi\u00e7\u00e3o do estro em cadelas e gatas de acordo com as seguinte orienta\u00e7\u00f5es:<br \/>\n1- Cadelas e gatas nas quais a procria\u00e7\u00e3o ou a reprodu\u00e7\u00e3o envolve grandes riscos para a vida animal.<br \/>\n2- Cadelas e gatas que apresentam riscos cir\u00fargicos m\u00ednimos para o ov\u00e1rio.<br \/>\n3- Cadelas e gatas cujas ninhadas n\u00e3o s\u00e3o desejadas.<br \/>\n4- Cadelas e gatas das quais as ninhadas s\u00e3o opcionais.<\/p>\n<p><strong>F\u00d3RMULA:<\/strong><br \/>\nCada mL cont\u00e9m:<br \/>\nAcetato de medroxiprogesterona &#8230;&#8230;&#8230; 50,00 mg<br \/>\nVe\u00edculo q.s.p. &#8230;&#8230;&#8230;&#8230;&#8230;&#8230;&#8230;&#8230;&#8230;&#8230;&#8230;&#8230;&#8230; 1,00 mL<\/p>\n<p><strong>VIA DE ADMINISTRA\u00c7\u00c3O \/ DOSAGEM:<\/strong><\/p>\n<p>A dose recomendada dever\u00e1 ser administrada em uma \u00fanica inje\u00e7\u00e3o por via subcut\u00e2nea.<br \/>\nCadelas: a aplica\u00e7\u00e3o dever\u00e1 ser feita durante a fase de anestro, isto \u00e9, do 3\u00ba ao 5\u00ba m\u00eas ap\u00f3s o cio ou do 1\u00ba ao 3\u00ba m\u00eas ap\u00f3s o parto. Intervalo de 6 meses entre as aplica\u00e7\u00f5es.<br \/>\n&#8211; Para animais de pequeno porte (at\u00e9 10 Kg), aplicar 1,0 mL do produto.<br \/>\n&#8211; Para animais de m\u00e9dio porte (de 10 a 20 Kg), aplicar 2,0 mL do produto.<br \/>\n&#8211; Para animais de grande porte (acima de 20 Kg), aplicar 3,0 mL do produto.<br \/>\nGatas: a aplica\u00e7\u00e3o dever\u00e1 ser feita durante a fase de anestro, isto \u00e9, da 3\u00aa a 6\u00aa semana ap\u00f3s o cio ou do 15\u00ba ao 20\u00ba dia ap\u00f3s o parto. Intervalo de 4 meses entre aplica\u00e7\u00f5es.<br \/>\n&#8211; Aplicar 1 mL do produto, independente do peso do animal.<\/p>\n<p>Recomenda-se que a fase do ciclo estral (do cio), tanto em cadelas como em gatas, seja verificada com base na anamnese do animal e\/ou no exame citol\u00f3gico (esfrega\u00e7o vaginal), por um M\u00e9dico Veterin\u00e1rio, antes da aplica\u00e7\u00e3o do produto. Em animais nos quais se deseja a inibi\u00e7\u00e3o cont\u00ednua do estro, a longo prazo, inje\u00e7\u00f5es subcut\u00e2neas repetidas devem ser feitas nos intervalos recomendados.<\/p>\n<\/section>\n","protected":false},"excerpt":{"rendered":"<p>INIBIDOR DE CIO INIBIDEX 1ML &#8211; JOFADEL Inibidex Cartela com 5 Unidades Jofadel INDICA\u00c7\u00c3O: Inibi\u00e7\u00e3o do estro em cadelas e gatas de acordo com as seguinte orienta\u00e7\u00f5es: 1- Cadelas e gatas nas quais a procria\u00e7\u00e3o ou a reprodu\u00e7\u00e3o envolve grandes riscos para a vida animal. 2- Cadelas e gatas que apresentam riscos cir\u00fargicos m\u00ednimos para [&hellip;]<\/p>\n","protected":false},"featured_media":1202,"template":"","meta":{"_monsterinsights_skip_tracking":false,"_monsterinsights_sitenote_active":false,"_monsterinsights_sitenote_note":"","_monsterinsights_sitenote_category":0},"product_brand":[],"product_cat":[84,123,127],"product_tag":[141,104,86,140,142,143,126,128],"class_list":{"0":"post-1201","1":"product","2":"type-product","3":"status-publish","4":"has-post-thumbnail","6":"product_cat-gatos","7":"product_cat-medicamento","8":"product_cat-medicamentos","9":"product_tag-cio","10":"product_tag-gato","11":"product_tag-gatos","12":"product_tag-indulbras","13":"product_tag-inibidor","14":"product_tag-inibidor-de-cio","15":"product_tag-medicamento","16":"product_tag-medicamentos","18":"first","19":"instock","20":"shipping-taxable","21":"product-type-simple"},"aioseo_notices":[],"_links":{"self":[{"href":"https:\/\/sopassaros.com.br\/index.php\/wp-json\/wp\/v2\/product\/1201","targetHints":{"allow":["GET"]}}],"collection":[{"href":"https:\/\/sopassaros.com.br\/index.php\/wp-json\/wp\/v2\/product"}],"about":[{"href":"https:\/\/sopassaros.com.br\/index.php\/wp-json\/wp\/v2\/types\/product"}],"wp:featuredmedia":[{"embeddable":true,"href":"https:\/\/sopassaros.com.br\/index.php\/wp-json\/wp\/v2\/media\/1202"}],"wp:attachment":[{"href":"https:\/\/sopassaros.com.br\/index.php\/wp-json\/wp\/v2\/media?parent=1201"}],"wp:term":[{"taxonomy":"product_brand","embeddable":true,"href":"https:\/\/sopassaros.com.br\/index.php\/wp-json\/wp\/v2\/product_brand?post=1201"},{"taxonomy":"product_cat","embeddable":true,"href":"https:\/\/sopassaros.com.br\/index.php\/wp-json\/wp\/v2\/product_cat?post=1201"},{"taxonomy":"product_tag","embeddable":true,"href":"https:\/\/sopassaros.com.br\/index.php\/wp-json\/wp\/v2\/product_tag?post=1201"}],"curies":[{"name":"wp","href":"https:\/\/api.w.org\/{rel}","templated":true}]}}