{"id":1208,"date":"2019-03-31T09:59:35","date_gmt":"2019-03-31T12:59:35","guid":{"rendered":"http:\/\/sopassaros.com.br\/?post_type=product&#038;p=1208"},"modified":"2024-05-10T02:58:59","modified_gmt":"2024-05-10T05:58:59","slug":"amitraz-125-2","status":"publish","type":"product","link":"https:\/\/sopassaros.com.br\/index.php\/product\/amitraz-125-2\/","title":{"rendered":"AVEMIL SOL\u00daVEL"},"content":{"rendered":"<div id=\"indicacoes\">\n<div class=\"tituloSecao\">\n<h2>Descri\u00e7\u00e3o<\/h2>\n<\/div>\n<div class=\"\">\n<div class=\"conteudoSecao\">\n<div class=\"std\">\n<h3>Avemil Sol\u00favel<\/h3>\n<p>Indicado para tratamento de coccidiose, colera e diarr\u00e9ias das aves.<\/p>\n<p><strong>Indica\u00e7\u00e3o:<\/strong><\/p>\n<p>Pass\u00e1ros<\/p>\n<h4>Avemil combate os principais sintomas<\/h4>\n<p>&#8211; Triste e febre;<br \/>\n&#8211; Cristas e barbelas edemaciadas e cian\u00f3ticas;<br \/>\n&#8211; Aves que apresentam bico com muco;<br \/>\n&#8211; Diarr\u00e9ia verde amarelada abundante;<br \/>\n&#8211; Penas eri\u00e7adas;<br \/>\n&#8211; Aumento da freq\u00fc\u00eancia respirat\u00f3ria;<br \/>\n&#8211; Base dos p\u00e9s e joelhos quentes e edemaciados;<br \/>\n&#8211; F\u00edgado p\u00e1lido, lembrando f\u00edgado cozido;<\/p>\n<h5>Modo de usar, Avemil<\/h5>\n<p>Diluir 10mL para 2,5 litros de \u00e1gua nos bebedouros, durante 5 a 7 dias consecutivos.<\/p>\n<p>Curativo: diluir 20mL em 2,5 litros de \u00e1gua nos bebedouros por 5 a 7 dias.<\/p>\n<p>P\u00e1ssaros, 20 gotas em 50mL de \u00e1gua nos bebedouros, durante 5 a 7 dias.<\/p>\n<\/div>\n<\/div>\n<\/div>\n<\/div>\n","protected":false},"excerpt":{"rendered":"<p>Descri\u00e7\u00e3o Avemil Sol\u00favel Indicado para tratamento de coccidiose, colera e diarr\u00e9ias das aves. Indica\u00e7\u00e3o: Pass\u00e1ros Avemil combate os principais sintomas &#8211; Triste e febre; &#8211; Cristas e barbelas edemaciadas e cian\u00f3ticas; &#8211; Aves que apresentam bico com muco; &#8211; Diarr\u00e9ia verde amarelada abundante; &#8211; Penas eri\u00e7adas; &#8211; Aumento da freq\u00fc\u00eancia respirat\u00f3ria; &#8211; Base dos p\u00e9s [&hellip;]<\/p>\n","protected":false},"featured_media":1209,"template":"","meta":{"_monsterinsights_skip_tracking":false,"_monsterinsights_sitenote_active":false,"_monsterinsights_sitenote_note":"","_monsterinsights_sitenote_category":0},"product_brand":[],"product_cat":[119,123,127,129],"product_tag":[149,148,121,140,126,128],"class_list":{"0":"post-1208","1":"product","2":"type-product","3":"status-publish","4":"has-post-thumbnail","6":"product_cat-aves","7":"product_cat-medicamento","8":"product_cat-medicamentos","9":"product_cat-passaros","10":"product_tag-antibacteriano","11":"product_tag-antibiotico","12":"product_tag-aves","13":"product_tag-indulbras","14":"product_tag-medicamento","15":"product_tag-medicamentos","17":"first","18":"instock","19":"shipping-taxable","20":"product-type-simple"},"aioseo_notices":[],"_links":{"self":[{"href":"https:\/\/sopassaros.com.br\/index.php\/wp-json\/wp\/v2\/product\/1208","targetHints":{"allow":["GET"]}}],"collection":[{"href":"https:\/\/sopassaros.com.br\/index.php\/wp-json\/wp\/v2\/product"}],"about":[{"href":"https:\/\/sopassaros.com.br\/index.php\/wp-json\/wp\/v2\/types\/product"}],"wp:featuredmedia":[{"embeddable":true,"href":"https:\/\/sopassaros.com.br\/index.php\/wp-json\/wp\/v2\/media\/1209"}],"wp:attachment":[{"href":"https:\/\/sopassaros.com.br\/index.php\/wp-json\/wp\/v2\/media?parent=1208"}],"wp:term":[{"taxonomy":"product_brand","embeddable":true,"href":"https:\/\/sopassaros.com.br\/index.php\/wp-json\/wp\/v2\/product_brand?post=1208"},{"taxonomy":"product_cat","embeddable":true,"href":"https:\/\/sopassaros.com.br\/index.php\/wp-json\/wp\/v2\/product_cat?post=1208"},{"taxonomy":"product_tag","embeddable":true,"href":"https:\/\/sopassaros.com.br\/index.php\/wp-json\/wp\/v2\/product_tag?post=1208"}],"curies":[{"name":"wp","href":"https:\/\/api.w.org\/{rel}","templated":true}]}}