{"id":1210,"date":"2019-03-31T10:03:38","date_gmt":"2019-03-31T13:03:38","guid":{"rendered":"http:\/\/sopassaros.com.br\/?post_type=product&#038;p=1210"},"modified":"2024-10-26T22:58:06","modified_gmt":"2024-10-27T01:58:06","slug":"amitraz-125-2-2","status":"publish","type":"product","link":"https:\/\/sopassaros.com.br\/index.php\/product\/amitraz-125-2-2\/","title":{"rendered":"TINTURA DE THUYA OCCIDENTALIS"},"content":{"rendered":"<div id=\"indicacoes\">\n<div class=\"tituloSecao\">\n<h1>Tintura de Thuya Occidentalis<\/h1>\n<p><strong>Indica\u00e7\u00e3o:\u00a0<img decoding=\"async\" src=\"https:\/\/comercialmundoanimal.com.br\/media\/wysiwyg\/Tintura_de_Thuya_Occidentalis_Avicola_Indubras_90ml-icone.jpg\" alt=\"\" \/><\/strong><\/p>\n<p>Antiss\u00e9ptico e ceratol\u00edtico recomendado como adjuvante na remo\u00e7\u00e3o de calosidades, verrugas e condilomas.<\/p>\n<p><strong>Cada 100 mL cont\u00e9m:<\/strong><br \/>\nTintura alco\u00f3lica de Thuya occidentalis: 18g<br \/>\n\u00c1cido l\u00e1tico: 5g<br \/>\n\u00c1cido Salic\u00edlico: 5g<br \/>\nFenol: 1g<\/p>\n<p><strong>Modo de usar:<\/strong><br \/>\n<strong>Uso externo:<\/strong><br \/>\nComo adjuvante no tratamento de verrugas e condilomas: aplicar durante 6 dias, uma vez ao dia, nas regi\u00f5es afetadas, com auxilio de cotonete ou semelhante. Ap\u00f3s esse per\u00edodo, as calosidades e verrugas se desprender\u00e3o facilmente.<br \/>\nComo antiss\u00e9ptico: aplicar o produtos em pinceladas, nas regi\u00f5es afetadas, uma a duas vezes ao dia.<\/p>\n<p><strong>Apresenta\u00e7\u00e3o:<\/strong><br \/>\nFrascos contendo 20mL ou 90mL.<\/p>\n<\/div>\n<\/div>\n","protected":false},"excerpt":{"rendered":"<p>Tintura de Thuya Occidentalis Indica\u00e7\u00e3o:\u00a0 Antiss\u00e9ptico e ceratol\u00edtico recomendado como adjuvante na remo\u00e7\u00e3o de calosidades, verrugas e condilomas. Cada 100 mL cont\u00e9m: Tintura alco\u00f3lica de Thuya occidentalis: 18g \u00c1cido l\u00e1tico: 5g \u00c1cido Salic\u00edlico: 5g Fenol: 1g Modo de usar: Uso externo: Como adjuvante no tratamento de verrugas e condilomas: aplicar durante 6 dias, uma vez [&hellip;]<\/p>\n","protected":false},"featured_media":1211,"template":"","meta":{"_monsterinsights_skip_tracking":false,"_monsterinsights_sitenote_active":false,"_monsterinsights_sitenote_note":"","_monsterinsights_sitenote_category":0},"product_brand":[],"product_cat":[119,123,127,129],"product_tag":[150,121,151,140,126,128],"class_list":{"0":"post-1210","1":"product","2":"type-product","3":"status-publish","4":"has-post-thumbnail","6":"product_cat-aves","7":"product_cat-medicamento","8":"product_cat-medicamentos","9":"product_cat-passaros","10":"product_tag-antisseptico","11":"product_tag-aves","12":"product_tag-ceratolitico","13":"product_tag-indulbras","14":"product_tag-medicamento","15":"product_tag-medicamentos","17":"first","18":"instock","19":"shipping-taxable","20":"product-type-simple"},"aioseo_notices":[],"_links":{"self":[{"href":"https:\/\/sopassaros.com.br\/index.php\/wp-json\/wp\/v2\/product\/1210","targetHints":{"allow":["GET"]}}],"collection":[{"href":"https:\/\/sopassaros.com.br\/index.php\/wp-json\/wp\/v2\/product"}],"about":[{"href":"https:\/\/sopassaros.com.br\/index.php\/wp-json\/wp\/v2\/types\/product"}],"wp:featuredmedia":[{"embeddable":true,"href":"https:\/\/sopassaros.com.br\/index.php\/wp-json\/wp\/v2\/media\/1211"}],"wp:attachment":[{"href":"https:\/\/sopassaros.com.br\/index.php\/wp-json\/wp\/v2\/media?parent=1210"}],"wp:term":[{"taxonomy":"product_brand","embeddable":true,"href":"https:\/\/sopassaros.com.br\/index.php\/wp-json\/wp\/v2\/product_brand?post=1210"},{"taxonomy":"product_cat","embeddable":true,"href":"https:\/\/sopassaros.com.br\/index.php\/wp-json\/wp\/v2\/product_cat?post=1210"},{"taxonomy":"product_tag","embeddable":true,"href":"https:\/\/sopassaros.com.br\/index.php\/wp-json\/wp\/v2\/product_tag?post=1210"}],"curies":[{"name":"wp","href":"https:\/\/api.w.org\/{rel}","templated":true}]}}