{"id":1212,"date":"2019-03-31T10:09:18","date_gmt":"2019-03-31T13:09:18","guid":{"rendered":"http:\/\/sopassaros.com.br\/?post_type=product&#038;p=1212"},"modified":"2024-10-27T09:59:18","modified_gmt":"2024-10-27T12:59:18","slug":"amitraz-125-2-2-2","status":"publish","type":"product","link":"https:\/\/sopassaros.com.br\/index.php\/product\/amitraz-125-2-2-2\/","title":{"rendered":"TALFON TOP"},"content":{"rendered":"<div id=\"indicacoes\">\n<div class=\"tituloSecao\">\n<h1>Indica\u00e7\u00f5es<br \/>\nTalfon Top\u00ae \u00e9 indicado no combate a:<br \/>\n&#8211; Piolhos e carrapatos em aves.<br \/>\n&#8211; Pulgas, piolhos e carrapatos de animais dom\u00e9sticos.<br \/>\n&#8211; Moscas dos currais, est\u00e1bulos, pocilgas e galinheiros (Musca domestica e Stomoxys calcitrans).<br \/>\n&#8211; Punilha de couros.<br \/>\n&#8211; Insetos e \u00e1caros em depend\u00eancias e instala\u00e7\u00f5es.<\/p>\n<p>F\u00f3rmula<br \/>\nCada 100g cont\u00e9m:<br \/>\nCarbaryl&#8230;&#8230;&#8230;&#8230;&#8230;&#8230;&#8230;&#8230;&#8230;&#8230;&#8230;&#8230;&#8230;&#8230;&#8230;&#8230;&#8230;&#8230;&#8230;&#8230;&#8230;&#8230;&#8230;&#8230;&#8230;&#8230;&#8230;&#8230;.(2%)<br \/>\nCipermetrina&#8230;&#8230;&#8230;&#8230;&#8230;&#8230;&#8230;&#8230;&#8230;&#8230;&#8230;&#8230;&#8230;&#8230;&#8230;&#8230;&#8230;&#8230;&#8230;&#8230;&#8230;&#8230;&#8230;&#8230;&#8230;.(0,5%)<\/p>\n<p>Modo de usar<br \/>\nContra pulgas e carrapatos: Aplicar no sentido contr\u00e1rio aos p\u00ealos e sobre a cama dos animais.<\/p>\n<p>Instala\u00e7\u00f5es: Aplique Talfon Top por polvilhamento, numa propor\u00e7\u00e3o de 50 a 100g por m\u00b2, evitando bebedouros e comedouros.<\/p>\n<p>Ninhos: Polvilhar em cada um, uma quantidade de produtos equivalente a 1 ou at\u00e9 3 colheres de sopa.<\/p>\n<p>Contra moscas, em esterqueiras e cama dos animais: Polvilhar entre 50g a 100g do produtos por m2, inclusive nos seus arredores.<\/p>\n<p>Apresenta\u00e7\u00e3o<br \/>\nCartuchos contendo 100g, 250g e 1kg.<\/p>\n<p>Talqueira contendo 100g.<\/p>\n<p>Baldes contendo 200 unidades de 100g, 80 unidades de 250g e 20 unidades de 1kg.<\/h1>\n<\/div>\n<\/div>\n","protected":false},"excerpt":{"rendered":"<p>Indica\u00e7\u00f5es Talfon Top\u00ae \u00e9 indicado no combate a: &#8211; Piolhos e carrapatos em aves. &#8211; Pulgas, piolhos e carrapatos de animais dom\u00e9sticos. &#8211; Moscas dos currais, est\u00e1bulos, pocilgas e galinheiros (Musca domestica e Stomoxys calcitrans). &#8211; Punilha de couros. &#8211; Insetos e \u00e1caros em depend\u00eancias e instala\u00e7\u00f5es. F\u00f3rmula Cada 100g cont\u00e9m: Carbaryl&#8230;&#8230;&#8230;&#8230;&#8230;&#8230;&#8230;&#8230;&#8230;&#8230;&#8230;&#8230;&#8230;&#8230;&#8230;&#8230;&#8230;&#8230;&#8230;&#8230;&#8230;&#8230;&#8230;&#8230;&#8230;&#8230;&#8230;&#8230;.(2%) Cipermetrina&#8230;&#8230;&#8230;&#8230;&#8230;&#8230;&#8230;&#8230;&#8230;&#8230;&#8230;&#8230;&#8230;&#8230;&#8230;&#8230;&#8230;&#8230;&#8230;&#8230;&#8230;&#8230;&#8230;&#8230;&#8230;.(0,5%) Modo de [&hellip;]<\/p>\n","protected":false},"featured_media":1213,"template":"","meta":{"_monsterinsights_skip_tracking":false,"_monsterinsights_sitenote_active":false,"_monsterinsights_sitenote_note":"","_monsterinsights_sitenote_category":0},"product_brand":[],"product_cat":[89,144,84,123,127],"product_tag":[153,145,152,90,146,104,86,140,126,128],"class_list":{"0":"post-1212","1":"product","2":"type-product","3":"status-publish","4":"has-post-thumbnail","6":"product_cat-caes","7":"product_cat-carrapaticida","8":"product_cat-gatos","9":"product_cat-medicamento","10":"product_cat-medicamentos","11":"product_tag-antipulgas","12":"product_tag-bovino","13":"product_tag-cachorro","14":"product_tag-caes","15":"product_tag-caprino","16":"product_tag-gato","17":"product_tag-gatos","18":"product_tag-indulbras","19":"product_tag-medicamento","20":"product_tag-medicamentos","22":"first","23":"instock","24":"shipping-taxable","25":"product-type-simple"},"aioseo_notices":[],"_links":{"self":[{"href":"https:\/\/sopassaros.com.br\/index.php\/wp-json\/wp\/v2\/product\/1212","targetHints":{"allow":["GET"]}}],"collection":[{"href":"https:\/\/sopassaros.com.br\/index.php\/wp-json\/wp\/v2\/product"}],"about":[{"href":"https:\/\/sopassaros.com.br\/index.php\/wp-json\/wp\/v2\/types\/product"}],"wp:featuredmedia":[{"embeddable":true,"href":"https:\/\/sopassaros.com.br\/index.php\/wp-json\/wp\/v2\/media\/1213"}],"wp:attachment":[{"href":"https:\/\/sopassaros.com.br\/index.php\/wp-json\/wp\/v2\/media?parent=1212"}],"wp:term":[{"taxonomy":"product_brand","embeddable":true,"href":"https:\/\/sopassaros.com.br\/index.php\/wp-json\/wp\/v2\/product_brand?post=1212"},{"taxonomy":"product_cat","embeddable":true,"href":"https:\/\/sopassaros.com.br\/index.php\/wp-json\/wp\/v2\/product_cat?post=1212"},{"taxonomy":"product_tag","embeddable":true,"href":"https:\/\/sopassaros.com.br\/index.php\/wp-json\/wp\/v2\/product_tag?post=1212"}],"curies":[{"name":"wp","href":"https:\/\/api.w.org\/{rel}","templated":true}]}}