{"id":1220,"date":"2019-03-31T13:57:33","date_gmt":"2019-03-31T16:57:33","guid":{"rendered":"http:\/\/sopassaros.com.br\/?post_type=product&#038;p=1220"},"modified":"2019-03-31T13:59:04","modified_gmt":"2019-03-31T16:59:04","slug":"beutiplus","status":"publish","type":"product","link":"https:\/\/sopassaros.com.br\/index.php\/product\/beutiplus\/","title":{"rendered":"BEUTIPLUS"},"content":{"rendered":"<h2>Descri\u00e7\u00e3o do Produto<\/h2>\n<p><strong>Beutiplus 180 ml<\/strong>\u00a0\u00e9 um\u00a0Suplemento nutricional , composto de \u00e1cidos graxos essenciais (\u00f4mega 6 e \u00f4mega 3) e Vitaminas A e E. Destinado \u00e0 alimenta\u00e7\u00e3o de c\u00e3es e gatos, em todas as suas fases de desenvolvimento, para manuten\u00e7\u00e3o de uma pele saud\u00e1vel com pelos brilhantes e sedosos.<\/p>\n<p><strong>N\u00edveis de garantia do produto<\/strong><\/p>\n<p>Acido Linol\u00eanico (\u00d4mega 3) \u2013 m\u00ednimo 58g<\/p>\n<p>Acido Linoleico (\u00d4mega 6) \u2013 m\u00ednimo 458g<\/p>\n<p>Vitamina A \u2013 m\u00ednimo 150.000 UI\/l<\/p>\n<p>Vitamina E \u2013 m\u00ednimo 600 UI\/l<\/p>\n<p>Lecitina de soja \u2013 m\u00ednimo 150g<\/p>\n<p><strong>Apresenta\u00e7\u00e3o:<\/strong>\u00a0Frasco contendo 180 ml<\/p>\n","protected":false},"excerpt":{"rendered":"<p>Descri\u00e7\u00e3o do Produto Beutiplus 180 ml\u00a0\u00e9 um\u00a0Suplemento nutricional , composto de \u00e1cidos graxos essenciais (\u00f4mega 6 e \u00f4mega 3) e Vitaminas A e E. Destinado \u00e0 alimenta\u00e7\u00e3o de c\u00e3es e gatos, em todas as suas fases de desenvolvimento, para manuten\u00e7\u00e3o de uma pele saud\u00e1vel com pelos brilhantes e sedosos. N\u00edveis de garantia do produto Acido [&hellip;]<\/p>\n","protected":false},"featured_media":1221,"template":"","meta":{"_monsterinsights_skip_tracking":false,"_monsterinsights_sitenote_active":false,"_monsterinsights_sitenote_note":"","_monsterinsights_sitenote_category":0},"product_brand":[],"product_cat":[89,84,123,127,122],"product_tag":[152,90,104,86,140,126,128,120],"class_list":{"0":"post-1220","1":"product","2":"type-product","3":"status-publish","4":"has-post-thumbnail","6":"product_cat-caes","7":"product_cat-gatos","8":"product_cat-medicamento","9":"product_cat-medicamentos","10":"product_cat-suplemento-vitaminico","11":"product_tag-cachorro","12":"product_tag-caes","13":"product_tag-gato","14":"product_tag-gatos","15":"product_tag-indulbras","16":"product_tag-medicamento","17":"product_tag-medicamentos","18":"product_tag-suplemento-vitaminico","20":"first","21":"instock","22":"shipping-taxable","23":"product-type-simple"},"aioseo_notices":[],"_links":{"self":[{"href":"https:\/\/sopassaros.com.br\/index.php\/wp-json\/wp\/v2\/product\/1220","targetHints":{"allow":["GET"]}}],"collection":[{"href":"https:\/\/sopassaros.com.br\/index.php\/wp-json\/wp\/v2\/product"}],"about":[{"href":"https:\/\/sopassaros.com.br\/index.php\/wp-json\/wp\/v2\/types\/product"}],"wp:featuredmedia":[{"embeddable":true,"href":"https:\/\/sopassaros.com.br\/index.php\/wp-json\/wp\/v2\/media\/1221"}],"wp:attachment":[{"href":"https:\/\/sopassaros.com.br\/index.php\/wp-json\/wp\/v2\/media?parent=1220"}],"wp:term":[{"taxonomy":"product_brand","embeddable":true,"href":"https:\/\/sopassaros.com.br\/index.php\/wp-json\/wp\/v2\/product_brand?post=1220"},{"taxonomy":"product_cat","embeddable":true,"href":"https:\/\/sopassaros.com.br\/index.php\/wp-json\/wp\/v2\/product_cat?post=1220"},{"taxonomy":"product_tag","embeddable":true,"href":"https:\/\/sopassaros.com.br\/index.php\/wp-json\/wp\/v2\/product_tag?post=1220"}],"curies":[{"name":"wp","href":"https:\/\/api.w.org\/{rel}","templated":true}]}}