{"id":1225,"date":"2019-03-31T14:17:11","date_gmt":"2019-03-31T17:17:11","guid":{"rendered":"http:\/\/sopassaros.com.br\/?post_type=product&#038;p=1225"},"modified":"2019-03-31T14:17:12","modified_gmt":"2019-03-31T17:17:12","slug":"beutiplus-2-2","status":"publish","type":"product","link":"https:\/\/sopassaros.com.br\/index.php\/product\/beutiplus-2-2\/","title":{"rendered":"PROVERMIN"},"content":{"rendered":"<div id=\"indicacoes\">\n<h2>Indica\u00e7\u00f5es<\/h2>\n<ul class=\"icones-animais-single\">\n<li><img decoding=\"async\" src=\"http:\/\/indubras.vet.br\/wp-content\/uploads\/2014\/02\/icone-aves.png\" \/><\/li>\n<li><img decoding=\"async\" src=\"http:\/\/indubras.vet.br\/wp-content\/uploads\/2014\/02\/icone-bovinos.png\" \/><\/li>\n<li><img decoding=\"async\" src=\"http:\/\/indubras.vet.br\/wp-content\/uploads\/2014\/02\/icone-caprinos.png\" \/><\/li>\n<li><img decoding=\"async\" src=\"http:\/\/indubras.vet.br\/wp-content\/uploads\/2014\/02\/icone-ovinos1.png\" \/><\/li>\n<li><img decoding=\"async\" src=\"http:\/\/indubras.vet.br\/wp-content\/uploads\/2014\/02\/icone-suinos.png\" \/><\/li>\n<\/ul>\n<div class=\"limpa\"><\/div>\n<\/div>\n<h2>Indica\u00e7\u00f5es<\/h2>\n<p>Indicado para combater os vermes nemat\u00f3ides (ovos, larvas e adultos) gastrointestinais e pulmonares de bovinos, equinos, ovinos, su\u00ednos e caprinos, como:\u00a0<em>Trichostrongylus sp., Ostertagia sp., Haemonchus sp., Cooperia sp., Hystrongylus sp., Bunostomun sp., Metastrongylus sp., Strongyloides sp., Ascaris suum.,\u00a0<\/em><em>Oesophagostomun sp.<\/em>\u00a0e\u00a0<em>Oxiuris equi.<\/em><\/p>\n<p>Indicado para combater os vermes nemat\u00f3ides (ovos, larvas e adultos) de aves, como:\u00a0<em>Oxispirura mansoni, Ascaridia galli<\/em>\u00a0e\u00a0<em>Heterakis gallinarum.<\/em><\/p>\n<p>Para combater os vermes cest\u00f3ides (ovos, larvas e adultos) de aves como:\u00a0<em>Raillietina sp.<\/em>,\u00a0<em>Amoebotaenia sphenoides<\/em>\u00a0e\u00a0<em>Davainea proglotina<\/em>.<\/p>\n<h2>F\u00f3rmula<\/h2>\n<table width=\"50%\" cellspacing=\"0\" cellpadding=\"0\">\n<tbody>\n<tr>\n<td class=\"cor01\">Fembendazol<\/td>\n<td class=\"cor01valor\">(2%)<\/td>\n<\/tr>\n<\/tbody>\n<\/table>\n<h2>Modo de usar<\/h2>\n<p>Administrar por via oral, em dose \u00fanica, misturando \u00e0 ra\u00e7\u00e3o ou \u00e0 \u00e1gua, de acordo com a posologia indicada, nas seguintes dosagens:<\/p>\n<p><strong>Bovinos:<\/strong>\u00a0Um sache (20g) de PROVERMIN\u00ae para cada 90kg de peso vivo, em dose \u00fanica.<\/p>\n<p><strong>Equinos:<\/strong>\u00a0Um sache (20g) de PROVERMIN\u00ae para cada 54kg de peso vivo, em dose \u00fanica.<\/p>\n<p><strong>Su\u00ednos, caprinos e ovinos:<\/strong>\u00a0Um sache (20g) de PROVERMIN\u00ae para cada 80kg de peso vivo, em dose \u00fanica.<\/p>\n<p><strong>Aves:<\/strong>\u00a0Um sach\u00ea (20g) de PROVERMIN\u00ae para cada 2kg de alimento, utilizar por 3 dias consecutivos.<\/p>\n<h2>Apresenta\u00e7\u00e3o<\/h2>\n<p>Cartucho contendo 50 sach\u00eas com 20g cada.<\/p>\n","protected":false},"excerpt":{"rendered":"<p>Indica\u00e7\u00f5es Indica\u00e7\u00f5es Indicado para combater os vermes nemat\u00f3ides (ovos, larvas e adultos) gastrointestinais e pulmonares de bovinos, equinos, ovinos, su\u00ednos e caprinos, como:\u00a0Trichostrongylus sp., Ostertagia sp., Haemonchus sp., Cooperia sp., Hystrongylus sp., Bunostomun sp., Metastrongylus sp., Strongyloides sp., Ascaris suum.,\u00a0Oesophagostomun sp.\u00a0e\u00a0Oxiuris equi. Indicado para combater os vermes nemat\u00f3ides (ovos, larvas e adultos) de aves, como:\u00a0Oxispirura [&hellip;]<\/p>\n","protected":false},"featured_media":1226,"template":"","meta":{"_monsterinsights_skip_tracking":false,"_monsterinsights_sitenote_active":false,"_monsterinsights_sitenote_note":"","_monsterinsights_sitenote_category":0},"product_brand":[],"product_cat":[119,123,127,129,136],"product_tag":[121,140,126,128,130,154],"class_list":{"0":"post-1225","1":"product","2":"type-product","3":"status-publish","4":"has-post-thumbnail","6":"product_cat-aves","7":"product_cat-medicamento","8":"product_cat-medicamentos","9":"product_cat-passaros","10":"product_cat-vermifugo","11":"product_tag-aves","12":"product_tag-indulbras","13":"product_tag-medicamento","14":"product_tag-medicamentos","15":"product_tag-passaros","16":"product_tag-vermifugo","18":"first","19":"instock","20":"shipping-taxable","21":"product-type-simple"},"aioseo_notices":[],"_links":{"self":[{"href":"https:\/\/sopassaros.com.br\/index.php\/wp-json\/wp\/v2\/product\/1225","targetHints":{"allow":["GET"]}}],"collection":[{"href":"https:\/\/sopassaros.com.br\/index.php\/wp-json\/wp\/v2\/product"}],"about":[{"href":"https:\/\/sopassaros.com.br\/index.php\/wp-json\/wp\/v2\/types\/product"}],"wp:featuredmedia":[{"embeddable":true,"href":"https:\/\/sopassaros.com.br\/index.php\/wp-json\/wp\/v2\/media\/1226"}],"wp:attachment":[{"href":"https:\/\/sopassaros.com.br\/index.php\/wp-json\/wp\/v2\/media?parent=1225"}],"wp:term":[{"taxonomy":"product_brand","embeddable":true,"href":"https:\/\/sopassaros.com.br\/index.php\/wp-json\/wp\/v2\/product_brand?post=1225"},{"taxonomy":"product_cat","embeddable":true,"href":"https:\/\/sopassaros.com.br\/index.php\/wp-json\/wp\/v2\/product_cat?post=1225"},{"taxonomy":"product_tag","embeddable":true,"href":"https:\/\/sopassaros.com.br\/index.php\/wp-json\/wp\/v2\/product_tag?post=1225"}],"curies":[{"name":"wp","href":"https:\/\/api.w.org\/{rel}","templated":true}]}}