{"id":1227,"date":"2019-03-31T14:23:38","date_gmt":"2019-03-31T17:23:38","guid":{"rendered":"http:\/\/sopassaros.com.br\/?post_type=product&#038;p=1227"},"modified":"2024-12-08T08:55:06","modified_gmt":"2024-12-08T11:55:06","slug":"beutiplus-2-2-2","status":"publish","type":"product","link":"https:\/\/sopassaros.com.br\/index.php\/product\/beutiplus-2-2-2\/","title":{"rendered":"TOPLINE"},"content":{"rendered":"<div class=\"infoProd\">\n<div class=\"paddingbox\">\n<p>Indicado somente para uso em gado de corte,\u00a0Topline\u00a0\u00e9 a solu\u00e7\u00e3o definitiva para o controle do carrapato, berne, mosca-do-chifre e mi\u00edase. Dispon\u00edvel em embalagens de 1 a 5 litros, o produto interrompe o efeito dos parasitas em qualquer fase do ciclo parasit\u00e1rio, desde as larvas, at\u00e9 a forma adulta.<\/p>\n<p>Com formula\u00e7\u00e3o hidrof\u00f3bica e maior durabilidade \u00e0 chuva,\u00a0<strong>Topline<\/strong>\u00a0se destaca por controlar cepas de carrapatos e moscas-dos-chifres resistentes \u00e0 formula de outros produtos do mercado. A a\u00e7\u00e3o mosquicida de Topline se prolonga por at\u00e9 35 dias ap\u00f3s o tratamento, prevenindo ainda a bicheira instalada no corpo dos animais.<\/p>\n<p>&nbsp;<\/p>\n<p>Uma op\u00e7\u00e3o altamente eficaz em programas estrat\u00e9gicos contra parasitas, Topline conta ainda com a vers\u00e3o\u00a0<strong>Topline<\/strong>. A alternativa \u00e9 respons\u00e1vel por colorir a pelagem do gado, a fim de facilitar a identifica\u00e7\u00e3o do animal tratado. Sua fun\u00e7\u00e3o e princ\u00edpio ativo, por\u00e9m, s\u00e3o as mesmas do produto tradicional.<\/p>\n<\/div>\n<\/div>\n<div class=\"clear\"><\/div>\n<div class=\"clear\"><\/div>\n<div class=\"infoProd\">\n<div class=\"line\">\n<h3 class=\"title big\">BULA<\/h3>\n<\/div>\n<div class=\"paddingbox\">\n<p>&nbsp;<\/p>\n<p><strong>F\u00f3rmula:<\/strong><\/p>\n<p>&nbsp;<\/p>\n<p>Topline, o\u00a0Fipronil, \u00e9 uma mol\u00e9cula nova e a primeira de uma nova classe de inseticidas-acaricidas, os\u00a0Fenilpiraz\u00f3is.<\/p>\n<p>&nbsp;<\/p>\n<p><strong>Indica\u00e7\u00f5es:<\/strong><\/p>\n<p>&nbsp;<\/p>\n<p>A efic\u00e1cia de\u00a0Topline\u00a0tende a se manifestar de forma r\u00e1pida, atingindo sua culmin\u00e2ncia, no controle do\u00a0<em>Boophilus\u00a0mucroplus<\/em>, dentro da primeira semana ap\u00f3s a aplica\u00e7\u00e3o. Estudos de registro indicam um controle da\u00a0<em>Dermatobia\u00a0hominis<\/em>\u00a0pr\u00f3ximo a 100% de efic\u00e1cia, por aproximadamente 3 semanas da aplica\u00e7\u00e3o.<\/p>\n<p>Infesta\u00e7\u00f5es pela Mosca-dos-Chifres\u00a0<em>(Haematobia\u00a0irritans)\u00a0<\/em>freq\u00fcentemente\u00a0cedem em cerca de 100% dos casos, durante a primeira semana da aplica\u00e7\u00e3o, e o tratamento resulta num controle satisfat\u00f3rio por aproximadamente 35 dias.\u00a0Topline\u00a0\u00e9 tamb\u00e9m bastante efetivo no controle das mi\u00edases causadas por larvas\u00a0da\u00a0<em>Cochliomyia\u00a0hominivorax<\/em>(bicheira).<\/p>\n<p>Topline\u00a0possui formula\u00e7\u00e3o\u00a0<em>hidrof\u00f3bica<\/em>\u00a0demonstrando boa resist\u00eancia \u00e0 chuva.<br \/>\nO\u00a0Fipronil\u00a0mata os parasitos sens\u00edveis por contato, bloqueando os canais de Cloro controlados pelo GABA (<em>\u00c1cido Gama-aminobut\u00edrico<\/em>), determinando paralisia esp\u00e1stica, morte e elimina\u00e7\u00e3o dos ectoparasitos sens\u00edveis. O\u00a0Fipronil\u00a0pode controlar eficazmente aqueles ectoparasitos resistentes \u00e0s outras mol\u00e9culas ectoparasiticidas convencionais, como\u00a0<em>piretr\u00f3ides<\/em>\u00a0e\u00a0<em>organofosforados<\/em><\/p>\n<p>&nbsp;<\/p>\n<p><strong>Dosagem:<\/strong><\/p>\n<p>&nbsp;<\/p>\n<p>Topline\u00a0est\u00e1 formulado para uso t\u00f3pico, e deve ser aplicado na dose de\u00a01mL\u00a0do produto para cada\u00a010Kg\u00a0de peso (10\u00a0mL\/100Kg) sobre a linha m\u00e9dia superior (dorso-lombo) dos animais, no espa\u00e7o compreendido entre a cernelha (cruzes) at\u00e9 a articula\u00e7\u00e3o lombo-sacral.<\/p>\n<p>Per\u00edodo de car\u00eancia:<\/p>\n<p>Abate: bovinos tratados n\u00e3o dever\u00e3o ser abatidos dentro do per\u00edodo de 100 dias ap\u00f3s o \u00faltimo tratamento, quando a carne se destinar ao consumo humano.<\/p>\n<p>&nbsp;<\/p>\n<p><strong>Administra\u00e7\u00e3o:<\/strong><\/p>\n<p>&nbsp;<\/p>\n<p>Benef\u00edcios<br \/>\n\u2022 Economia de manejos e m\u00e3o-de-obra.<br \/>\n\u2022 Menos estresse e maior ganho de peso para os animais tratados.<br \/>\n\u2022 Melhor rela\u00e7\u00e3o Custo\/Benef\u00edcio.<br \/>\n\u2022 Menor risco de acidentes.<br \/>\n\u2022 Evita as perdas decorrentes da espolia\u00e7\u00e3o causada pelas diferentes fases da vida dos ectoparasitos.<br \/>\n\u2022 Limpeza das pastagens.<br \/>\n\u2022 Interrompe o efeito do parasito em qualquer fase do ciclo parasit\u00e1rio.<br \/>\n\u2022 Maior seguran\u00e7a no aproveitamento da aplica\u00e7\u00e3o.<br \/>\n\u2022 Solu\u00e7\u00e3o definitiva dos problemas causados pelos ectoparasitos em \u00e1reas de insucesso com outros produtos.<\/p>\n<p>Nota:<\/p>\n<p>\u00c9 de consenso nacional que os animais sofrem, a cada movimenta\u00e7\u00e3o, uma perda de peso como conseq\u00fc\u00eancia direta do estresse. Na pecu\u00e1ria de corte os animais perdem em m\u00e9dia 1,5 kg\/animal\/manejo. Utilizando Topline\u00e2\u00a0os ectoparasitos estariam controlados com um n\u00famero menor de aplica\u00e7\u00f5es quando comparados \u00e0s 9 a 11 aplica\u00e7\u00f5es dos produtos convencionais. Essa diminui\u00e7\u00e3o do n\u00famero de manejos implica num ganho real de 6 kg a 9 kg\/animal\/ano. Devemos ainda considerar os outros benef\u00edcios, tais como: possibilidade de controle de cepas resistentes aos piretr\u00f3ides, limpeza das pastagens, menor risco de acidentes etc.<\/p>\n<p>&nbsp;<\/p>\n<p><strong>Precau\u00e7\u00f5es:<\/strong><\/p>\n<p>&nbsp;<\/p>\n<p>Prazo de validade<br \/>\n3 anos ap\u00f3s a data de fabrica\u00e7\u00e3o.<\/p>\n<p><strong>Advert\u00eancias:<\/strong><\/p>\n<p>&nbsp;<\/p>\n<p>\u2022 Topline\u00a0\u00e9 somente indicado para uso em gado de corte.<br \/>\n\u2022 N\u00e3o reutilizar o produto num intervalo inferior a 60 dias.<br \/>\n\u2022 Apesar de sua formula\u00e7\u00e3o hidrof\u00f3bica, chuvas torrenciais podem remover o Topline\u00a0da superf\u00edcie do corpo dos animais tratados, diminuindo o per\u00edodo de prote\u00e7\u00e3o proporcionado pelo produto no controle das ectoparasitoses.<\/p>\n<p><strong>Caracter\u00edsticas:<\/strong><\/p>\n<p>\u2022 A\u00e7\u00e3o mosquicida prolongada por at\u00e9 35 dias ap\u00f3s o tratamento.<br \/>\n\u2022 Maior intervalo entre aplica\u00e7\u00f5es.<br \/>\n\u2022 Amplo espectro com controle das 4 principais ectoparasitoses.<br \/>\n\u2022 Controle da popula\u00e7\u00e3o dos ectoparasitos por sua a\u00e7\u00e3o larvicida e adulticida.<br \/>\n\u2022 Facilidade de manejo e aplica\u00e7\u00e3o na formula\u00e7\u00e3o Pour-on.<br \/>\n\u2022 Produto n\u00e3o hidrossol\u00favel com maior resist\u00eancia \u00e0 chuva.<br \/>\n\u2022 Novo princ\u00edpio ativo, controla cepas resistentes aos outros produtos do mercado.<\/p>\n<p><strong>Apresenta\u00e7\u00e3o:<\/strong><\/p>\n<p>Embalagens de 1 e 5 litros. O produto deve ser administrado com dosificadores apropriados.<\/p>\n<\/div>\n<\/div>\n","protected":false},"excerpt":{"rendered":"<p>Indicado somente para uso em gado de corte,\u00a0Topline\u00a0\u00e9 a solu\u00e7\u00e3o definitiva para o controle do carrapato, berne, mosca-do-chifre e mi\u00edase. Dispon\u00edvel em embalagens de 1 a 5 litros, o produto interrompe o efeito dos parasitas em qualquer fase do ciclo parasit\u00e1rio, desde as larvas, at\u00e9 a forma adulta. Com formula\u00e7\u00e3o hidrof\u00f3bica e maior durabilidade \u00e0 [&hellip;]<\/p>\n","protected":false},"featured_media":1228,"template":"","meta":{"_monsterinsights_skip_tracking":false,"_monsterinsights_sitenote_active":false,"_monsterinsights_sitenote_note":"","_monsterinsights_sitenote_category":0},"product_brand":[],"product_cat":[144,123,127],"product_tag":[145,147,140,126,128],"class_list":{"0":"post-1227","1":"product","2":"type-product","3":"status-publish","4":"has-post-thumbnail","6":"product_cat-carrapaticida","7":"product_cat-medicamento","8":"product_cat-medicamentos","9":"product_tag-bovino","10":"product_tag-carrapaticida","11":"product_tag-indulbras","12":"product_tag-medicamento","13":"product_tag-medicamentos","15":"first","16":"instock","17":"shipping-taxable","18":"product-type-simple"},"aioseo_notices":[],"_links":{"self":[{"href":"https:\/\/sopassaros.com.br\/index.php\/wp-json\/wp\/v2\/product\/1227","targetHints":{"allow":["GET"]}}],"collection":[{"href":"https:\/\/sopassaros.com.br\/index.php\/wp-json\/wp\/v2\/product"}],"about":[{"href":"https:\/\/sopassaros.com.br\/index.php\/wp-json\/wp\/v2\/types\/product"}],"wp:featuredmedia":[{"embeddable":true,"href":"https:\/\/sopassaros.com.br\/index.php\/wp-json\/wp\/v2\/media\/1228"}],"wp:attachment":[{"href":"https:\/\/sopassaros.com.br\/index.php\/wp-json\/wp\/v2\/media?parent=1227"}],"wp:term":[{"taxonomy":"product_brand","embeddable":true,"href":"https:\/\/sopassaros.com.br\/index.php\/wp-json\/wp\/v2\/product_brand?post=1227"},{"taxonomy":"product_cat","embeddable":true,"href":"https:\/\/sopassaros.com.br\/index.php\/wp-json\/wp\/v2\/product_cat?post=1227"},{"taxonomy":"product_tag","embeddable":true,"href":"https:\/\/sopassaros.com.br\/index.php\/wp-json\/wp\/v2\/product_tag?post=1227"}],"curies":[{"name":"wp","href":"https:\/\/api.w.org\/{rel}","templated":true}]}}