{"id":1229,"date":"2019-03-31T14:39:37","date_gmt":"2019-03-31T17:39:37","guid":{"rendered":"http:\/\/sopassaros.com.br\/?post_type=product&#038;p=1229"},"modified":"2024-03-20T07:13:02","modified_gmt":"2024-03-20T10:13:02","slug":"beutiplus-2-2-2-2","status":"publish","type":"product","link":"https:\/\/sopassaros.com.br\/index.php\/product\/beutiplus-2-2-2-2\/","title":{"rendered":"VERMITRAT"},"content":{"rendered":"<p>CARACTER\u00cdSTICAS<\/p>\n<p>Anti-helm\u00edntico de largo espectro, contra formas adultas, larvares e ovos de cest\u00f3deos e nemat\u00f3deos gastrintestinais (vermes redondos), que acometem c\u00e3es e gatos.<\/p>\n<p>DETALHES DO PRODUTO<\/p>\n<p>Indica\u00e7\u00f5es<br \/>\nAnti-helm\u00edntico de largo espectro, contra formas adultas, larvares e ovos de cest\u00f3deos e nemat\u00f3deos gastrintestinais (vermes redondos), que acometem c\u00e3es e gatos, como: Toxocara cati, Ancylostoma caninum, Toxocara canis, Trichuris vulpis, Toxascaris leonina, Uncinaria stenocephala e Joyeuxiella pasqualei. O produtos possui a\u00e7\u00e3o terap\u00eautica nas fases maduras e imaturas, inclusive sobre ovos.<\/p>\n<p>F\u00f3rmula<br \/>\nMebendazol&#8230;&#8230;&#8230;&#8230;&#8230;&#8230;&#8230;&#8230;&#8230;&#8230;&#8230;&#8230;&#8230;&#8230;&#8230;&#8230;&#8230;&#8230;&#8230;&#8230;.100mg por comprimido<\/p>\n<p>Modo de usar<br \/>\nVia oral, dissolvido em l\u00edquidos ou diretamente na boca do animal, diariamente, por um per\u00edodo de 5 dias, na dosagem de um comprimido a cada 10Kg de peso corp\u00f3reo, obedecendo a seguinte tabela:<\/p>\n<p>Peso do animal&#8230;&#8230;&#8230;&#8230;&#8230;&#8230;&#8230;&#8230;&#8230;&#8230;&#8230;&#8230;&#8230;&#8230;&#8230;&#8230;&#8230;&#8230;&#8230;&#8230;&#8230;&#8230;&#8230;Dosagem<br \/>\nAt\u00e9 5kg&#8230;&#8230;&#8230;&#8230;&#8230;&#8230;&#8230;&#8230;&#8230;&#8230;&#8230;&#8230;&#8230;&#8230;&#8230;&#8230;&#8230;&#8230;&#8230;&#8230;&#8230;&#8230;&#8230;&#8230;&#8230;&#8230;1\/2 comprimido<br \/>\nDe 6 a 10kg&#8230;&#8230;&#8230;&#8230;&#8230;&#8230;&#8230;&#8230;&#8230;&#8230;&#8230;&#8230;&#8230;&#8230;&#8230;&#8230;&#8230;&#8230;&#8230;&#8230;&#8230;&#8230;&#8230;&#8230;&#8230;1 comprimido<br \/>\nDe 11 a 15Kg&#8230;&#8230;&#8230;&#8230;&#8230;&#8230;&#8230;&#8230;&#8230;&#8230;&#8230;&#8230;&#8230;&#8230;&#8230;&#8230;&#8230;&#8230;&#8230;&#8230;&#8230;1 e 1\/2 comprimidos<br \/>\nDe 16 a 20kg&#8230;&#8230;&#8230;&#8230;&#8230;&#8230;&#8230;&#8230;&#8230;&#8230;&#8230;&#8230;&#8230;&#8230;&#8230;&#8230;&#8230;&#8230;&#8230;&#8230;&#8230;&#8230;&#8230;&#8230;2 comprimidos<br \/>\nDe 21 a 25kg&#8230;&#8230;&#8230;&#8230;&#8230;&#8230;&#8230;&#8230;&#8230;&#8230;&#8230;&#8230;&#8230;&#8230;&#8230;&#8230;&#8230;&#8230;&#8230;&#8230;&#8230;.2 e 1\/2 comprimidos<br \/>\nDe 26 a 30kg&#8230;&#8230;&#8230;&#8230;&#8230;&#8230;&#8230;&#8230;&#8230;&#8230;&#8230;&#8230;&#8230;&#8230;&#8230;&#8230;&#8230;&#8230;&#8230;&#8230;&#8230;&#8230;&#8230;&#8230;3 comprimidos<\/p>\n<p>Apresenta\u00e7\u00e3o<br \/>\nCartucho contendo 25 cartelas com 6 comprimidos de 300mg cada.<\/p>\n","protected":false},"excerpt":{"rendered":"<p>CARACTER\u00cdSTICAS Anti-helm\u00edntico de largo espectro, contra formas adultas, larvares e ovos de cest\u00f3deos e nemat\u00f3deos gastrintestinais (vermes redondos), que acometem c\u00e3es e gatos. DETALHES DO PRODUTO Indica\u00e7\u00f5es Anti-helm\u00edntico de largo espectro, contra formas adultas, larvares e ovos de cest\u00f3deos e nemat\u00f3deos gastrintestinais (vermes redondos), que acometem c\u00e3es e gatos, como: Toxocara cati, Ancylostoma caninum, Toxocara [&hellip;]<\/p>\n","protected":false},"featured_media":1230,"template":"","meta":{"_monsterinsights_skip_tracking":false,"_monsterinsights_sitenote_active":false,"_monsterinsights_sitenote_note":"","_monsterinsights_sitenote_category":0},"product_brand":[],"product_cat":[89,84,123,127,136],"product_tag":[145,90,86,140,126,128,154],"class_list":{"0":"post-1229","1":"product","2":"type-product","3":"status-publish","4":"has-post-thumbnail","6":"product_cat-caes","7":"product_cat-gatos","8":"product_cat-medicamento","9":"product_cat-medicamentos","10":"product_cat-vermifugo","11":"product_tag-bovino","12":"product_tag-caes","13":"product_tag-gatos","14":"product_tag-indulbras","15":"product_tag-medicamento","16":"product_tag-medicamentos","17":"product_tag-vermifugo","19":"first","20":"instock","21":"shipping-taxable","22":"product-type-simple"},"aioseo_notices":[],"_links":{"self":[{"href":"https:\/\/sopassaros.com.br\/index.php\/wp-json\/wp\/v2\/product\/1229","targetHints":{"allow":["GET"]}}],"collection":[{"href":"https:\/\/sopassaros.com.br\/index.php\/wp-json\/wp\/v2\/product"}],"about":[{"href":"https:\/\/sopassaros.com.br\/index.php\/wp-json\/wp\/v2\/types\/product"}],"wp:featuredmedia":[{"embeddable":true,"href":"https:\/\/sopassaros.com.br\/index.php\/wp-json\/wp\/v2\/media\/1230"}],"wp:attachment":[{"href":"https:\/\/sopassaros.com.br\/index.php\/wp-json\/wp\/v2\/media?parent=1229"}],"wp:term":[{"taxonomy":"product_brand","embeddable":true,"href":"https:\/\/sopassaros.com.br\/index.php\/wp-json\/wp\/v2\/product_brand?post=1229"},{"taxonomy":"product_cat","embeddable":true,"href":"https:\/\/sopassaros.com.br\/index.php\/wp-json\/wp\/v2\/product_cat?post=1229"},{"taxonomy":"product_tag","embeddable":true,"href":"https:\/\/sopassaros.com.br\/index.php\/wp-json\/wp\/v2\/product_tag?post=1229"}],"curies":[{"name":"wp","href":"https:\/\/api.w.org\/{rel}","templated":true}]}}