{"id":1273,"date":"2019-04-11T20:09:05","date_gmt":"2019-04-11T23:09:05","guid":{"rendered":"http:\/\/sopassaros.com.br\/?post_type=product&#038;p=1273"},"modified":"2019-05-13T10:27:28","modified_gmt":"2019-05-13T13:27:28","slug":"racao-para-passaros-granulada-oleosa","status":"publish","type":"product","link":"https:\/\/sopassaros.com.br\/index.php\/product\/racao-para-passaros-granulada-oleosa\/","title":{"rendered":"RA\u00c7\u00c3O PARA P\u00c1SSAROS GRANULADA OLEOSA PARA SABI\u00c1 E P\u00c1SSARO PRETO"},"content":{"rendered":"","protected":false},"excerpt":{"rendered":"","protected":false},"featured_media":1442,"template":"","meta":{"_monsterinsights_skip_tracking":false,"_monsterinsights_sitenote_active":false,"_monsterinsights_sitenote_note":"","_monsterinsights_sitenote_category":0},"product_brand":[],"product_cat":[119,129,85],"product_tag":[121,166,156,167,130,161,87,168],"class_list":{"0":"post-1273","1":"product","2":"type-product","3":"status-publish","4":"has-post-thumbnail","6":"product_cat-aves","7":"product_cat-passaros","8":"product_cat-racao","9":"product_tag-aves","10":"product_tag-granulada","11":"product_tag-nutripassaros","12":"product_tag-passaro-preto","13":"product_tag-passaros","14":"product_tag-prebiotico","15":"product_tag-racao","16":"product_tag-sabia","18":"first","19":"instock","20":"shipping-taxable","21":"product-type-simple"},"aioseo_notices":[],"_links":{"self":[{"href":"https:\/\/sopassaros.com.br\/index.php\/wp-json\/wp\/v2\/product\/1273","targetHints":{"allow":["GET"]}}],"collection":[{"href":"https:\/\/sopassaros.com.br\/index.php\/wp-json\/wp\/v2\/product"}],"about":[{"href":"https:\/\/sopassaros.com.br\/index.php\/wp-json\/wp\/v2\/types\/product"}],"wp:featuredmedia":[{"embeddable":true,"href":"https:\/\/sopassaros.com.br\/index.php\/wp-json\/wp\/v2\/media\/1442"}],"wp:attachment":[{"href":"https:\/\/sopassaros.com.br\/index.php\/wp-json\/wp\/v2\/media?parent=1273"}],"wp:term":[{"taxonomy":"product_brand","embeddable":true,"href":"https:\/\/sopassaros.com.br\/index.php\/wp-json\/wp\/v2\/product_brand?post=1273"},{"taxonomy":"product_cat","embeddable":true,"href":"https:\/\/sopassaros.com.br\/index.php\/wp-json\/wp\/v2\/product_cat?post=1273"},{"taxonomy":"product_tag","embeddable":true,"href":"https:\/\/sopassaros.com.br\/index.php\/wp-json\/wp\/v2\/product_tag?post=1273"}],"curies":[{"name":"wp","href":"https:\/\/api.w.org\/{rel}","templated":true}]}}