{"id":1283,"date":"2019-04-11T20:28:05","date_gmt":"2019-04-11T23:28:05","guid":{"rendered":"http:\/\/sopassaros.com.br\/?post_type=product&#038;p=1283"},"modified":"2024-10-27T02:00:13","modified_gmt":"2024-10-27T05:00:13","slug":"racao-para-passaros-farelada-tico-tico","status":"publish","type":"product","link":"https:\/\/sopassaros.com.br\/index.php\/product\/racao-para-passaros-farelada-tico-tico\/","title":{"rendered":"RA\u00c7\u00c3O PARA P\u00c1SSAROS FARELADA PARA TICO-TICO"},"content":{"rendered":"","protected":false},"excerpt":{"rendered":"","protected":false},"featured_media":1440,"template":"","meta":{"_monsterinsights_skip_tracking":false,"_monsterinsights_sitenote_active":false,"_monsterinsights_sitenote_note":"","_monsterinsights_sitenote_category":0},"product_brand":[],"product_cat":[119,129,85],"product_tag":[121,171,156,130,87,172],"class_list":{"0":"post-1283","1":"product","2":"type-product","3":"status-publish","4":"has-post-thumbnail","6":"product_cat-aves","7":"product_cat-passaros","8":"product_cat-racao","9":"product_tag-aves","10":"product_tag-farelada","11":"product_tag-nutripassaros","12":"product_tag-passaros","13":"product_tag-racao","14":"product_tag-tico-tico","16":"first","17":"instock","18":"shipping-taxable","19":"product-type-simple"},"aioseo_notices":[],"_links":{"self":[{"href":"https:\/\/sopassaros.com.br\/index.php\/wp-json\/wp\/v2\/product\/1283","targetHints":{"allow":["GET"]}}],"collection":[{"href":"https:\/\/sopassaros.com.br\/index.php\/wp-json\/wp\/v2\/product"}],"about":[{"href":"https:\/\/sopassaros.com.br\/index.php\/wp-json\/wp\/v2\/types\/product"}],"wp:featuredmedia":[{"embeddable":true,"href":"https:\/\/sopassaros.com.br\/index.php\/wp-json\/wp\/v2\/media\/1440"}],"wp:attachment":[{"href":"https:\/\/sopassaros.com.br\/index.php\/wp-json\/wp\/v2\/media?parent=1283"}],"wp:term":[{"taxonomy":"product_brand","embeddable":true,"href":"https:\/\/sopassaros.com.br\/index.php\/wp-json\/wp\/v2\/product_brand?post=1283"},{"taxonomy":"product_cat","embeddable":true,"href":"https:\/\/sopassaros.com.br\/index.php\/wp-json\/wp\/v2\/product_cat?post=1283"},{"taxonomy":"product_tag","embeddable":true,"href":"https:\/\/sopassaros.com.br\/index.php\/wp-json\/wp\/v2\/product_tag?post=1283"}],"curies":[{"name":"wp","href":"https:\/\/api.w.org\/{rel}","templated":true}]}}