{"id":1287,"date":"2019-04-11T21:04:52","date_gmt":"2019-04-12T00:04:52","guid":{"rendered":"http:\/\/sopassaros.com.br\/?post_type=product&#038;p=1287"},"modified":"2024-10-25T14:33:00","modified_gmt":"2024-10-25T17:33:00","slug":"colosso-pulverizacao-ectoparasiticida","status":"publish","type":"product","link":"https:\/\/sopassaros.com.br\/index.php\/product\/colosso-pulverizacao-ectoparasiticida\/","title":{"rendered":"COLOSSO PULVERIZA\u00c7\u00c3O ECTOPARASITICIDA"},"content":{"rendered":"<p>Colosso \u00e9\u00a0Carrapaticida, mosquicida, bernicida, sarnicida, piolhicida e repelente. \u00a0 Eficaz: combate carrapatos, bernes, moscas, piolhos e sarnas. Seguro: associa ativos de alta seguran\u00e7a.Controla o cascudinho e outras pragas de galp\u00f5es av\u00edcolas.<\/p>\n<p><strong>Eficaz:<\/strong>\u00a0combate carrapatos, bernes, moscas, piolhos e sarnas.<br \/>\n<strong>Seguro:<\/strong>\u00a0associa ativos de alta seguran\u00e7a.<br \/>\nControla o cascudinho e outras pragas de galp\u00f5es av\u00edcolas.<br \/>\n<strong>Rent\u00e1vel:<\/strong>\u00a01 litro trata em m\u00e9dia 160 bovinos adultos.<br \/>\n<strong>Vers\u00e1til:<\/strong>\u00a0pode ser utilizado em pulveriza\u00e7\u00e3o e banheiro de imers\u00e3o.<\/p>\n<p><strong>F\u00f3rmula<\/strong><br \/>\nCada 100 mL cont\u00e9m:<\/p>\n<p>Cipermetrina &#8230;&#8230;&#8230;&#8230;&#8230;&#8230;&#8230;&#8230;&#8230;&#8230;&#8230;&#8230;&#8230;&#8230;&#8230;&#8230; 15 g<\/p>\n<p>Clorpirif\u00f3s &#8230;&#8230;&#8230;&#8230;&#8230;&#8230;&#8230;&#8230;&#8230;&#8230;&#8230;&#8230;&#8230;&#8230;&#8230;&#8230; 25 g<\/p>\n<p>Citronelal &#8230;&#8230;&#8230;&#8230;&#8230;&#8230;&#8230;&#8230;&#8230;&#8230;&#8230;&#8230;&#8230;&#8230;&#8230;&#8230; 1 g<\/p>\n<p>Ve\u00edculo q.s.p. &#8230;&#8230;&#8230;&#8230;&#8230;&#8230;&#8230;&#8230;&#8230;&#8230;&#8230;&#8230;&#8230;&#8230;&#8230;&#8230; 100 mL<\/p>\n<p><strong>Indica\u00e7\u00f5es:<\/strong><br \/>\nUso em pulveriza\u00e7\u00e3o ou banheiro de imers\u00e3o para o combate de carrapatos, bernes, moscas, sarnas e piolhos.<\/p>\n<p>Em galp\u00f5es av\u00edcolas, \u00e9 indicado no controle do cascudinho (Alphitobius diaperinus) e piolhos.<\/p>\n<p><strong>Modo de uso e dosagem:<\/strong><br \/>\nBovinos: diluir em \u00e1gua limpa.<\/p>\n<p>Pulveriza\u00e7\u00e3o: 1 litro para 800 litros de \u00e1gua ou 25 mL para 20 litros.<\/p>\n<p>Utilizar 5 litros de calda por animal adulto.<\/p>\n<p><strong>Banho de imers\u00e3o:<\/strong><br \/>\nCarga: 1 litro para 1.000 litros de \u00e1gua.<\/p>\n<p>Recarga: 1,5 litro para 1.000 litros de \u00e1gua.<\/p>\n<p>Su\u00ednos: diluir 1 litro em 400 litros de \u00e1gua.<\/p>\n<p>Avi\u00e1rios: diluir 1 litro em 400 litros de \u00e1gua. 1.000 litros de solu\u00e7\u00e3o para pulverizar um avi\u00e1rio de 1.200 m2.<\/p>\n<p><strong>Intervalo entre doses:<\/strong><br \/>\nA frequ\u00eancia do tratamento depender\u00e1 do desafio parasit\u00e1rio, baseado no limiar de infesta\u00e7\u00e3o e din\u00e2mica populacional do parasito, sempre de acordo com a orienta\u00e7\u00e3o de um m\u00e9dico-veterin\u00e1rio.<\/p>\n<p><strong>Per\u00edodo de car\u00eancia:<\/strong><br \/>\nCarne bovina ou su\u00edna: abate &#8211; 10 dias ap\u00f3s a \u00faltima aplica\u00e7\u00e3o.<\/p>\n<p>Leite: 3 dias ap\u00f3s a \u00faltima aplica\u00e7\u00e3o.<\/p>\n","protected":false},"excerpt":{"rendered":"<p>Colosso \u00e9\u00a0Carrapaticida, mosquicida, bernicida, sarnicida, piolhicida e repelente. \u00a0 Eficaz: combate carrapatos, bernes, moscas, piolhos e sarnas. Seguro: associa ativos de alta seguran\u00e7a.Controla o cascudinho e outras pragas de galp\u00f5es av\u00edcolas. Eficaz:\u00a0combate carrapatos, bernes, moscas, piolhos e sarnas. Seguro:\u00a0associa ativos de alta seguran\u00e7a. Controla o cascudinho e outras pragas de galp\u00f5es av\u00edcolas. Rent\u00e1vel:\u00a01 litro trata [&hellip;]<\/p>\n","protected":false},"featured_media":1288,"template":"","meta":{"_monsterinsights_skip_tracking":false,"_monsterinsights_sitenote_active":false,"_monsterinsights_sitenote_note":"","_monsterinsights_sitenote_category":0},"product_brand":[],"product_cat":[119,144,123,127,129,136],"product_tag":[121,145,134,147,174,126,128,176,175,173,154],"class_list":{"0":"post-1287","1":"product","2":"type-product","3":"status-publish","4":"has-post-thumbnail","6":"product_cat-aves","7":"product_cat-carrapaticida","8":"product_cat-medicamento","9":"product_cat-medicamentos","10":"product_cat-passaros","11":"product_cat-vermifugo","12":"product_tag-aves","13":"product_tag-bovino","14":"product_tag-caprinos","15":"product_tag-carrapaticida","16":"product_tag-gados","17":"product_tag-medicamento","18":"product_tag-medicamentos","19":"product_tag-mosquiticida","20":"product_tag-ourofino","21":"product_tag-parasaiticida","22":"product_tag-vermifugo","24":"first","25":"instock","26":"shipping-taxable","27":"product-type-simple"},"aioseo_notices":[],"_links":{"self":[{"href":"https:\/\/sopassaros.com.br\/index.php\/wp-json\/wp\/v2\/product\/1287","targetHints":{"allow":["GET"]}}],"collection":[{"href":"https:\/\/sopassaros.com.br\/index.php\/wp-json\/wp\/v2\/product"}],"about":[{"href":"https:\/\/sopassaros.com.br\/index.php\/wp-json\/wp\/v2\/types\/product"}],"wp:featuredmedia":[{"embeddable":true,"href":"https:\/\/sopassaros.com.br\/index.php\/wp-json\/wp\/v2\/media\/1288"}],"wp:attachment":[{"href":"https:\/\/sopassaros.com.br\/index.php\/wp-json\/wp\/v2\/media?parent=1287"}],"wp:term":[{"taxonomy":"product_brand","embeddable":true,"href":"https:\/\/sopassaros.com.br\/index.php\/wp-json\/wp\/v2\/product_brand?post=1287"},{"taxonomy":"product_cat","embeddable":true,"href":"https:\/\/sopassaros.com.br\/index.php\/wp-json\/wp\/v2\/product_cat?post=1287"},{"taxonomy":"product_tag","embeddable":true,"href":"https:\/\/sopassaros.com.br\/index.php\/wp-json\/wp\/v2\/product_tag?post=1287"}],"curies":[{"name":"wp","href":"https:\/\/api.w.org\/{rel}","templated":true}]}}