{"id":1290,"date":"2019-04-11T21:13:47","date_gmt":"2019-04-12T00:13:47","guid":{"rendered":"http:\/\/sopassaros.com.br\/?post_type=product&#038;p=1290"},"modified":"2019-04-11T21:13:47","modified_gmt":"2019-04-12T00:13:47","slug":"trissulfin","status":"publish","type":"product","link":"https:\/\/sopassaros.com.br\/index.php\/product\/trissulfin\/","title":{"rendered":"TRISSULFIN"},"content":{"rendered":"<div class=\"infoProd\">\n<div class=\"line\">\n<h3 class=\"title big\">DESCRI\u00c7\u00c3O<\/h3>\n<\/div>\n<div class=\"paddingbox\">\n<p>O Trissulfin \u00e9 um medicamento indicado para tratamento de todas as doen\u00e7as sens\u00edveis \u00e0 a\u00e7\u00e3o do Sulfametoxazol e do Trimetoprim, como: DCR, colibacilose, pasteurelose, tifo avi\u00e1rio, pulorose, coriza infecciosa, infec\u00e7\u00f5es prim\u00e1rias e secund\u00e1rias, purulentas ou n\u00e3o.<\/p>\n<\/div>\n<\/div>\n<div class=\"clear\"><\/div>\n<div class=\"clear\"><\/div>\n<div class=\"infoProd\">\n<div class=\"line\">\n<h3 class=\"title big\">FARMACODIN\u00c2MICA E FARMACOCIN\u00c9TICA:<\/h3>\n<\/div>\n<div class=\"paddingbox\">\n<p>Utilizado sozinho, o trimetoprim n\u00e3o \u00e9 particularmente efetivo contra as bact\u00e9rias, e desenvolve resist\u00eancia rapidamente. No entanto, quando combinado com as sulfonamidas, h\u00e1 efeito sin\u00e9rgico, pois as sulfas e o trimetoprim atuam em etapas diferentes da mesma via metab\u00f3lica, ocorrendo uma potencia\u00e7\u00e3o estimada em at\u00e9 20 vezes o efeito proporcionado de ambas as drogas quando utilizadas isoladamente. Quando administradas pela via oral a absor\u00e7\u00e3o das sulfonamidas ocorre com rapidez na regi\u00e3o de intestino delgado e em altas propor\u00e7\u00f5es (70 a 90%). O trimetoprim tamb\u00e9m apresenta boa absor\u00e7\u00e3o quando administrado pela via oral. O Sulfametoxazol \u00e9 considerado uma sulfonamida de a\u00e7\u00e3o curta, alcan\u00e7ando concentra\u00e7\u00e3o plasm\u00e1tica acima de 50 mcg\/mL em menos de 12 horas. Ap\u00f3s ingest\u00e3o e absor\u00e7\u00e3o, as sulfonamidas s\u00e3o biotransformadas por acetila\u00e7\u00e3o (no f\u00edgado e pulm\u00e3o), conjuga\u00e7\u00e3o da glucuronida e hidroxila\u00e7\u00e3o arom\u00e1tica. O metabolismo do trimetoprim ocorre por rea\u00e7\u00f5es de oxida\u00e7\u00e3o e conjuga\u00e7\u00e3o no f\u00edgado. A excre\u00e7\u00e3o das sulfonamidas, exceto daquelas que n\u00e3o s\u00e3o absorvidas quando administradas por via oral, ocorre atrav\u00e9s do rim. Sabe-se que a elimina\u00e7\u00e3o do trimetoprim ocorre de forma mais r\u00e1pida que muitas sulfonamidas, em que a elimina\u00e7\u00e3o na urina ocorre sem ser metabolizada em 60 a 80% e uma pequena porcentagem \u00e9 eliminada pela bile; o resto \u00e9 eliminado na forma de metab\u00f3litos inativos e tamb\u00e9m pela via renal .<\/p>\n<\/div>\n<\/div>\n<div class=\"clear\"><\/div>\n<div class=\"clear\"><\/div>\n<div class=\"infoProd\">\n<div class=\"line\">\n<h3 class=\"title big\">INDICA\u00c7\u00d5ES:<\/h3>\n<\/div>\n<div class=\"paddingbox\">\n<p>Trissulfin \u00ae \u00e9 indicado na preven\u00e7\u00e3o e no tratamento das enfermidades que acometem aves causadas pelos agentes Escherichia coli, Salmonella enteritidis, Salmonella gallinarum e Pasteurella multocida. Estes microrganismos s\u00e3o correlacionados com uma s\u00e9rie de enfermidades avi\u00e1rias, conforme descrito no quadro abaixo :<\/p>\n<table border=\"1\" cellspacing=\"0\" cellpadding=\"0\">\n<tbody>\n<tr>\n<td colspan=\"2\">Microrganismos patog\u00eanicos das aves sens\u00edveis ao Trissulfin e enfermidades correlacionadas<\/td>\n<\/tr>\n<tr>\n<td><strong>Microrganismo<\/strong><\/td>\n<td><strong>Doen\u00e7as relacionadas<\/strong><\/td>\n<\/tr>\n<tr>\n<td>Escherichia coli<\/td>\n<td>Celulite, onfalite, salpingite, s\u00edndrome da cabe\u00e7a inchada ( Localizadas); colisepticemia e doen\u00e7a respirat\u00f3rio cr\u00f4nica complicada, coligranuloma (sist\u00eamicas).<\/td>\n<\/tr>\n<tr>\n<td>Salmonella enteritidis<\/td>\n<td>Paratifo<\/td>\n<\/tr>\n<tr>\n<td>Salmonella Gallinarum<\/td>\n<td>Tifo, pulorose ou diarreia branca bacilar.<\/td>\n<\/tr>\n<tr>\n<td>Pasteurella multocida<\/td>\n<td>C\u00f3lera avi\u00e1ria<\/td>\n<\/tr>\n<\/tbody>\n<\/table>\n<\/div>\n<\/div>\n<div class=\"clear\"><\/div>\n<div class=\"clear\"><\/div>\n<div class=\"infoProd\">\n<div class=\"line\">\n<h3 class=\"title big\">RESPONS\u00c1VEL T\u00c9CNICA:<\/h3>\n<\/div>\n<div class=\"paddingbox\">Dra. Sandra Barioni Toma CRMV\/SP 14.81 7 Licenciado no Minist\u00e9rio da Agricultura sob n\u00ba 2.814 em 21\/01\/1988.<\/div>\n<\/div>\n<div class=\"clear\"><\/div>\n<div class=\"clear\"><\/div>\n<div class=\"infoProd\">\n<div class=\"line\">\n<h3 class=\"title big\">F\u00d3RMULA:<\/h3>\n<\/div>\n<div class=\"paddingbox\">\nCada 100 g cont\u00e9m:<\/p>\n<p>Trimetoprim &#8230;&#8230;&#8230;&#8230;&#8230;&#8230;&#8230;&#8230;&#8230;&#8230;&#8230;&#8230;&#8230;&#8230;&#8230;&#8230;&#8230;&#8230;&#8230;&#8230;&#8230;. 2,0 g<br \/>\nSulfametoxazol &#8230;&#8230;&#8230;&#8230;&#8230;&#8230;&#8230;&#8230;&#8230;&#8230;&#8230;&#8230;&#8230;&#8230;&#8230;&#8230;&#8230;&#8230;&#8230;&#8230;&#8230;&#8230;&#8230;&#8230;&#8230;&#8230;&#8230;&#8230;&#8230;&#8230;.. 10,0 g<br \/>\nVe\u00edculo q.s.p. &#8230;&#8230;&#8230;&#8230;&#8230;&#8230;&#8230;&#8230;&#8230;&#8230;&#8230;&#8230;&#8230;&#8230;&#8230;&#8230;&#8230;&#8230;&#8230;&#8230;&#8230;&#8230;&#8230;&#8230;&#8230;&#8230;&#8230;&#8230;&#8230;&#8230;&#8230;.. 100,0 g<\/p><\/div>\n<\/div>\n<div class=\"clear\"><\/div>\n<div class=\"clear\"><\/div>\n<div class=\"infoProd\">\n<div class=\"line\">\n<h3 class=\"title big\">MODO DE USO E DOSAGENS:<\/h3>\n<\/div>\n<div class=\"paddingbox\">\n<p>Trissulfin \u00ae dever\u00e1 ser administrado na dose de 33,33 mg\/kg de peso vivo para o sulfametoxazol e 6,67 mg\/kg de peso vivo para o trimetoprim, o que corresponde a 333,34 mg do produto final\/kg de peso vivo. Desta maneira, pode-se fornecer Trissulfin \u00ae aos animais considerando-se 1 g de produto para cada 3 kg de peso do animal.<br \/>\nA inclus\u00e3o do produto poder\u00e1 ser calculada a partir da dose do Trissulfin \u00ae considerando o peso vivo dos animais a receberem o tratamento e seu consumo m\u00e9dio de ra\u00e7\u00e3o, de acordo com o c\u00e1lculo abaixo:<\/p>\n<p>Quantidade Trissulfin \u00ae\/Ton. de ra\u00e7\u00e3o.<\/p>\n<p><u>Dose (333,34 mg de produto\/kg de PV) X Peso m\u00e9dio dos animais a\u00a0serem tratados (kg)<\/u>\u00a0 \u00a0 X 1000<\/p>\n<p>Quantidade de ra\u00e7\u00e3o consumida\/dia<\/p>\n<p>Outra forma para inclus\u00e3o do produto na ra\u00e7\u00e3o \u00e9 a seguir como base as rela\u00e7\u00f5es entre o peso dos animais a serem tratados e a quantidade de produto (mg) a ser adicionado por kg de ra\u00e7\u00e3o, como descrito no quadro abaixo:<\/p>\n<table border=\"1\" cellspacing=\"0\" cellpadding=\"0\">\n<tbody>\n<tr>\n<td colspan=\"3\">\u00a0 \u00a0 \u00a0 \u00a0 \u00a0 \u00a0 \u00a0 \u00a0 \u00a0 \u00a0 Sugest\u00e3o de uso para inclus\u00e3o\u00a0 do Trissulfin na ra\u00e7\u00e3o de aves<\/td>\n<\/tr>\n<tr>\n<td>\u00a0 \u00a0 \u00a0 \u00a0Vari\u00e1veis Aves<\/td>\n<td colspan=\"2\">\u00a0 \u00a0 \u00a0 \u00a0 \u00a0 \u00a0Quantidade de Produto (mg\/kg de Ra\u00e7\u00e3o)<\/td>\n<\/tr>\n<tr>\n<td>Peso (Kg)<\/td>\n<td>M\u00ednima<\/td>\n<td>M\u00e1xima<\/td>\n<\/tr>\n<tr>\n<td>0,04-0,8<\/td>\n<td>260<\/td>\n<td>5.040<\/td>\n<\/tr>\n<tr>\n<td>0,8-2,02<\/td>\n<td>1770<\/td>\n<td>4460<\/td>\n<\/tr>\n<tr>\n<td>2,02-2,67<\/td>\n<td>3680<\/td>\n<td>4870<\/td>\n<\/tr>\n<tr>\n<td>1,4-2,7<\/td>\n<td>4060<\/td>\n<td>11540<\/td>\n<\/tr>\n<tr>\n<td>3,4-5,0<\/td>\n<td>3180<\/td>\n<td>13130<\/td>\n<\/tr>\n<\/tbody>\n<\/table>\n<p>Salienta-se que como forma de uso principal do produto, o m\u00e9dico veterin\u00e1rio dever\u00e1 considerar o tratamento na dose de 40 mg de sulfametoxazol + trimetoprim\/kg de peso vivo\/dia, ou seja, 333,34 mg de Trissulfin \u00ae\/kg de peso vivo. A dose calculada deve ser totalmente fornecida diariamente durante o per\u00edodo de tratamento, que poder\u00e1 ser realizado por at\u00e9 03 dias consecutivos ou a crit\u00e9rio do M\u00e9dico Veterin\u00e1rio. A ra\u00e7\u00e3o contendo Trissulfin \u00ae pode ser fornecida aos animais por at\u00e9 10 dias ap\u00f3s sua mistura.\n<\/p><\/div>\n<\/div>\n<div class=\"clear\"><\/div>\n<div class=\"clear\"><\/div>\n<div class=\"infoProd\">\n<div class=\"line\">\n<h3 class=\"title big\">PRECAU\u00c7\u00d5ES E CONTRAINDICA\u00c7\u00d5ES<\/h3>\n<\/div>\n<div class=\"paddingbox\"><strong>Precau\u00e7\u00f5es:<\/strong><\/p>\n<p>Quando se administram as sulfas na ra\u00e7\u00e3o deve-se levar em considera\u00e7\u00e3o a energia (baixa energia, maior consumo), a temperatura (no frio ocorre aumento de consumo) e linhagem da ave (avidez por consumo) para se evitar efeitos t\u00f3xicos. A efic\u00e1cia das sulfonamidas pode reduzir radicalmente quando h\u00e1 excesso de \u00e1cido f\u00f3lico, timina, purina, metionina, plasma, sangue, albumina, tecido necr\u00f3tico e produtos de degrada\u00e7\u00e3o de prote\u00ednas end\u00f3genas, os quais podem fornecer substratos alternativos para as bact\u00e9rias. Obedecer \u00e0s dosagens recomendadas para uso do produto.<\/p>\n<p><strong>Contrandica\u00e7\u00f5es e limita\u00e7\u00f5es de uso:<\/strong><\/p>\n<p>As sulfonamidas s\u00e3o contraindicadas para frangos de corte que recebem ion\u00f3foros, podem causar redu\u00e7\u00e3o do ganho de peso e miodegenera\u00e7\u00e3o; assim como n\u00e3o devem ser utilizadas em galinhas com mais de 16 semanas de idade. Os medicamentos deste grupo n\u00e3o devem ainda ser administrados em animais com danos hep\u00e1ticos ou altera\u00e7\u00f5es hematopoi\u00e9ticas, assim como aplica\u00e7\u00e3o via t\u00f3pica direta j\u00e1 que interfere na cicatriza\u00e7\u00e3o de feridas e provoca rea\u00e7\u00f5es de sensibilidade. N\u00e3o administrar em animais com hist\u00f3rico de hipersensibilidade aos componentes do produto. N\u00e3o administrar o produto com o prazo de validade vencido.<\/p>\n<p><strong>Intera\u00e7\u00f5es Medicamentosas:<\/strong><\/p>\n<p>Solu\u00e7\u00f5es de sulfonamidas s\u00e3o incompat\u00edveis com o c\u00e1lcio. A absor\u00e7\u00e3o do sulfametoxazol pode ser comprometida pelo uso de anti\u00e1cidos. O sulfametoxazol potencializa as doses dos hipoglicemiantes orais. O sulfametoxazol pode atuar como inibidor da enzima microssomal, o que pode levar a manifesta\u00e7\u00f5es t\u00f3xicas de medicamentos como fenito\u00edna. Alguns anest\u00e9sicos derivados do \u00e1cido p-aminobenz\u00f3ico (proca\u00edna, tetraca\u00edna, butaca\u00edna e benzoca\u00edna), assim como a administra\u00e7\u00e3o concomitante de \u00e1cido fol\u00ednico, podem antagonizar o mecanismo de a\u00e7\u00e3o das sulfonamidas. O uso de sulfametoxazol e trimetoprim associados \u00e0 ciclosporina aumenta o risco de nefrotoxicidade. N\u00edveis sangu\u00edneos elevados de digoxina podem ocorrer em terapias concomitantes com sulfametoxazol e trimetoprim. Pacientes tratados concomitantemente com sulfametoxazol e trimetoprim e diur\u00e9ticos, principalmente os tiaz\u00eddicos, apresentam maior incid\u00eancia de trombocitopenia. As sulfonamidas podem deslocar o metotrexato dos pontos de liga\u00e7\u00e3o nas prote\u00ednas plasm\u00e1ticas, aumentando assim os riscos de efeitos t\u00f3xicos. A administra\u00e7\u00e3o de sulfametoxazol e trimetoprim pode aumentar o tempo de protrombina de indiv\u00edduos em uso de anticoagulantes do tipo warfarina .<\/p>\n<p><strong>Rea\u00e7\u00f5es Adversas:\u00a0<\/strong><\/p>\n<p>Trissulfin \u00ae n\u00e3o provoca rea\u00e7\u00f5es adversas quando utilizado segundo as recomenda\u00e7\u00f5es do fabricante. A terapia com sulfonamidas pode potencializar os efeitos m\u00f3rbidos da anemia infecciosa, da doen\u00e7a de Gumboro e da hepatite por corp\u00fasculo de inclus\u00e3o e vice-versa, decorrente de efeitos colaterais sobre o sistema imune e sangue circulante. Pode ainda aumentar a incid\u00eancia e a gravidade da defici\u00eancia de vitamina K em aves com menos de 3 a 3 semanas de idade ou em aves que passam por um epis\u00f3dio de perda de sangue (por exemplo, debicagem, coccidiose por E. tenella e E. necatrix). Em aves desidratadas ou com acidose metab\u00f3lica, as sulfonamidas podem induzir um quadro de cristal\u00faria. Aves com nefropatias causadas por subst\u00e2ncias t\u00f3xicas (aflatoxina, ocratoxina) ou mesmo decorrente de Gumboro ou bronquite infecciosa t\u00eam maior risco para ocorr\u00eancia de nefrite-nefrose. As sulfonamidas, mesmo quando associadas com as diaminopirimidinas, podem causar redu\u00e7\u00e3o do apetite, queda do consumo de \u00e1gua, da produ\u00e7\u00e3o de ovos, do peso do ovo e da eclos\u00e3o quando houver consumo de doses acima do recomendado. Em aves poedeiras, doses elevadas de sulfas podem causar diminui\u00e7\u00e3o da postura de ovos e a produ\u00e7\u00e3o de ovos defeituosos (casca fina e enrugada). Recomenda-se n\u00e3o administrar trimetoprim em animais com les\u00f5es no f\u00edgado ou anomalias hematol\u00f3gicas. O trimetoprim em doses elevadas e durante per\u00edodos prolongados pode provocar perturba\u00e7\u00f5es sangu\u00edneas do tipo megalobl\u00e1sticas, podendo ser prevenidas com a administra\u00e7\u00e3o de \u00e1cido f\u00f3lico .\n<\/p><\/div>\n<\/div>\n<div class=\"clear\"><\/div>\n<div class=\"clear\"><\/div>\n<div class=\"infoProd\">\n<div class=\"line\">\n<h3 class=\"title big\">PER\u00cdODO DE CAR\u00caNCIA<\/h3>\n<\/div>\n<div class=\"paddingbox\">\n<p><strong>Abate:\u00a0<\/strong>10 dias ap\u00f3s a \u00faltima aplica\u00e7\u00e3o do produto.<\/p>\n<p><strong>Ovos:\u00a0<\/strong>13 dias ap\u00f3s a \u00faltima aplica\u00e7\u00e3o do produto. Antes deste per\u00edodo, os ovos devem ser descartados.<\/p>\n<\/div>\n<\/div>\n","protected":false},"excerpt":{"rendered":"<p>DESCRI\u00c7\u00c3O O Trissulfin \u00e9 um medicamento indicado para tratamento de todas as doen\u00e7as sens\u00edveis \u00e0 a\u00e7\u00e3o do Sulfametoxazol e do Trimetoprim, como: DCR, colibacilose, pasteurelose, tifo avi\u00e1rio, pulorose, coriza infecciosa, infec\u00e7\u00f5es prim\u00e1rias e secund\u00e1rias, purulentas ou n\u00e3o. FARMACODIN\u00c2MICA E FARMACOCIN\u00c9TICA: Utilizado sozinho, o trimetoprim n\u00e3o \u00e9 particularmente efetivo contra as bact\u00e9rias, e desenvolve resist\u00eancia rapidamente. [&hellip;]<\/p>\n","protected":false},"featured_media":1291,"template":"","meta":{"_monsterinsights_skip_tracking":false,"_monsterinsights_sitenote_active":false,"_monsterinsights_sitenote_note":"","_monsterinsights_sitenote_category":0},"product_brand":[],"product_cat":[119,144,123,127,129,136],"product_tag":[121,126,128,176,175,173,178,177],"class_list":{"0":"post-1290","1":"product","2":"type-product","3":"status-publish","4":"has-post-thumbnail","6":"product_cat-aves","7":"product_cat-carrapaticida","8":"product_cat-medicamento","9":"product_cat-medicamentos","10":"product_cat-passaros","11":"product_cat-vermifugo","12":"product_tag-aves","13":"product_tag-medicamento","14":"product_tag-medicamentos","15":"product_tag-mosquiticida","16":"product_tag-ourofino","17":"product_tag-parasaiticida","18":"product_tag-samonela","19":"product_tag-trissulfin","21":"first","22":"instock","23":"shipping-taxable","24":"product-type-simple"},"aioseo_notices":[],"_links":{"self":[{"href":"https:\/\/sopassaros.com.br\/index.php\/wp-json\/wp\/v2\/product\/1290","targetHints":{"allow":["GET"]}}],"collection":[{"href":"https:\/\/sopassaros.com.br\/index.php\/wp-json\/wp\/v2\/product"}],"about":[{"href":"https:\/\/sopassaros.com.br\/index.php\/wp-json\/wp\/v2\/types\/product"}],"wp:featuredmedia":[{"embeddable":true,"href":"https:\/\/sopassaros.com.br\/index.php\/wp-json\/wp\/v2\/media\/1291"}],"wp:attachment":[{"href":"https:\/\/sopassaros.com.br\/index.php\/wp-json\/wp\/v2\/media?parent=1290"}],"wp:term":[{"taxonomy":"product_brand","embeddable":true,"href":"https:\/\/sopassaros.com.br\/index.php\/wp-json\/wp\/v2\/product_brand?post=1290"},{"taxonomy":"product_cat","embeddable":true,"href":"https:\/\/sopassaros.com.br\/index.php\/wp-json\/wp\/v2\/product_cat?post=1290"},{"taxonomy":"product_tag","embeddable":true,"href":"https:\/\/sopassaros.com.br\/index.php\/wp-json\/wp\/v2\/product_tag?post=1290"}],"curies":[{"name":"wp","href":"https:\/\/api.w.org\/{rel}","templated":true}]}}