{"id":1296,"date":"2019-04-11T21:28:34","date_gmt":"2019-04-12T00:28:34","guid":{"rendered":"http:\/\/sopassaros.com.br\/?post_type=product&#038;p=1296"},"modified":"2019-04-11T21:28:34","modified_gmt":"2019-04-12T00:28:34","slug":"eliminador-de-odores-sanol-dog","status":"publish","type":"product","link":"https:\/\/sopassaros.com.br\/index.php\/product\/eliminador-de-odores-sanol-dog\/","title":{"rendered":"ELIMINADOR DE ODORES"},"content":{"rendered":"<p>&#8211; Desenvolvido para eliminar odores;<br \/>\n&#8211; Ideal para ser utilizado em quintais, cl\u00ednicas veterin\u00e1rias, canis e diversos ambientes;<br \/>\n&#8211; Deixa o espa\u00e7o limpo e agrad\u00e1vel,<br \/>\n&#8211; Dispon\u00edvel em embalagens de 500ml e 2L.<\/p>\n","protected":false},"excerpt":{"rendered":"<p>&#8211; Desenvolvido para eliminar odores; &#8211; Ideal para ser utilizado em quintais, cl\u00ednicas veterin\u00e1rias, canis e diversos ambientes; &#8211; Deixa o espa\u00e7o limpo e agrad\u00e1vel, &#8211; Dispon\u00edvel em embalagens de 500ml e 2L.<\/p>\n","protected":false},"featured_media":1297,"template":"","meta":{"_monsterinsights_skip_tracking":false,"_monsterinsights_sitenote_active":false,"_monsterinsights_sitenote_note":"","_monsterinsights_sitenote_category":0},"product_brand":[],"product_cat":[89,179,92],"product_tag":[90,180,94,181],"class_list":{"0":"post-1296","1":"product","2":"type-product","3":"status-publish","4":"has-post-thumbnail","6":"product_cat-caes","7":"product_cat-eliminador-de-odores","8":"product_cat-higiene","9":"product_tag-caes","10":"product_tag-elminador-de-odores","11":"product_tag-higiene","12":"product_tag-sanoldog","14":"first","15":"instock","16":"shipping-taxable","17":"product-type-simple"},"aioseo_notices":[],"_links":{"self":[{"href":"https:\/\/sopassaros.com.br\/index.php\/wp-json\/wp\/v2\/product\/1296","targetHints":{"allow":["GET"]}}],"collection":[{"href":"https:\/\/sopassaros.com.br\/index.php\/wp-json\/wp\/v2\/product"}],"about":[{"href":"https:\/\/sopassaros.com.br\/index.php\/wp-json\/wp\/v2\/types\/product"}],"wp:featuredmedia":[{"embeddable":true,"href":"https:\/\/sopassaros.com.br\/index.php\/wp-json\/wp\/v2\/media\/1297"}],"wp:attachment":[{"href":"https:\/\/sopassaros.com.br\/index.php\/wp-json\/wp\/v2\/media?parent=1296"}],"wp:term":[{"taxonomy":"product_brand","embeddable":true,"href":"https:\/\/sopassaros.com.br\/index.php\/wp-json\/wp\/v2\/product_brand?post=1296"},{"taxonomy":"product_cat","embeddable":true,"href":"https:\/\/sopassaros.com.br\/index.php\/wp-json\/wp\/v2\/product_cat?post=1296"},{"taxonomy":"product_tag","embeddable":true,"href":"https:\/\/sopassaros.com.br\/index.php\/wp-json\/wp\/v2\/product_tag?post=1296"}],"curies":[{"name":"wp","href":"https:\/\/api.w.org\/{rel}","templated":true}]}}