{"id":1299,"date":"2019-04-11T21:35:09","date_gmt":"2019-04-12T00:35:09","guid":{"rendered":"http:\/\/sopassaros.com.br\/?post_type=product&#038;p=1299"},"modified":"2024-03-20T07:20:15","modified_gmt":"2024-03-20T10:20:15","slug":"eliminador-de-odores-sanol-dog-2","status":"publish","type":"product","link":"https:\/\/sopassaros.com.br\/index.php\/product\/eliminador-de-odores-sanol-dog-2\/","title":{"rendered":"TALCO ANTIPULGAS"},"content":{"rendered":"<div class=\"bottom-space-md\">\n<div class=\"title-box\">Detalhes<\/div>\n<div class=\"tab-details\">O\u00a0<strong>Talco\u00a0<a href=\"https:\/\/www.petlove.com.br\/sanol\">Sanol<\/a>\u00a0Dog Antipulgas &#8211; 100 g<\/strong>\u00a0\u00e9 um produto indicado no combate de pulgas, piolhos e carrapatos. Possui ativos como Permetrina, But\u00f3xido de Piperonila e \u00c1cido B\u00f3rico que ajudam a eliminar as indesejadas pragas que podem infestar nossos pets e o melhor com aroma agrad\u00e1vel.<br \/>\n* Consulte sempre o medico Veterin\u00e1rio de sua confian\u00e7a para o uso apropriado deste medicamento. Leia a bula ou informa\u00e7\u00f5es descritas na embalagem.<\/div>\n<\/div>\n<div class=\"bottom-space-md\">\n<hr \/>\n<div class=\"title-box\">Dicas Petlove<\/div>\n<div>\n<p><b>Modo de usar:<\/b><\/p>\n<p>Aplicar o\u00a0<b>Talco Sanol Dog Antipulgas<\/b>\u00a0no dorso do animal, evitando que o produto atinja olhos, boca e focinho e esfregar at\u00e9 que o p\u00f3 entre em contato com a pele.<br \/>\nRetirar o excesso de talco com o aux\u00edlio de uma escova.<br \/>\nA aplica\u00e7\u00e3o do produto deve ser feita em local ventilado.<br \/>\nPode ser aplicado diretamente no ambiente, para o combate a pulgas, carrapatos e outros ectoparasitos dos c\u00e3es.<\/p>\n<\/div>\n<\/div>\n<div class=\"bottom-space-md\">\n<hr \/>\n<div class=\"title-box\">Especifica\u00e7\u00f5es<\/div>\n<div class=\"tab-specifications\">\n<table class=\"table-sm\">\n<tbody>\n<tr>\n<th class=\"top\">Indica\u00e7\u00e3o<\/th>\n<td>Cachorros<\/td>\n<\/tr>\n<tr>\n<th class=\"top\">Ra\u00e7a<\/th>\n<td>Ra\u00e7as Pequenas, Ra\u00e7as M\u00e9dias, Ra\u00e7as Grandes<\/td>\n<\/tr>\n<tr>\n<th class=\"top\">Idade<\/th>\n<td>Adultos<\/td>\n<\/tr>\n<tr>\n<th class=\"top\">Tipo de Antipulgas<\/th>\n<td>T\u00f3pico<\/td>\n<\/tr>\n<tr>\n<th class=\"top\">Marca<\/th>\n<td>Sanol<\/td>\n<\/tr>\n<\/tbody>\n<\/table>\n<\/div>\n<\/div>\n","protected":false},"excerpt":{"rendered":"<p>Detalhes O\u00a0Talco\u00a0Sanol\u00a0Dog Antipulgas &#8211; 100 g\u00a0\u00e9 um produto indicado no combate de pulgas, piolhos e carrapatos. Possui ativos como Permetrina, But\u00f3xido de Piperonila e \u00c1cido B\u00f3rico que ajudam a eliminar as indesejadas pragas que podem infestar nossos pets e o melhor com aroma agrad\u00e1vel. * Consulte sempre o medico Veterin\u00e1rio de sua confian\u00e7a para o [&hellip;]<\/p>\n","protected":false},"featured_media":1300,"template":"","meta":{"_monsterinsights_skip_tracking":false,"_monsterinsights_sitenote_active":false,"_monsterinsights_sitenote_note":"","_monsterinsights_sitenote_category":0},"product_brand":[],"product_cat":[89,92,123,127,117],"product_tag":[153,90,94,181,118],"class_list":{"0":"post-1299","1":"product","2":"type-product","3":"status-publish","4":"has-post-thumbnail","6":"product_cat-caes","7":"product_cat-higiene","8":"product_cat-medicamento","9":"product_cat-medicamentos","10":"product_cat-talco","11":"product_tag-antipulgas","12":"product_tag-caes","13":"product_tag-higiene","14":"product_tag-sanoldog","15":"product_tag-talco","17":"first","18":"instock","19":"shipping-taxable","20":"product-type-simple"},"aioseo_notices":[],"_links":{"self":[{"href":"https:\/\/sopassaros.com.br\/index.php\/wp-json\/wp\/v2\/product\/1299","targetHints":{"allow":["GET"]}}],"collection":[{"href":"https:\/\/sopassaros.com.br\/index.php\/wp-json\/wp\/v2\/product"}],"about":[{"href":"https:\/\/sopassaros.com.br\/index.php\/wp-json\/wp\/v2\/types\/product"}],"wp:featuredmedia":[{"embeddable":true,"href":"https:\/\/sopassaros.com.br\/index.php\/wp-json\/wp\/v2\/media\/1300"}],"wp:attachment":[{"href":"https:\/\/sopassaros.com.br\/index.php\/wp-json\/wp\/v2\/media?parent=1299"}],"wp:term":[{"taxonomy":"product_brand","embeddable":true,"href":"https:\/\/sopassaros.com.br\/index.php\/wp-json\/wp\/v2\/product_brand?post=1299"},{"taxonomy":"product_cat","embeddable":true,"href":"https:\/\/sopassaros.com.br\/index.php\/wp-json\/wp\/v2\/product_cat?post=1299"},{"taxonomy":"product_tag","embeddable":true,"href":"https:\/\/sopassaros.com.br\/index.php\/wp-json\/wp\/v2\/product_tag?post=1299"}],"curies":[{"name":"wp","href":"https:\/\/api.w.org\/{rel}","templated":true}]}}