{"id":1305,"date":"2019-04-12T08:55:04","date_gmt":"2019-04-12T11:55:04","guid":{"rendered":"http:\/\/sopassaros.com.br\/?post_type=product&#038;p=1305"},"modified":"2019-04-12T08:55:04","modified_gmt":"2019-04-12T11:55:04","slug":"colonia-sanol","status":"publish","type":"product","link":"https:\/\/sopassaros.com.br\/index.php\/product\/colonia-sanol\/","title":{"rendered":"COL\u00d4NIA SANOL"},"content":{"rendered":"<p>&#8211; Indicada para c\u00e3es e gatos;<br \/>\n&#8211; Mant\u00eam seu pet com um aroma agrad\u00e1vel por mais tempo;<br \/>\n&#8211; N\u00e3o cont\u00e9m \u00e1lcool em sua composi\u00e7\u00e3o,<br \/>\n&#8211; Com f\u00f3rmula suave especialmente desenvolvida para os pets.<\/p>\n","protected":false},"excerpt":{"rendered":"<p>&#8211; Indicada para c\u00e3es e gatos; &#8211; Mant\u00eam seu pet com um aroma agrad\u00e1vel por mais tempo; &#8211; N\u00e3o cont\u00e9m \u00e1lcool em sua composi\u00e7\u00e3o, &#8211; Com f\u00f3rmula suave especialmente desenvolvida para os pets.<\/p>\n","protected":false},"featured_media":1306,"template":"","meta":{"_monsterinsights_skip_tracking":false,"_monsterinsights_sitenote_active":false,"_monsterinsights_sitenote_note":"","_monsterinsights_sitenote_category":0},"product_brand":[],"product_cat":[89,84,92],"product_tag":[90,184,86,94,181],"class_list":{"0":"post-1305","1":"product","2":"type-product","3":"status-publish","4":"has-post-thumbnail","6":"product_cat-caes","7":"product_cat-gatos","8":"product_cat-higiene","9":"product_tag-caes","10":"product_tag-colonia","11":"product_tag-gatos","12":"product_tag-higiene","13":"product_tag-sanoldog","15":"first","16":"instock","17":"shipping-taxable","18":"product-type-simple"},"aioseo_notices":[],"_links":{"self":[{"href":"https:\/\/sopassaros.com.br\/index.php\/wp-json\/wp\/v2\/product\/1305","targetHints":{"allow":["GET"]}}],"collection":[{"href":"https:\/\/sopassaros.com.br\/index.php\/wp-json\/wp\/v2\/product"}],"about":[{"href":"https:\/\/sopassaros.com.br\/index.php\/wp-json\/wp\/v2\/types\/product"}],"wp:featuredmedia":[{"embeddable":true,"href":"https:\/\/sopassaros.com.br\/index.php\/wp-json\/wp\/v2\/media\/1306"}],"wp:attachment":[{"href":"https:\/\/sopassaros.com.br\/index.php\/wp-json\/wp\/v2\/media?parent=1305"}],"wp:term":[{"taxonomy":"product_brand","embeddable":true,"href":"https:\/\/sopassaros.com.br\/index.php\/wp-json\/wp\/v2\/product_brand?post=1305"},{"taxonomy":"product_cat","embeddable":true,"href":"https:\/\/sopassaros.com.br\/index.php\/wp-json\/wp\/v2\/product_cat?post=1305"},{"taxonomy":"product_tag","embeddable":true,"href":"https:\/\/sopassaros.com.br\/index.php\/wp-json\/wp\/v2\/product_tag?post=1305"}],"curies":[{"name":"wp","href":"https:\/\/api.w.org\/{rel}","templated":true}]}}