{"id":1307,"date":"2019-04-12T08:57:31","date_gmt":"2019-04-12T11:57:31","guid":{"rendered":"http:\/\/sopassaros.com.br\/?post_type=product&#038;p=1307"},"modified":"2019-04-12T08:57:51","modified_gmt":"2019-04-12T11:57:51","slug":"condicionador-revitalizante","status":"publish","type":"product","link":"https:\/\/sopassaros.com.br\/index.php\/product\/condicionador-revitalizante\/","title":{"rendered":"CONDICIONADOR REVITALIZANTE"},"content":{"rendered":"<div>Condicionador Sanol Feito com o que a de melhor no mercado, hidrata, desembara\u00e7a, deixa o pelo macio muito melhor na hora de escovar o seu pet, com um agrad\u00e1vel perfume ideal, que s\u00f3 os condicionadores sanol tem.<\/div>\n<div><\/div>\n<div>Com queratina vegetal silicone, seu pH \u00e9 neutro deixa os pelos mais fortes, nutri, repara e fortalece o pelo.<\/div>\n<div><\/div>\n<div>\u00c9 biodegrad\u00e1vel.<\/div>\n<div><\/div>\n<h4><strong>Como usar:<\/strong><\/h4>\n<div>Ap\u00f3s dar banho em seu pet com o Shampoo, aplique o condicionador por toda a pelagem do animal, massageando.<\/div>\n<div><\/div>\n<div>Deixe agir por 3 minutos e, em seguida enxaguar bem.<\/div>\n<div><\/div>\n<h4><strong>Sanol Dog:<\/strong><\/h4>\n<div>Sanol Dog \u00e9 uma linha de produtos desenvolvida pela Total Qu\u00edmica especialmente para beleza e higiene do seu pet. Empresa que desde 1992 vem desenvolvendo produtos com a mais alta tecnologia em suas formula\u00e7\u00f5es e com embalagens inovadores mostrando assim um total compromisso com a sustentabilidade. Desta forma os produtos da Sanol Dog se tornaram referencia no mercado.<\/div>\n","protected":false},"excerpt":{"rendered":"<p>Condicionador Sanol Feito com o que a de melhor no mercado, hidrata, desembara\u00e7a, deixa o pelo macio muito melhor na hora de escovar o seu pet, com um agrad\u00e1vel perfume ideal, que s\u00f3 os condicionadores sanol tem. Com queratina vegetal silicone, seu pH \u00e9 neutro deixa os pelos mais fortes, nutri, repara e fortalece o [&hellip;]<\/p>\n","protected":false},"featured_media":1309,"template":"","meta":{"_monsterinsights_skip_tracking":false,"_monsterinsights_sitenote_active":false,"_monsterinsights_sitenote_note":"","_monsterinsights_sitenote_category":0},"product_brand":[],"product_cat":[89,92],"product_tag":[90,185,94,181],"class_list":{"0":"post-1307","1":"product","2":"type-product","3":"status-publish","4":"has-post-thumbnail","6":"product_cat-caes","7":"product_cat-higiene","8":"product_tag-caes","9":"product_tag-condicionado","10":"product_tag-higiene","11":"product_tag-sanoldog","13":"first","14":"instock","15":"shipping-taxable","16":"product-type-simple"},"aioseo_notices":[],"_links":{"self":[{"href":"https:\/\/sopassaros.com.br\/index.php\/wp-json\/wp\/v2\/product\/1307","targetHints":{"allow":["GET"]}}],"collection":[{"href":"https:\/\/sopassaros.com.br\/index.php\/wp-json\/wp\/v2\/product"}],"about":[{"href":"https:\/\/sopassaros.com.br\/index.php\/wp-json\/wp\/v2\/types\/product"}],"wp:featuredmedia":[{"embeddable":true,"href":"https:\/\/sopassaros.com.br\/index.php\/wp-json\/wp\/v2\/media\/1309"}],"wp:attachment":[{"href":"https:\/\/sopassaros.com.br\/index.php\/wp-json\/wp\/v2\/media?parent=1307"}],"wp:term":[{"taxonomy":"product_brand","embeddable":true,"href":"https:\/\/sopassaros.com.br\/index.php\/wp-json\/wp\/v2\/product_brand?post=1307"},{"taxonomy":"product_cat","embeddable":true,"href":"https:\/\/sopassaros.com.br\/index.php\/wp-json\/wp\/v2\/product_cat?post=1307"},{"taxonomy":"product_tag","embeddable":true,"href":"https:\/\/sopassaros.com.br\/index.php\/wp-json\/wp\/v2\/product_tag?post=1307"}],"curies":[{"name":"wp","href":"https:\/\/api.w.org\/{rel}","templated":true}]}}