{"id":1312,"date":"2019-04-13T07:06:34","date_gmt":"2019-04-13T10:06:34","guid":{"rendered":"http:\/\/sopassaros.com.br\/?post_type=product&#038;p=1312"},"modified":"2024-10-26T20:08:16","modified_gmt":"2024-10-26T23:08:16","slug":"barrage-carrapaticida","status":"publish","type":"product","link":"https:\/\/sopassaros.com.br\/index.php\/product\/barrage-carrapaticida\/","title":{"rendered":"BARRAGE CARRAPATICIDA"},"content":{"rendered":"<h2>Descri\u00e7\u00e3o<\/h2>\n<p>Barrage \u00ae \u00c9 Um Concentrado Emulsion\u00e1vel Contendo 150 Gramas De Alfa-Ciano-3-Fenoxibenzil-2,2-Dimetil-3-(2,2-Diclorovinil)-Ciclopropano Carboxilato, (Cypermethrin) Por Litro.<br \/>\nPoder Residual De 8 A 14 Dias.<br \/>\nPara Bovinos: Em Banheiro De Imerso: Carga: Utilizar 1 Litro De Barrage\u00a8 Para 1000 Litros De \u00c1gua (1 : 1000). Em Pulveriza\u00e7\u00e3o: Diluir 20 Ml De Barrage \u00ae Em 200 Litros De \u00c1gua A Serem Utilizados, Misturando Bem. Banhar Toda A Superf\u00edcie Do Animal, Especialmente As Regi\u00f5es Mais Sujeitas Infesta\u00e7\u00f5es Por Moscas Ou Carrapatos, Tais Como: Orelhas, Barbela, Entre Membros, Virilha E Inser\u00e7\u00e3o Da Cauda. Usar Sempre Pulverizadores Com Boa Press\u00f5es E Digirir O Jato No Sentido Contr\u00e1rio Aos P\u00ealos. Recomenda-Se O Consumo De 5 Litros De Produto Dilu\u00eddo No Banho De Cada Bovino Adulto.<\/p>\n<p>Em Casos De Infesta\u00e7\u00f5es Muito Severas De Carrapatos E Moscas \u2013 Do \u2013 Chifre, Utilizar Na Propor\u00e7\u00e3o De 1 : 600, Ou Seja, 1 Litro De Barrage \u00ae Para 600 Litros De \u00c1gua.<br \/>\nIntervalos Entre Banhos: Os Tratamentos Podem Ser Repetidos A Cada 4 Ou 5 Semanas.<br \/>\nDeve Ser Usado Em Banheiros De Imerso Ou Em Pulveriz\u00e1-Lo, Podendo Ser Aplicado Em Pulverizadores Manuais Ou Motorizados.<br \/>\n\u00c9 Ativo Contra Todos Os Tipos De Carrapatos Em Suas Formas Jovens Ou Adultas, Inclusive Linhagens Resistentes \u00c0 Carrapaticidas De Outros Grupos Qu\u00edmicos.<br \/>\nBaixa Toxicidade. Barrage \u00ae \u00c9 Muito Eficaz Contra A Mosca-Do-Chifre (Haematobia Irritans). Apresenta Boa Estabilidade E Permanece Ativo Por Longo Per\u00edodo De Tempo.<\/p>\n","protected":false},"excerpt":{"rendered":"<p>Descri\u00e7\u00e3o Barrage \u00ae \u00c9 Um Concentrado Emulsion\u00e1vel Contendo 150 Gramas De Alfa-Ciano-3-Fenoxibenzil-2,2-Dimetil-3-(2,2-Diclorovinil)-Ciclopropano Carboxilato, (Cypermethrin) Por Litro. Poder Residual De 8 A 14 Dias. Para Bovinos: Em Banheiro De Imerso: Carga: Utilizar 1 Litro De Barrage\u00a8 Para 1000 Litros De \u00c1gua (1 : 1000). Em Pulveriza\u00e7\u00e3o: Diluir 20 Ml De Barrage \u00ae Em 200 Litros De [&hellip;]<\/p>\n","protected":false},"featured_media":1313,"template":"","meta":{"_monsterinsights_skip_tracking":false,"_monsterinsights_sitenote_active":false,"_monsterinsights_sitenote_note":"","_monsterinsights_sitenote_category":0},"product_brand":[],"product_cat":[144,123,127],"product_tag":[145,147,174,126,128,173,186],"class_list":{"0":"post-1312","1":"product","2":"type-product","3":"status-publish","4":"has-post-thumbnail","6":"product_cat-carrapaticida","7":"product_cat-medicamento","8":"product_cat-medicamentos","9":"product_tag-bovino","10":"product_tag-carrapaticida","11":"product_tag-gados","12":"product_tag-medicamento","13":"product_tag-medicamentos","14":"product_tag-parasaiticida","15":"product_tag-zoetis","17":"first","18":"instock","19":"shipping-taxable","20":"product-type-simple"},"aioseo_notices":[],"_links":{"self":[{"href":"https:\/\/sopassaros.com.br\/index.php\/wp-json\/wp\/v2\/product\/1312","targetHints":{"allow":["GET"]}}],"collection":[{"href":"https:\/\/sopassaros.com.br\/index.php\/wp-json\/wp\/v2\/product"}],"about":[{"href":"https:\/\/sopassaros.com.br\/index.php\/wp-json\/wp\/v2\/types\/product"}],"wp:featuredmedia":[{"embeddable":true,"href":"https:\/\/sopassaros.com.br\/index.php\/wp-json\/wp\/v2\/media\/1313"}],"wp:attachment":[{"href":"https:\/\/sopassaros.com.br\/index.php\/wp-json\/wp\/v2\/media?parent=1312"}],"wp:term":[{"taxonomy":"product_brand","embeddable":true,"href":"https:\/\/sopassaros.com.br\/index.php\/wp-json\/wp\/v2\/product_brand?post=1312"},{"taxonomy":"product_cat","embeddable":true,"href":"https:\/\/sopassaros.com.br\/index.php\/wp-json\/wp\/v2\/product_cat?post=1312"},{"taxonomy":"product_tag","embeddable":true,"href":"https:\/\/sopassaros.com.br\/index.php\/wp-json\/wp\/v2\/product_tag?post=1312"}],"curies":[{"name":"wp","href":"https:\/\/api.w.org\/{rel}","templated":true}]}}