{"id":1315,"date":"2019-04-13T07:14:23","date_gmt":"2019-04-13T10:14:23","guid":{"rendered":"http:\/\/sopassaros.com.br\/?post_type=product&#038;p=1315"},"modified":"2019-04-13T07:14:47","modified_gmt":"2019-04-13T10:14:47","slug":"lavicida-mata-bicheira-fort-dodge","status":"publish","type":"product","link":"https:\/\/sopassaros.com.br\/index.php\/product\/lavicida-mata-bicheira-fort-dodge\/","title":{"rendered":"LARVICIDA FORT DODGE MATA BICHEIRA"},"content":{"rendered":"<div class=\"col-md-7 prod-info\">\n<div>\n<p>&#8211; Indicada para bovinos, equinos;<br \/>\n&#8211; Indicado para prevenir e curar infec\u00e7\u00f5es e bicheiras (mi\u00edases) nos umbigos dos animais rec\u00e9m-nascidos e nas feridas causadas por castra\u00e7\u00e3o, descorna, amputa\u00e7\u00e3o de cauda, marca\u00e7\u00e3o, tosquia, pisaduras, escoria\u00e7\u00f5es diversas e na sutura de cirurgias;<br \/>\n&#8211;\u00a0Al\u00e9m disso \u00e9 recomendado contra bernes, podrid\u00e3o do p\u00e9 e no tratamento de frieiras ap\u00f3s o corte;<br \/>\n&#8211;\u00a0Permite a instant\u00e2nea paralisa\u00e7\u00e3o das larvas, evitando a aproxima\u00e7\u00e3o de insetos e reinfesta\u00e7\u00e3o das feridas;<br \/>\n&#8211; Dispon\u00edvel em embalagem com 500ml.<\/p>\n<\/div>\n<\/div>\n<div id=\"especificacoes\" class=\"col-md-12\">\n<h2>Especifica\u00e7\u00f5es<\/h2>\n<ul>\n<li><b>Indica\u00e7\u00e3o:<\/b>\u00a0Tratamento<\/li>\n<li><b>Pet:<\/b>\u00a0Equinos e Bovinos<\/li>\n<li><b>Porte de Ra\u00e7a:<\/b>\u00a0Grande<\/li>\n<li><b>Idade:<\/b>\u00a0Adulto<\/li>\n<li><b>Composi\u00e7\u00e3o:<\/b>\u00a0Supona,Vapona,Exciplente p.s.p<\/li>\n<li><b>Uso:<\/b>\u00a0T\u00f3pico<\/li>\n<li><b>Tipo:<\/b>\u00a0Terap\u00eautico<\/li>\n<li><b>Apresenta\u00e7\u00e3o:<\/b>Dispon\u00edvel em embalagem com 500ml<\/li>\n<\/ul>\n<\/div>\n","protected":false},"excerpt":{"rendered":"<p>&#8211; Indicada para bovinos, equinos; &#8211; Indicado para prevenir e curar infec\u00e7\u00f5es e bicheiras (mi\u00edases) nos umbigos dos animais rec\u00e9m-nascidos e nas feridas causadas por castra\u00e7\u00e3o, descorna, amputa\u00e7\u00e3o de cauda, marca\u00e7\u00e3o, tosquia, pisaduras, escoria\u00e7\u00f5es diversas e na sutura de cirurgias; &#8211;\u00a0Al\u00e9m disso \u00e9 recomendado contra bernes, podrid\u00e3o do p\u00e9 e no tratamento de frieiras ap\u00f3s [&hellip;]<\/p>\n","protected":false},"featured_media":1316,"template":"","meta":{"_monsterinsights_skip_tracking":false,"_monsterinsights_sitenote_active":false,"_monsterinsights_sitenote_note":"","_monsterinsights_sitenote_category":0},"product_brand":[],"product_cat":[144,123,127],"product_tag":[187,145,147,132,174,188,126,128,173,186],"class_list":{"0":"post-1315","1":"product","2":"type-product","3":"status-publish","4":"has-post-thumbnail","6":"product_cat-carrapaticida","7":"product_cat-medicamento","8":"product_cat-medicamentos","9":"product_tag-bicheiras","10":"product_tag-bovino","11":"product_tag-carrapaticida","12":"product_tag-equinos","13":"product_tag-gados","14":"product_tag-larvicida","15":"product_tag-medicamento","16":"product_tag-medicamentos","17":"product_tag-parasaiticida","18":"product_tag-zoetis","20":"first","21":"instock","22":"shipping-taxable","23":"product-type-simple"},"aioseo_notices":[],"_links":{"self":[{"href":"https:\/\/sopassaros.com.br\/index.php\/wp-json\/wp\/v2\/product\/1315","targetHints":{"allow":["GET"]}}],"collection":[{"href":"https:\/\/sopassaros.com.br\/index.php\/wp-json\/wp\/v2\/product"}],"about":[{"href":"https:\/\/sopassaros.com.br\/index.php\/wp-json\/wp\/v2\/types\/product"}],"wp:featuredmedia":[{"embeddable":true,"href":"https:\/\/sopassaros.com.br\/index.php\/wp-json\/wp\/v2\/media\/1316"}],"wp:attachment":[{"href":"https:\/\/sopassaros.com.br\/index.php\/wp-json\/wp\/v2\/media?parent=1315"}],"wp:term":[{"taxonomy":"product_brand","embeddable":true,"href":"https:\/\/sopassaros.com.br\/index.php\/wp-json\/wp\/v2\/product_brand?post=1315"},{"taxonomy":"product_cat","embeddable":true,"href":"https:\/\/sopassaros.com.br\/index.php\/wp-json\/wp\/v2\/product_cat?post=1315"},{"taxonomy":"product_tag","embeddable":true,"href":"https:\/\/sopassaros.com.br\/index.php\/wp-json\/wp\/v2\/product_tag?post=1315"}],"curies":[{"name":"wp","href":"https:\/\/api.w.org\/{rel}","templated":true}]}}