{"id":1317,"date":"2019-04-13T07:18:55","date_gmt":"2019-04-13T10:18:55","guid":{"rendered":"http:\/\/sopassaros.com.br\/?post_type=product&#038;p=1317"},"modified":"2019-04-13T07:18:55","modified_gmt":"2019-04-13T10:18:55","slug":"potenay-gold-b12","status":"publish","type":"product","link":"https:\/\/sopassaros.com.br\/index.php\/product\/potenay-gold-b12\/","title":{"rendered":"POTENAY GOLD B12"},"content":{"rendered":"<div class=\"col-md-7 prod-info\">\n<h2 class=\"main-section__title item-description__title\">Descri\u00e7\u00e3o<\/h2>\n<div id=\"description-includes\" class=\"item-description__content \">\n<div class=\"item-description__text\">\n<p>POTENAY GOLD B12 &#8211; (T\u00f4nico reconstituinte e estimulante) &#8211; 120 ml<\/p>\n<p>Potenay\u00ae Gold B12, t\u00f4nico reconstituinte e estimulante, cont\u00e9m subst\u00e2ncias necess\u00e1rias para cercar todas as causas que comumente ocasionam os estados de estresse e que impedem o melhor desempenho das fun\u00e7\u00f5es vitais dos animais.<\/p>\n<p>Vitamina B12: trata falta de apetite, fraqueza, fadiga, stress, anemia, desnutri\u00e7\u00e3o.<br \/>\nEsp\u00e9cies: bovinos, equinos, suinos, ovinos e caprinos.<\/p>\n<p>&#8211; Indica\u00e7\u00e3o: pode ser usado em animais mesmo quando n\u00e3o for identificada a causa prim\u00e1ria espec\u00edfica. Fraqueza, fadiga, estresse, abatimento, anemia, desnutri\u00e7\u00e3o, convalescen\u00e7a de enfermidades infecciosas e parasit\u00e1rias.<br \/>\n&#8211; Como t\u00f4nico reconstituinte durante os per\u00edodos de gesta\u00e7\u00e3o e lacta\u00e7\u00e3o.<br \/>\n&#8211; Para aumentar o t\u00f4nus muscular e estimular o sistema circulat\u00f3rio, notadamente ap\u00f3s manejo dos animais, vacina\u00e7\u00f5es, tratamentos, etc. Na \u00e9poca de cobertura, como fortificante.<br \/>\n&#8211; Usado em c\u00e3es, gatos, ovinos, bovinos, equinos, su\u00ednos e caprinos.<\/p>\n<p>MODO DE USAR:<br \/>\nAdministra\u00e7\u00e3o: Via oral<\/p>\n<p>&#8211; C\u00e3es e gatos: administrar por via oral, na dose de 1 a 2 ml para cada 5 kg, 3 vezes ao dia.<br \/>\n&#8211; Bovinos, eq\u00fcinos, su\u00ednos, ovinos e caprinos: administrar por via oral, na dose de 1 a 2 ml para cada 5kg, 2 vezes ao dia.<br \/>\n&#8211; Aves: administrar por via oral, na dose de 15 ml\/2 litros de \u00e1gua de bebida. Dispensar o conte\u00fado misturado ap\u00f3s 36 horas.<\/p>\n<p>Precau\u00e7\u00f5es:<br \/>\n&#8211; O produto n\u00e3o pode ser usado no tratamento de hipotens\u00e3o por Clorpromazina.<br \/>\n&#8211; Usar o produto com cautela em animais card\u00edacos.<br \/>\n&#8211; Conservar em local fresco (20\u00b0C a 30\u00b0C), seco, ao abrigo da luz solar e fora do alcance de crian\u00e7as e animais dom\u00e9sticos.<\/p>\n<p>COMPOSI\u00c7\u00c3O:<\/p>\n<p>Cada 100 mL cont\u00e9m:<br \/>\nSulfato de mefentermina &#8230;&#8230;&#8230;&#8230;&#8230;&#8230;&#8230;&#8230;&#8230;&#8230;&#8230;&#8230;..66,7 mg<br \/>\nVitamina B2 (riboflavina) &#8230;&#8230;&#8230;&#8230;&#8230;&#8230;&#8230;&#8230;&#8230;&#8230;&#8230;&#8230;..14,0 mg<br \/>\nVitamina B6 (piridoxina) &#8230;&#8230;&#8230;&#8230;&#8230;&#8230;&#8230;&#8230;&#8230;&#8230;&#8230;&#8230;&#8230;10,0 mg<br \/>\nVitamina B3 (nicotinamida) &#8230;&#8230;&#8230;&#8230;&#8230;&#8230;&#8230;&#8230;&#8230;&#8230;..140,0 mg<br \/>\nGlicerofosfato de c\u00e1lcio &#8230;&#8230;&#8230;&#8230;&#8230;&#8230;&#8230;&#8230;&#8230;&#8230;&#8230;&#8230;.500,0 mg<br \/>\nGlicerofosfato de pot\u00e1ssio&#8230;&#8230;&#8230;&#8230;&#8230;&#8230;&#8230;&#8230;&#8230;&#8230;&#8230;..100,0 mg<br \/>\nGlicerofosfato de s\u00f3dio &#8230;&#8230;&#8230;&#8230;&#8230;&#8230;&#8230;&#8230;&#8230;&#8230;&#8230;..1.000,0 mg<br \/>\nGlicerofosfato de mangan\u00eas &#8230;&#8230;&#8230;&#8230;&#8230;&#8230;&#8230;&#8230;&#8230;&#8230;&#8230;50,0 mg<br \/>\nVitamina B12 (cianocobalamina)&#8230;&#8230;&#8230;&#8230;&#8230;&#8230;&#8230;&#8230;.. 480,0 mg<br \/>\nVe\u00edculo q.s.p. &#8230;&#8230;&#8230;&#8230;&#8230;&#8230;&#8230;&#8230;&#8230;&#8230;&#8230;&#8230;&#8230;&#8230;&#8230;&#8230;&#8230;. 100,0 mL<\/p>\n<\/div>\n<\/div>\n<\/div>\n","protected":false},"excerpt":{"rendered":"<p>Descri\u00e7\u00e3o POTENAY GOLD B12 &#8211; (T\u00f4nico reconstituinte e estimulante) &#8211; 120 ml Potenay\u00ae Gold B12, t\u00f4nico reconstituinte e estimulante, cont\u00e9m subst\u00e2ncias necess\u00e1rias para cercar todas as causas que comumente ocasionam os estados de estresse e que impedem o melhor desempenho das fun\u00e7\u00f5es vitais dos animais. Vitamina B12: trata falta de apetite, fraqueza, fadiga, stress, anemia, [&hellip;]<\/p>\n","protected":false},"featured_media":1318,"template":"","meta":{"_monsterinsights_skip_tracking":false,"_monsterinsights_sitenote_active":false,"_monsterinsights_sitenote_note":"","_monsterinsights_sitenote_category":0},"product_brand":[],"product_cat":[89,123,127,122],"product_tag":[145,90,146,132,174,188,126,128,120,186],"class_list":{"0":"post-1317","1":"product","2":"type-product","3":"status-publish","4":"has-post-thumbnail","6":"product_cat-caes","7":"product_cat-medicamento","8":"product_cat-medicamentos","9":"product_cat-suplemento-vitaminico","10":"product_tag-bovino","11":"product_tag-caes","12":"product_tag-caprino","13":"product_tag-equinos","14":"product_tag-gados","15":"product_tag-larvicida","16":"product_tag-medicamento","17":"product_tag-medicamentos","18":"product_tag-suplemento-vitaminico","19":"product_tag-zoetis","21":"first","22":"instock","23":"shipping-taxable","24":"product-type-simple"},"aioseo_notices":[],"_links":{"self":[{"href":"https:\/\/sopassaros.com.br\/index.php\/wp-json\/wp\/v2\/product\/1317","targetHints":{"allow":["GET"]}}],"collection":[{"href":"https:\/\/sopassaros.com.br\/index.php\/wp-json\/wp\/v2\/product"}],"about":[{"href":"https:\/\/sopassaros.com.br\/index.php\/wp-json\/wp\/v2\/types\/product"}],"wp:featuredmedia":[{"embeddable":true,"href":"https:\/\/sopassaros.com.br\/index.php\/wp-json\/wp\/v2\/media\/1318"}],"wp:attachment":[{"href":"https:\/\/sopassaros.com.br\/index.php\/wp-json\/wp\/v2\/media?parent=1317"}],"wp:term":[{"taxonomy":"product_brand","embeddable":true,"href":"https:\/\/sopassaros.com.br\/index.php\/wp-json\/wp\/v2\/product_brand?post=1317"},{"taxonomy":"product_cat","embeddable":true,"href":"https:\/\/sopassaros.com.br\/index.php\/wp-json\/wp\/v2\/product_cat?post=1317"},{"taxonomy":"product_tag","embeddable":true,"href":"https:\/\/sopassaros.com.br\/index.php\/wp-json\/wp\/v2\/product_tag?post=1317"}],"curies":[{"name":"wp","href":"https:\/\/api.w.org\/{rel}","templated":true}]}}