{"id":1319,"date":"2019-04-13T07:23:11","date_gmt":"2019-04-13T10:23:11","guid":{"rendered":"http:\/\/sopassaros.com.br\/?post_type=product&#038;p=1319"},"modified":"2019-04-14T15:14:19","modified_gmt":"2019-04-14T18:14:19","slug":"terramicina-solucao-injetavel","status":"publish","type":"product","link":"https:\/\/sopassaros.com.br\/index.php\/product\/terramicina-solucao-injetavel\/","title":{"rendered":"TERRAMICINA SOLU\u00c7\u00c3O INJET\u00c1VEL"},"content":{"rendered":"<div class=\"col-md-7 prod-info\">\n<p>Terramicina LA Solu\u00e7\u00e3o Injet\u00e1vel \u00e9 um produto est\u00e1vel \u00e0 base de oxitetraciclina dihidratada- antibi\u00f3tico de amplo espectro, altamente ativo contra um grande n\u00famero de microrganismos Gram positivos, Gram negativos, certas esp\u00e9cies de micoplasmas, riqu\u00e9tsias e protozo\u00e1rios. O produto Terramicina LA apresenta uma formula\u00e7\u00e3o contendo 200 mg de oxitetraciclina dihidratada por mL. Terramicina LA \u00e9 rapidamente absorvida, mantendo um alto n\u00edvel na corrente sang\u00fcinea por um per\u00edodo de 3 a 5 dias. \u00c9 absolutamente est\u00e9ril, n\u00e3o necessita de refrigera\u00e7\u00e3o e est\u00e1 pronta para uso.<\/p>\n<p>Terramicina LA em Bovinos: Para o tratamento de anaplasmose (Anaplasma marginale), pneumonia (Pasteurella multocida, Haemophillus sp, Mycoplasma sp, Bordetella sp, Klebsiella sp), leptospirose (Leptospira sp), podrid\u00e3o do casco (foot-root), difteria, metrite, mastite sist\u00eamica (Pasteurella sp, Bacillus sp, Streptococcus sp, Klebsiella sp, Mycoplasma sp), enterite bacteriana (E. coli, Salmonella sp) actinobacilose (Actinobacillus sp), artrite infecciosa (E. coli, Salmonella sp), feridas infecciosas, pericardite infecciosa, dermatofilose (Dermatophilus congolensis) e queratoconjuntivite infecciosa (Moraxella bovis). Auxiliar no controle e preven\u00e7\u00e3o das infec\u00e7\u00f5es p\u00f3s-operat\u00f3rias e p\u00f3s-parto causadas por germes sens\u00edveis \u00e0 oxitetraciclina.<\/p>\n<p>Terramicina LA em Su\u00ednos: Para o tratamento da pneumonia (Pasteurella sp, Haemophillus sp, Mycoplasma sp, Bordetella bronchiseptica), leptospirose (Leptospira sp), erisipela (Erysipelothrix sp), enterite bacteriana, artrite infecciosa e feridas infecciosas (E. coli, Salmonella sp). Auxiliar no controle e preven\u00e7\u00e3o da sindrome MMA (metrite-mastite-agalaxia) causadas por E. coli e Klebsiella sp em porcas, diarr\u00e9ia em leit\u00f5es, e infec\u00e7\u00f5es p\u00f3s-operat\u00f3rias e p\u00f3s-partos causadas por E. coli e Salmonella sp.<\/p>\n<p>Terramicina LA em Ovinos: Para o tratamento da pneumonia (Pasteurella multocida, Mycoplasma sp, Haemophillus sp), aborto enzo\u00f3tico, podrid\u00e3o do casco (foot-root), mastite sist\u00eamica, metrite, artrite infecciosa, pericardite infecciosa e feridas infecciosas, causadas por Pasteurella multocida, Bacillus sp, Streptococcus sp, Klebsiella sp e Mycoplasma sp. Auxiliar no controle e preven\u00e7\u00e3o das infec\u00e7\u00f5es p\u00f3s-operat\u00f3rias e p\u00f3s-partos causadas por germes sens\u00edveis a oxitetraciclina.<\/p>\n<p>Terramicina LA em Caprinos: Para o tratamento da pneumonia (Pasteurella multocida. Mycoplasma sp, Haemophillus sp), mastite sist\u00eamica, podrid\u00e3o do casco (foot-root), pericardite infecciosa e feridas infecciosas, causadas por Pasteurella multocida, Streptococcus sp e Klebsiella sp. Terramicina LA em Aves: Para o tratamento da Bouba Avi\u00e1ria e Doen\u00e7a Respirat\u00f3ria Cr\u00f4nica Complicada, causadas por Mycoplasma gallisepticum e E. coli. ,<\/p>\n<p>Terramicina LA em Coelhos: Para o tratamento e preven\u00e7\u00e3o de infec\u00e7\u00f5es causadas por Pasteurella multocida, Bordetella bronchiseptica, E. coli e Salmonella spp.<\/p>\n<p>Dosagem de Terramicina LA: Normalmente, uma simples dose ser\u00e1 suficiente para um tratamento eficaz. Entretanto, eminfec\u00e7\u00f5es severas, h\u00e1 necessidade de uma segunda dose, tr\u00eas a cinco dias ap\u00f3s aaplica\u00e7\u00e3o inicial.<\/p>\n<p>A subdosagem de interfere na efic\u00e1cia do tratamento.<\/p>\n<p>A dosagem pode ser modificada a crit\u00e9rio do m\u00e9dico veterin\u00e1rio.<\/p>\n<p>Terramicina em Bovinos: 1 mL para cada 10 kgde peso. N\u00e3o deve ser injetado mais de 10 mL do produto em um mesmo local.<\/p>\n<p>Terramicina em Su\u00ednos: Em leit\u00f5es com at\u00e9 10 kgde peso, administrar 1 mL de Terramicina LA em apenas um local. Animais pesando mais de 10 kg, aplicar 1 mL de Terramicina LA para cada 10 kg de peso e, com mais de 100 kgrecomenda-se dividir a dose em dois locais de aplica\u00e7\u00e3o.<\/p>\n<p>Terramicina em Ovinos e Caprinos: Administrar 1 mL de Terramicina LA para cada 10 kg de peso. Em animais com mais de 50 kg de peso, recomenda-se dividir a dose em dois locais de aplica\u00e7\u00e3o.<\/p>\n<p>Terramicina LA em Aves e coelhos: Administrar dose \u00fanica de 0,25 mL do produto para cada kg de peso correspondente a 50mg\/kg.<\/p>\n<p>Administra\u00e7\u00e3o:<\/p>\n<p>Terramicina LA Solu\u00e7\u00e3o Injet\u00e1vel em:<\/p>\n<p>-Terramicina LA em Bovinos: Por via intramuscular, profundamente no m\u00fasculo (coxa) ou atrav\u00e9s da via subcut\u00e2nea(nas \u00e1reas de pele solta do pesco\u00e7o, na frente ou atr\u00e1s da paleta)<\/p>\n<p>&#8211; Terramicina LA em Su\u00ednos: Por via subcut\u00e2nea.<\/p>\n<p>&#8211; Terramicina LA em Ovinos e Caprinos: Por via intramuscular.<\/p>\n<p>OBSERVA\u00c7\u00d5ES:<\/p>\n<p>Normalmente, uma simples dose de Terramicina LA ser\u00e1 suficiente para um tratamento eficaz. Entretanto, em infec\u00e7\u00f5es severas, h\u00e1 necessidade de uma segunda dose, tr\u00eas a cinco dias ap\u00f3s a aplica\u00e7\u00e3o inicial. Guardar o produto em um lugar fresco e seco ao abrigo da luz solar, preferencialmente entre15 e 30\u00b0C, fora do alcance das crian\u00e7as.<\/p>\n<p>&#8220;A subdosagem interfere na efic\u00e1cia do tratamento&#8221;.<\/p>\n<p>&#8220;A Terramicina LA Solu\u00e7\u00e3o Injet\u00e1vel pode se tornar escura com o tempo, por\u00e9m sua atividade permanece inalterada&#8221;.<\/p>\n<p>As dosagens podem ser alteradas a crit\u00e9rio do m\u00e9dico veterin\u00e1rio.<\/p>\n<p>Precau\u00e7\u00f5es com Terramicina LA:<\/p>\n<p>&#8211; A Terramicina LA Solu\u00e7\u00e3o Injet\u00e1vel pode se tornar escura com o tempo, por\u00e9m sua atividade permanece inalterada.<\/p>\n<p>&#8211; Suspender a medica\u00e7\u00e3o 28 dias antes do abate dos animais para consumo humano.<\/p>\n<p>&#8211; O leite de vacas em tratamento, nas 96 horas seguintes ao tratamento, n\u00e3o deve ser usado para consumo humano.<\/p>\n<p>&#8211; N\u00e3o administrar Terramicina LA em aves produtoras de ovos para consumo humano.<\/p>\n<\/div>\n","protected":false},"excerpt":{"rendered":"<p>Terramicina LA Solu\u00e7\u00e3o Injet\u00e1vel \u00e9 um produto est\u00e1vel \u00e0 base de oxitetraciclina dihidratada- antibi\u00f3tico de amplo espectro, altamente ativo contra um grande n\u00famero de microrganismos Gram positivos, Gram negativos, certas esp\u00e9cies de micoplasmas, riqu\u00e9tsias e protozo\u00e1rios. O produto Terramicina LA apresenta uma formula\u00e7\u00e3o contendo 200 mg de oxitetraciclina dihidratada por mL. Terramicina LA \u00e9 rapidamente [&hellip;]<\/p>\n","protected":false},"featured_media":1320,"template":"","meta":{"_monsterinsights_skip_tracking":false,"_monsterinsights_sitenote_active":false,"_monsterinsights_sitenote_note":"","_monsterinsights_sitenote_category":0},"product_brand":[],"product_cat":[119,123,127,129],"product_tag":[148,121,145,90,146,190,132,174,188,126,128,189,186],"class_list":{"0":"post-1319","1":"product","2":"type-product","3":"status-publish","4":"has-post-thumbnail","6":"product_cat-aves","7":"product_cat-medicamento","8":"product_cat-medicamentos","9":"product_cat-passaros","10":"product_tag-antibiotico","11":"product_tag-aves","12":"product_tag-bovino","13":"product_tag-caes","14":"product_tag-caprino","15":"product_tag-coelhos","16":"product_tag-equinos","17":"product_tag-gados","18":"product_tag-larvicida","19":"product_tag-medicamento","20":"product_tag-medicamentos","21":"product_tag-suino","22":"product_tag-zoetis","24":"first","25":"instock","26":"shipping-taxable","27":"product-type-simple"},"aioseo_notices":[],"_links":{"self":[{"href":"https:\/\/sopassaros.com.br\/index.php\/wp-json\/wp\/v2\/product\/1319","targetHints":{"allow":["GET"]}}],"collection":[{"href":"https:\/\/sopassaros.com.br\/index.php\/wp-json\/wp\/v2\/product"}],"about":[{"href":"https:\/\/sopassaros.com.br\/index.php\/wp-json\/wp\/v2\/types\/product"}],"wp:featuredmedia":[{"embeddable":true,"href":"https:\/\/sopassaros.com.br\/index.php\/wp-json\/wp\/v2\/media\/1320"}],"wp:attachment":[{"href":"https:\/\/sopassaros.com.br\/index.php\/wp-json\/wp\/v2\/media?parent=1319"}],"wp:term":[{"taxonomy":"product_brand","embeddable":true,"href":"https:\/\/sopassaros.com.br\/index.php\/wp-json\/wp\/v2\/product_brand?post=1319"},{"taxonomy":"product_cat","embeddable":true,"href":"https:\/\/sopassaros.com.br\/index.php\/wp-json\/wp\/v2\/product_cat?post=1319"},{"taxonomy":"product_tag","embeddable":true,"href":"https:\/\/sopassaros.com.br\/index.php\/wp-json\/wp\/v2\/product_tag?post=1319"}],"curies":[{"name":"wp","href":"https:\/\/api.w.org\/{rel}","templated":true}]}}