{"id":1321,"date":"2019-04-14T15:08:32","date_gmt":"2019-04-14T18:08:32","guid":{"rendered":"http:\/\/sopassaros.com.br\/?post_type=product&#038;p=1321"},"modified":"2019-04-14T15:14:00","modified_gmt":"2019-04-14T18:14:00","slug":"terramicina-po-soluvel","status":"publish","type":"product","link":"https:\/\/sopassaros.com.br\/index.php\/product\/terramicina-po-soluvel\/","title":{"rendered":"TERRAMICINA P\u00d3 SOL\u00daVEL"},"content":{"rendered":"<div class=\"col-md-7 prod-info\">\n<div id=\"productContentformula\" class=\"float description-table \" data-title-modal=\"Formula\">\n<h3 class=\"title-informations2\">FORMULA<\/h3>\n<div class=\"float text-informations\">\n<p><strong>Cada 100g de\u00a0Terramicina P\u00f3 AG77\u00a0cont\u00e9m<\/strong>:<\/p>\n<ul>\n<li><strong>Terramicina (cloridrato de oxitetraciclina)<\/strong>&#8230;&#8230;&#8230;&#8230;&#8230;&#8230;&#8230;&#8230;&#8230;&#8230;&#8230;&#8230;.. 5,5g<\/li>\n<li><strong>Antigerm 77 (cloreto de benzet\u00f4nio)\u00a0<\/strong>&#8230;&#8230;&#8230;&#8230;&#8230;&#8230;&#8230;&#8230;&#8230;&#8230;&#8230;&#8230;&#8230;&#8230;&#8230;&#8230; 5,5g<\/li>\n<li>Ve\u00edculo &#8230;q.s.p. &#8230;&#8230;&#8230;&#8230;&#8230;&#8230;&#8230;&#8230;&#8230;&#8230;&#8230;&#8230;&#8230;&#8230;&#8230;&#8230;&#8230;&#8230;&#8230;&#8230;&#8230;&#8230;&#8230;&#8230;&#8230;&#8230;&#8230;.100,0g<\/li>\n<\/ul>\n<\/div>\n<\/div>\n<div id=\"productContentsobre\" class=\"float description-table \" data-title-modal=\"Sobre\">\n<h3 class=\"title-informations2\">SOBRE<\/h3>\n<div class=\"float text-informations\">\n<p><strong>Terramicina P\u00f3 AG77<\/strong>\u00a0\u00e9 indicada para o tratamento de diarr\u00e9ias (cursos), enterites, c\u00f3lera avi\u00e1ria, tifo avi\u00e1rio, pulorose, doen\u00e7as respirat\u00f3rias (pneumonia, bronquite, coriza infecciosa) em bovinos, ovinos, caprinos, su\u00ednos, aves e coelhos.<br \/>\nO produto\u00a0<strong>Terramicina P\u00f3 AG77\u00a0<\/strong>pode ser administrada, dissolvida na \u00e1gua de bebida, leite ou diretamente na boca do animal! Pare de se preocupar com as doen\u00e7as que tem afetado seu animal, adquira agora mesmo\u00a0<strong>Terramicina P\u00f3 AG77<\/strong>!!<\/p>\n<\/div>\n<\/div>\n<div id=\"productContentcarencia\" class=\"float description-table \" data-title-modal=\"Car\u00eancia\">\n<h3 class=\"title-informations2\">CAR\u00caNCIA<\/h3>\n<div class=\"float text-informations\">\n<p>Abate: 5 dias | Leite: 5 dias<\/p>\n<\/div>\n<\/div>\n<div id=\"productContentindicacoes\" class=\"float description-table \" data-title-modal=\"Indica\u00e7\u00f5es\">\n<h3 class=\"title-informations2\">INDICA\u00c7\u00d5ES<\/h3>\n<div class=\"float text-informations\">\n<p>Terramicina P\u00f3 AG77 \u00e9 indicado no tratamento de diarreias (cursos), enterites, c\u00f3lera avi\u00e1ria, tifo avi\u00e1rio, pulorose, doen\u00e7as respirat\u00f3rias (pneumonia, bronquite, coriza infecciosa) causadas por: Escherichia coli, Salmonella spp, Haemophilus gallinarium, Pasteurella haemolytica, Pasteurela multocida, Mycoplasma gallisepticum, Mycoplasma synoviae sens\u00edveis \u00e0 oxitetraciclina.<\/p>\n<\/div>\n<\/div>\n<\/div>\n","protected":false},"excerpt":{"rendered":"<p>FORMULA Cada 100g de\u00a0Terramicina P\u00f3 AG77\u00a0cont\u00e9m: Terramicina (cloridrato de oxitetraciclina)&#8230;&#8230;&#8230;&#8230;&#8230;&#8230;&#8230;&#8230;&#8230;&#8230;&#8230;&#8230;.. 5,5g Antigerm 77 (cloreto de benzet\u00f4nio)\u00a0&#8230;&#8230;&#8230;&#8230;&#8230;&#8230;&#8230;&#8230;&#8230;&#8230;&#8230;&#8230;&#8230;&#8230;&#8230;&#8230; 5,5g Ve\u00edculo &#8230;q.s.p. &#8230;&#8230;&#8230;&#8230;&#8230;&#8230;&#8230;&#8230;&#8230;&#8230;&#8230;&#8230;&#8230;&#8230;&#8230;&#8230;&#8230;&#8230;&#8230;&#8230;&#8230;&#8230;&#8230;&#8230;&#8230;&#8230;&#8230;.100,0g SOBRE Terramicina P\u00f3 AG77\u00a0\u00e9 indicada para o tratamento de diarr\u00e9ias (cursos), enterites, c\u00f3lera avi\u00e1ria, tifo avi\u00e1rio, pulorose, doen\u00e7as respirat\u00f3rias (pneumonia, bronquite, coriza infecciosa) em bovinos, ovinos, caprinos, su\u00ednos, aves e coelhos. O produto\u00a0Terramicina P\u00f3 AG77\u00a0pode [&hellip;]<\/p>\n","protected":false},"featured_media":1322,"template":"","meta":{"_monsterinsights_skip_tracking":false,"_monsterinsights_sitenote_active":false,"_monsterinsights_sitenote_note":"","_monsterinsights_sitenote_category":0},"product_brand":[],"product_cat":[119,123,127,129],"product_tag":[121,145,146,190,132,174,188,126,128,189,186],"class_list":{"0":"post-1321","1":"product","2":"type-product","3":"status-publish","4":"has-post-thumbnail","6":"product_cat-aves","7":"product_cat-medicamento","8":"product_cat-medicamentos","9":"product_cat-passaros","10":"product_tag-aves","11":"product_tag-bovino","12":"product_tag-caprino","13":"product_tag-coelhos","14":"product_tag-equinos","15":"product_tag-gados","16":"product_tag-larvicida","17":"product_tag-medicamento","18":"product_tag-medicamentos","19":"product_tag-suino","20":"product_tag-zoetis","22":"first","23":"instock","24":"shipping-taxable","25":"product-type-simple"},"aioseo_notices":[],"_links":{"self":[{"href":"https:\/\/sopassaros.com.br\/index.php\/wp-json\/wp\/v2\/product\/1321","targetHints":{"allow":["GET"]}}],"collection":[{"href":"https:\/\/sopassaros.com.br\/index.php\/wp-json\/wp\/v2\/product"}],"about":[{"href":"https:\/\/sopassaros.com.br\/index.php\/wp-json\/wp\/v2\/types\/product"}],"wp:featuredmedia":[{"embeddable":true,"href":"https:\/\/sopassaros.com.br\/index.php\/wp-json\/wp\/v2\/media\/1322"}],"wp:attachment":[{"href":"https:\/\/sopassaros.com.br\/index.php\/wp-json\/wp\/v2\/media?parent=1321"}],"wp:term":[{"taxonomy":"product_brand","embeddable":true,"href":"https:\/\/sopassaros.com.br\/index.php\/wp-json\/wp\/v2\/product_brand?post=1321"},{"taxonomy":"product_cat","embeddable":true,"href":"https:\/\/sopassaros.com.br\/index.php\/wp-json\/wp\/v2\/product_cat?post=1321"},{"taxonomy":"product_tag","embeddable":true,"href":"https:\/\/sopassaros.com.br\/index.php\/wp-json\/wp\/v2\/product_tag?post=1321"}],"curies":[{"name":"wp","href":"https:\/\/api.w.org\/{rel}","templated":true}]}}