{"id":1325,"date":"2019-04-14T15:21:45","date_gmt":"2019-04-14T18:21:45","guid":{"rendered":"http:\/\/sopassaros.com.br\/?post_type=product&#038;p=1325"},"modified":"2019-04-14T15:21:45","modified_gmt":"2019-04-14T18:21:45","slug":"ecp","status":"publish","type":"product","link":"https:\/\/sopassaros.com.br\/index.php\/product\/ecp\/","title":{"rendered":"E.C.P."},"content":{"rendered":"<div class=\"col-md-7 prod-info\">\n<div id=\"productContentformula\" class=\"float description-table \" data-title-modal=\"Formula\">\n<div id=\"productContentformula\" class=\"float description-table \" data-title-modal=\"Formula\">\n<h3 class=\"title-informations2\">FORMULA<\/h3>\n<div class=\"float text-informations\">&#8220;<strong>Cada ml cont\u00e9m<\/strong>:<\/p>\n<ul>\n<li><strong>Cipionato de Estradiol<\/strong>\u00a0&#8230;&#8230;&#8230;&#8230;&#8230;&#8230;&#8230;&#8230;&#8230;&#8230;&#8230;. 2mg<\/li>\n<li><strong>Clorobutanol<\/strong>\u00a0&#8230;&#8230;&#8230;&#8230;&#8230;&#8230;&#8230;&#8230;&#8230;&#8230;&#8230;&#8230;&#8230;&#8230;&#8230;&#8230;.5mg<\/li>\n<li><strong>\u00d3leo de caro\u00e7o de algod\u00e3o<\/strong>\u00a0&#8230;.. q.s.p. &#8230;&#8230;&#8230;&#8230;1ml<\/li>\n<\/ul>\n<p>&#8220;<\/p><\/div>\n<\/div>\n<div id=\"productContentsobre\" class=\"float description-table \" data-title-modal=\"Sobre\">\n<h3 class=\"title-informations2\">SOBRE<\/h3>\n<div class=\"float text-informations\">\n<p><strong>ECP Cipionato de Estradiol\u00a0<\/strong>atua de forma eficaz na corre\u00e7\u00e3o do anestro (aus\u00eancia de cio), no tratamento de corpo l\u00fateo resistente, estimula expuls\u00e3o uterina de placentas retidas e de fetos mumificados.\u00a0<strong>ECP Cipionato de Estradiol\u00a0<\/strong>garante excelente resultado, trazendo seu animal de volta a rotina e com muito mais disposi\u00e7\u00e3o! Adquira j\u00e1\u00a0<strong>ECP Cipionato de Estradiol<\/strong>!<\/p>\n<\/div>\n<\/div>\n<div id=\"productContentindicacoes\" class=\"float description-table \" data-title-modal=\"Indica\u00e7\u00f5es\">\n<h3 class=\"title-informations2\">INDICA\u00c7\u00d5ES<\/h3>\n<div class=\"float text-informations\">&#8220;<strong>ECP Cipionato de Estradiol\u00a0<\/strong>\u00e9 uma solu\u00e7\u00e3o est\u00e9ril, indicado para ovinos em casos de corre\u00e7\u00e3o do anestro, no tratamento de corpo l\u00fateo resistente e Estimula a expuls\u00e3o uterina de placentas retidas e de fetos mumificados. As doses m\u00e9dias recomendadas variam de 0,25 ml a 0,5ml e poder\u00e3o ser repetidas, se necess\u00e1rio, a crit\u00e9rio do M\u00e9dico Veterin\u00e1rio.<\/p>\n<\/div>\n<\/div>\n<\/div>\n<\/div>\n","protected":false},"excerpt":{"rendered":"<p>FORMULA &#8220;Cada ml cont\u00e9m: Cipionato de Estradiol\u00a0&#8230;&#8230;&#8230;&#8230;&#8230;&#8230;&#8230;&#8230;&#8230;&#8230;&#8230;. 2mg Clorobutanol\u00a0&#8230;&#8230;&#8230;&#8230;&#8230;&#8230;&#8230;&#8230;&#8230;&#8230;&#8230;&#8230;&#8230;&#8230;&#8230;&#8230;.5mg \u00d3leo de caro\u00e7o de algod\u00e3o\u00a0&#8230;.. q.s.p. &#8230;&#8230;&#8230;&#8230;1ml &#8220; SOBRE ECP Cipionato de Estradiol\u00a0atua de forma eficaz na corre\u00e7\u00e3o do anestro (aus\u00eancia de cio), no tratamento de corpo l\u00fateo resistente, estimula expuls\u00e3o uterina de placentas retidas e de fetos mumificados.\u00a0ECP Cipionato de Estradiol\u00a0garante excelente resultado, trazendo seu [&hellip;]<\/p>\n","protected":false},"featured_media":1326,"template":"","meta":{"_monsterinsights_skip_tracking":false,"_monsterinsights_sitenote_active":false,"_monsterinsights_sitenote_note":"","_monsterinsights_sitenote_category":0},"product_brand":[],"product_cat":[131,123,127],"product_tag":[145,132,126,128,135,191,186],"class_list":{"0":"post-1325","1":"product","2":"type-product","3":"status-publish","4":"has-post-thumbnail","6":"product_cat-equinos","7":"product_cat-medicamento","8":"product_cat-medicamentos","9":"product_tag-bovino","10":"product_tag-equinos","11":"product_tag-medicamento","12":"product_tag-medicamentos","13":"product_tag-ovinos","14":"product_tag-suinos","15":"product_tag-zoetis","17":"first","18":"instock","19":"shipping-taxable","20":"product-type-simple"},"aioseo_notices":[],"_links":{"self":[{"href":"https:\/\/sopassaros.com.br\/index.php\/wp-json\/wp\/v2\/product\/1325","targetHints":{"allow":["GET"]}}],"collection":[{"href":"https:\/\/sopassaros.com.br\/index.php\/wp-json\/wp\/v2\/product"}],"about":[{"href":"https:\/\/sopassaros.com.br\/index.php\/wp-json\/wp\/v2\/types\/product"}],"wp:featuredmedia":[{"embeddable":true,"href":"https:\/\/sopassaros.com.br\/index.php\/wp-json\/wp\/v2\/media\/1326"}],"wp:attachment":[{"href":"https:\/\/sopassaros.com.br\/index.php\/wp-json\/wp\/v2\/media?parent=1325"}],"wp:term":[{"taxonomy":"product_brand","embeddable":true,"href":"https:\/\/sopassaros.com.br\/index.php\/wp-json\/wp\/v2\/product_brand?post=1325"},{"taxonomy":"product_cat","embeddable":true,"href":"https:\/\/sopassaros.com.br\/index.php\/wp-json\/wp\/v2\/product_cat?post=1325"},{"taxonomy":"product_tag","embeddable":true,"href":"https:\/\/sopassaros.com.br\/index.php\/wp-json\/wp\/v2\/product_tag?post=1325"}],"curies":[{"name":"wp","href":"https:\/\/api.w.org\/{rel}","templated":true}]}}