{"id":1327,"date":"2019-04-14T15:26:05","date_gmt":"2019-04-14T18:26:05","guid":{"rendered":"http:\/\/sopassaros.com.br\/?post_type=product&#038;p=1327"},"modified":"2019-04-14T15:33:25","modified_gmt":"2019-04-14T18:33:25","slug":"ecp-2-2","status":"publish","type":"product","link":"https:\/\/sopassaros.com.br\/index.php\/product\/ecp-2-2\/","title":{"rendered":"GANADOL"},"content":{"rendered":"<div class=\"col-md-7 prod-info\">\n<div id=\"productContentformula\" class=\"float description-table \" data-title-modal=\"Formula\">\n<div id=\"productContentformula\" class=\"float description-table \" data-title-modal=\"Formula\">\n<p><strong>Ganadol Pomada Cicatrizante e Anti-infecciosa<\/strong>\u00a0\u00e9 indicada em cortes, escoria\u00e7\u00f5es, feridas resultantes de castra\u00e7\u00f5es e outras opera\u00e7\u00f5es, no tratamento de feridas infectadas e supura\u00e7\u00f5es de qualquer tipo em qualquer parte do corpo do seu animal de estima\u00e7\u00e3o.\u00a0<strong>Ganadol Pomada<\/strong>\u00a0re\u00fane em sua f\u00f3rmula a quimioterapia espec\u00edfica de certos agentes, o poder histopoi\u00e9tico e cicatrizante de outros, al\u00e9m de possuir antibi\u00f3ticos de alto poder bactericida.\u00a0<strong>Ganadol<\/strong>\u00a0conta com a Ureia, a Penicilina e a Diidroestreptomicina como seus tr\u00eas componentes b\u00e1sicos e principais, agindo na dissolu\u00e7\u00e3o e elimina\u00e7\u00e3o de secre\u00e7\u00f5es purulentas e tecidos mortos, limpando a ferida; bem como o antibi\u00f3tico com base na Penicilina age, predominantemente, em determinados micro-organismos, como os germes gram-positivos comuns em supura\u00e7\u00f5es e a Diidroestreptomicina, que possui a\u00e7\u00e3o predominante em germes gram-negativos pouco sens\u00edveis \u00e0 Penicilina e, quando associado \u00e0 esta, possui uma a\u00e7\u00e3o sinerg\u00e9tica, produzindo efeitos maiores.<br \/>\nPara mais informa\u00e7\u00f5es, consulte a bula e seu m\u00e9dico veterin\u00e1rio.<\/p>\n<\/div>\n<\/div>\n<\/div>\n","protected":false},"excerpt":{"rendered":"<p>Ganadol Pomada Cicatrizante e Anti-infecciosa\u00a0\u00e9 indicada em cortes, escoria\u00e7\u00f5es, feridas resultantes de castra\u00e7\u00f5es e outras opera\u00e7\u00f5es, no tratamento de feridas infectadas e supura\u00e7\u00f5es de qualquer tipo em qualquer parte do corpo do seu animal de estima\u00e7\u00e3o.\u00a0Ganadol Pomada\u00a0re\u00fane em sua f\u00f3rmula a quimioterapia espec\u00edfica de certos agentes, o poder histopoi\u00e9tico e cicatrizante de outros, al\u00e9m de [&hellip;]<\/p>\n","protected":false},"featured_media":1331,"template":"","meta":{"_monsterinsights_skip_tracking":false,"_monsterinsights_sitenote_active":false,"_monsterinsights_sitenote_note":"","_monsterinsights_sitenote_category":0},"product_brand":[],"product_cat":[89,84,123,127],"product_tag":[90,86,126,128,186],"class_list":{"0":"post-1327","1":"product","2":"type-product","3":"status-publish","4":"has-post-thumbnail","6":"product_cat-caes","7":"product_cat-gatos","8":"product_cat-medicamento","9":"product_cat-medicamentos","10":"product_tag-caes","11":"product_tag-gatos","12":"product_tag-medicamento","13":"product_tag-medicamentos","14":"product_tag-zoetis","16":"first","17":"instock","18":"shipping-taxable","19":"product-type-simple"},"aioseo_notices":[],"_links":{"self":[{"href":"https:\/\/sopassaros.com.br\/index.php\/wp-json\/wp\/v2\/product\/1327","targetHints":{"allow":["GET"]}}],"collection":[{"href":"https:\/\/sopassaros.com.br\/index.php\/wp-json\/wp\/v2\/product"}],"about":[{"href":"https:\/\/sopassaros.com.br\/index.php\/wp-json\/wp\/v2\/types\/product"}],"wp:featuredmedia":[{"embeddable":true,"href":"https:\/\/sopassaros.com.br\/index.php\/wp-json\/wp\/v2\/media\/1331"}],"wp:attachment":[{"href":"https:\/\/sopassaros.com.br\/index.php\/wp-json\/wp\/v2\/media?parent=1327"}],"wp:term":[{"taxonomy":"product_brand","embeddable":true,"href":"https:\/\/sopassaros.com.br\/index.php\/wp-json\/wp\/v2\/product_brand?post=1327"},{"taxonomy":"product_cat","embeddable":true,"href":"https:\/\/sopassaros.com.br\/index.php\/wp-json\/wp\/v2\/product_cat?post=1327"},{"taxonomy":"product_tag","embeddable":true,"href":"https:\/\/sopassaros.com.br\/index.php\/wp-json\/wp\/v2\/product_tag?post=1327"}],"curies":[{"name":"wp","href":"https:\/\/api.w.org\/{rel}","templated":true}]}}