{"id":1332,"date":"2019-04-14T15:35:17","date_gmt":"2019-04-14T18:35:17","guid":{"rendered":"http:\/\/sopassaros.com.br\/?post_type=product&#038;p=1332"},"modified":"2019-04-14T15:36:45","modified_gmt":"2019-04-14T18:36:45","slug":"ecp-2","status":"publish","type":"product","link":"https:\/\/sopassaros.com.br\/index.php\/product\/ecp-2\/","title":{"rendered":"POTENAY INJET\u00c1VEL"},"content":{"rendered":"<h2 class=\"main-section__title item-description__title\">Descri\u00e7\u00e3o<\/h2>\n<div id=\"description-includes\" class=\"item-description__content \">\n<div class=\"item-description__text\">\n<p>POTENAY INJET\u00c1VEL NF pode ser usado em animais mesmo quando n\u00e3o for identificada a causa prim\u00e1ria espec\u00edfica. Falta de apetite, fraqueza, fadiga, stress, abatimento, anemia, desnutri\u00e7\u00e3o, convalescen\u00e7a de doen\u00e7as infecciosas e parasit\u00e1rias. Como t\u00f4nico reconstituinte e estimulante durante os per\u00edodos de gesta\u00e7\u00e3o e lacta\u00e7\u00e3o.<br \/>\nPara aumentar o t\u00f4nus muscular e estimular o sistema circulat\u00f3rio, notadamente ap\u00f3s manejo dos animais, vacina\u00e7\u00f5es, tratamentos, etc, assim como aumentar o rendimento energ\u00e9tico dos animais em atividades desportivas.<br \/>\nNa \u00e9poca de cobertura, como fortificante.<br \/>\nC\u00e3es e Gatos: Administrar por via intramuscular, na dose de 1 a 2 ml para cada 10 kg.<br \/>\nBovinos, Eq\u00fcinos, Su\u00ednos, Ovinos e Caprinos: Administrar por via intramuscular, na dose de 1 a 2 ml para cada 25 kg de peso.<br \/>\nRecomenda\u00e7\u00f5es espec\u00edficas de utiliza\u00e7\u00e3o de POTENAY INJET\u00c1VEL NF podem ser feitas a crit\u00e9rio do M\u00e9dico Veterin\u00e1rio.<\/p>\n<\/div>\n<\/div>\n","protected":false},"excerpt":{"rendered":"<p>Descri\u00e7\u00e3o POTENAY INJET\u00c1VEL NF pode ser usado em animais mesmo quando n\u00e3o for identificada a causa prim\u00e1ria espec\u00edfica. Falta de apetite, fraqueza, fadiga, stress, abatimento, anemia, desnutri\u00e7\u00e3o, convalescen\u00e7a de doen\u00e7as infecciosas e parasit\u00e1rias. Como t\u00f4nico reconstituinte e estimulante durante os per\u00edodos de gesta\u00e7\u00e3o e lacta\u00e7\u00e3o. Para aumentar o t\u00f4nus muscular e estimular o sistema circulat\u00f3rio, [&hellip;]<\/p>\n","protected":false},"featured_media":1334,"template":"","meta":{"_monsterinsights_skip_tracking":false,"_monsterinsights_sitenote_active":false,"_monsterinsights_sitenote_note":"","_monsterinsights_sitenote_category":0},"product_brand":[],"product_cat":[89,84,123,127,122],"product_tag":[133,90,192,132,86,126,128,135,191,120,186],"class_list":{"0":"post-1332","1":"product","2":"type-product","3":"status-publish","4":"has-post-thumbnail","6":"product_cat-caes","7":"product_cat-gatos","8":"product_cat-medicamento","9":"product_cat-medicamentos","10":"product_cat-suplemento-vitaminico","11":"product_tag-bovinos","12":"product_tag-caes","13":"product_tag-captrinos","14":"product_tag-equinos","15":"product_tag-gatos","16":"product_tag-medicamento","17":"product_tag-medicamentos","18":"product_tag-ovinos","19":"product_tag-suinos","20":"product_tag-suplemento-vitaminico","21":"product_tag-zoetis","23":"first","24":"instock","25":"shipping-taxable","26":"product-type-simple"},"aioseo_notices":[],"_links":{"self":[{"href":"https:\/\/sopassaros.com.br\/index.php\/wp-json\/wp\/v2\/product\/1332","targetHints":{"allow":["GET"]}}],"collection":[{"href":"https:\/\/sopassaros.com.br\/index.php\/wp-json\/wp\/v2\/product"}],"about":[{"href":"https:\/\/sopassaros.com.br\/index.php\/wp-json\/wp\/v2\/types\/product"}],"wp:featuredmedia":[{"embeddable":true,"href":"https:\/\/sopassaros.com.br\/index.php\/wp-json\/wp\/v2\/media\/1334"}],"wp:attachment":[{"href":"https:\/\/sopassaros.com.br\/index.php\/wp-json\/wp\/v2\/media?parent=1332"}],"wp:term":[{"taxonomy":"product_brand","embeddable":true,"href":"https:\/\/sopassaros.com.br\/index.php\/wp-json\/wp\/v2\/product_brand?post=1332"},{"taxonomy":"product_cat","embeddable":true,"href":"https:\/\/sopassaros.com.br\/index.php\/wp-json\/wp\/v2\/product_cat?post=1332"},{"taxonomy":"product_tag","embeddable":true,"href":"https:\/\/sopassaros.com.br\/index.php\/wp-json\/wp\/v2\/product_tag?post=1332"}],"curies":[{"name":"wp","href":"https:\/\/api.w.org\/{rel}","templated":true}]}}