{"id":1335,"date":"2019-04-14T15:38:49","date_gmt":"2019-04-14T18:38:49","guid":{"rendered":"http:\/\/sopassaros.com.br\/?post_type=product&#038;p=1335"},"modified":"2019-04-14T15:38:49","modified_gmt":"2019-04-14T18:38:49","slug":"terra-cortril-spray","status":"publish","type":"product","link":"https:\/\/sopassaros.com.br\/index.php\/product\/terra-cortril-spray\/","title":{"rendered":"TERRA CORTRIL SPRAY"},"content":{"rendered":"<p>Descri\u00e7\u00e3o:<br \/>\nAntibi\u00f3tico e anti-inflamat\u00f3rio.<\/p>\n<p>Indica\u00e7\u00f5es:<br \/>\nTratamento de queratoconjuntivite infecciosa (pink eye) de bovinos e ovinos, nas afec\u00e7\u00f5es oculares e cut\u00e2neas, eczemas, queimaduras, ferimentos acidentais ou cir\u00fargicos, f\u00edstulas e supura\u00e7\u00f5es em geral.<\/p>\n<p>Composi\u00e7\u00e3o:<br \/>\nCada 100 mL cont\u00e9m 6,8 g de Terramicina\u00ae (cloridrato de oxitetraciclina) e 2,0 g de hidrocortisona.<\/p>\n","protected":false},"excerpt":{"rendered":"<p>Descri\u00e7\u00e3o: Antibi\u00f3tico e anti-inflamat\u00f3rio. Indica\u00e7\u00f5es: Tratamento de queratoconjuntivite infecciosa (pink eye) de bovinos e ovinos, nas afec\u00e7\u00f5es oculares e cut\u00e2neas, eczemas, queimaduras, ferimentos acidentais ou cir\u00fargicos, f\u00edstulas e supura\u00e7\u00f5es em geral. Composi\u00e7\u00e3o: Cada 100 mL cont\u00e9m 6,8 g de Terramicina\u00ae (cloridrato de oxitetraciclina) e 2,0 g de hidrocortisona.<\/p>\n","protected":false},"featured_media":1329,"template":"","meta":{"_monsterinsights_skip_tracking":false,"_monsterinsights_sitenote_active":false,"_monsterinsights_sitenote_note":"","_monsterinsights_sitenote_category":0},"product_brand":[],"product_cat":[123,127],"product_tag":[133,126,128,135,186],"class_list":{"0":"post-1335","1":"product","2":"type-product","3":"status-publish","4":"has-post-thumbnail","6":"product_cat-medicamento","7":"product_cat-medicamentos","8":"product_tag-bovinos","9":"product_tag-medicamento","10":"product_tag-medicamentos","11":"product_tag-ovinos","12":"product_tag-zoetis","14":"first","15":"instock","16":"shipping-taxable","17":"product-type-simple"},"aioseo_notices":[],"_links":{"self":[{"href":"https:\/\/sopassaros.com.br\/index.php\/wp-json\/wp\/v2\/product\/1335","targetHints":{"allow":["GET"]}}],"collection":[{"href":"https:\/\/sopassaros.com.br\/index.php\/wp-json\/wp\/v2\/product"}],"about":[{"href":"https:\/\/sopassaros.com.br\/index.php\/wp-json\/wp\/v2\/types\/product"}],"wp:featuredmedia":[{"embeddable":true,"href":"https:\/\/sopassaros.com.br\/index.php\/wp-json\/wp\/v2\/media\/1329"}],"wp:attachment":[{"href":"https:\/\/sopassaros.com.br\/index.php\/wp-json\/wp\/v2\/media?parent=1335"}],"wp:term":[{"taxonomy":"product_brand","embeddable":true,"href":"https:\/\/sopassaros.com.br\/index.php\/wp-json\/wp\/v2\/product_brand?post=1335"},{"taxonomy":"product_cat","embeddable":true,"href":"https:\/\/sopassaros.com.br\/index.php\/wp-json\/wp\/v2\/product_cat?post=1335"},{"taxonomy":"product_tag","embeddable":true,"href":"https:\/\/sopassaros.com.br\/index.php\/wp-json\/wp\/v2\/product_tag?post=1335"}],"curies":[{"name":"wp","href":"https:\/\/api.w.org\/{rel}","templated":true}]}}