{"id":1354,"date":"2019-04-15T22:50:44","date_gmt":"2019-04-16T01:50:44","guid":{"rendered":"http:\/\/sopassaros.com.br\/?post_type=product&#038;p=1354"},"modified":"2024-08-11T08:45:27","modified_gmt":"2024-08-11T11:45:27","slug":"racao-para-galo-tropa-de-elite-so-passaros","status":"publish","type":"product","link":"https:\/\/sopassaros.com.br\/index.php\/product\/racao-para-galo-tropa-de-elite-so-passaros\/","title":{"rendered":"RA\u00c7\u00c3O PARA GALO TROPA DE ELITE S\u00d3 P\u00c1SSAROS"},"content":{"rendered":"","protected":false},"excerpt":{"rendered":"","protected":false},"featured_media":1355,"template":"","meta":{"_monsterinsights_skip_tracking":false,"_monsterinsights_sitenote_active":false,"_monsterinsights_sitenote_note":"","_monsterinsights_sitenote_category":0},"product_brand":[],"product_cat":[119,129,85],"product_tag":[121,130,87,204,194],"class_list":{"0":"post-1354","1":"product","2":"type-product","3":"status-publish","4":"has-post-thumbnail","6":"product_cat-aves","7":"product_cat-passaros","8":"product_cat-racao","9":"product_tag-aves","10":"product_tag-passaros","11":"product_tag-racao","12":"product_tag-racao-para-galo","13":"product_tag-sopassaros","15":"first","16":"instock","17":"shipping-taxable","18":"product-type-simple"},"aioseo_notices":[],"_links":{"self":[{"href":"https:\/\/sopassaros.com.br\/index.php\/wp-json\/wp\/v2\/product\/1354","targetHints":{"allow":["GET"]}}],"collection":[{"href":"https:\/\/sopassaros.com.br\/index.php\/wp-json\/wp\/v2\/product"}],"about":[{"href":"https:\/\/sopassaros.com.br\/index.php\/wp-json\/wp\/v2\/types\/product"}],"wp:featuredmedia":[{"embeddable":true,"href":"https:\/\/sopassaros.com.br\/index.php\/wp-json\/wp\/v2\/media\/1355"}],"wp:attachment":[{"href":"https:\/\/sopassaros.com.br\/index.php\/wp-json\/wp\/v2\/media?parent=1354"}],"wp:term":[{"taxonomy":"product_brand","embeddable":true,"href":"https:\/\/sopassaros.com.br\/index.php\/wp-json\/wp\/v2\/product_brand?post=1354"},{"taxonomy":"product_cat","embeddable":true,"href":"https:\/\/sopassaros.com.br\/index.php\/wp-json\/wp\/v2\/product_cat?post=1354"},{"taxonomy":"product_tag","embeddable":true,"href":"https:\/\/sopassaros.com.br\/index.php\/wp-json\/wp\/v2\/product_tag?post=1354"}],"curies":[{"name":"wp","href":"https:\/\/api.w.org\/{rel}","templated":true}]}}