{"id":1356,"date":"2019-04-15T22:55:16","date_gmt":"2019-04-16T01:55:16","guid":{"rendered":"http:\/\/sopassaros.com.br\/?post_type=product&#038;p=1356"},"modified":"2019-04-15T22:57:04","modified_gmt":"2019-04-16T01:57:04","slug":"racao-para-galo-com-mel-nutripassaros","status":"publish","type":"product","link":"https:\/\/sopassaros.com.br\/index.php\/product\/racao-para-galo-com-mel-nutripassaros\/","title":{"rendered":"RA\u00c7\u00c3O PARA GALO COM MEL NUTRIP\u00c1SSAROS"},"content":{"rendered":"","protected":false},"excerpt":{"rendered":"","protected":false},"featured_media":1357,"template":"","meta":{"_monsterinsights_skip_tracking":false,"_monsterinsights_sitenote_active":false,"_monsterinsights_sitenote_note":"","_monsterinsights_sitenote_category":0},"product_brand":[],"product_cat":[119,129],"product_tag":[121,156,130,87,204],"class_list":{"0":"post-1356","1":"product","2":"type-product","3":"status-publish","4":"has-post-thumbnail","6":"product_cat-aves","7":"product_cat-passaros","8":"product_tag-aves","9":"product_tag-nutripassaros","10":"product_tag-passaros","11":"product_tag-racao","12":"product_tag-racao-para-galo","14":"first","15":"instock","16":"shipping-taxable","17":"product-type-simple"},"aioseo_notices":[],"_links":{"self":[{"href":"https:\/\/sopassaros.com.br\/index.php\/wp-json\/wp\/v2\/product\/1356","targetHints":{"allow":["GET"]}}],"collection":[{"href":"https:\/\/sopassaros.com.br\/index.php\/wp-json\/wp\/v2\/product"}],"about":[{"href":"https:\/\/sopassaros.com.br\/index.php\/wp-json\/wp\/v2\/types\/product"}],"wp:featuredmedia":[{"embeddable":true,"href":"https:\/\/sopassaros.com.br\/index.php\/wp-json\/wp\/v2\/media\/1357"}],"wp:attachment":[{"href":"https:\/\/sopassaros.com.br\/index.php\/wp-json\/wp\/v2\/media?parent=1356"}],"wp:term":[{"taxonomy":"product_brand","embeddable":true,"href":"https:\/\/sopassaros.com.br\/index.php\/wp-json\/wp\/v2\/product_brand?post=1356"},{"taxonomy":"product_cat","embeddable":true,"href":"https:\/\/sopassaros.com.br\/index.php\/wp-json\/wp\/v2\/product_cat?post=1356"},{"taxonomy":"product_tag","embeddable":true,"href":"https:\/\/sopassaros.com.br\/index.php\/wp-json\/wp\/v2\/product_tag?post=1356"}],"curies":[{"name":"wp","href":"https:\/\/api.w.org\/{rel}","templated":true}]}}