{"id":1539,"date":"2019-06-30T11:15:48","date_gmt":"2019-06-30T14:15:48","guid":{"rendered":"http:\/\/sopassaros.com.br\/?post_type=product&#038;p=1539"},"modified":"2023-11-26T23:24:07","modified_gmt":"2023-11-27T02:24:07","slug":"kellthine-multi-inseticida","status":"publish","type":"product","link":"https:\/\/sopassaros.com.br\/index.php\/product\/kellthine-multi-inseticida\/","title":{"rendered":"KELLTHINE MULTI INSETICIDA"},"content":{"rendered":"<p><strong>INDICA\u00c7\u00c3O DE USO<\/strong><\/p>\n<ul class=\"list-praga\">\n<li><a href=\"https:\/\/kelldrin.com.br\/produto\/kellthine-multi-inseticida\/#\"><img decoding=\"async\" class=\"lazyloaded\" src=\"https:\/\/kelldrin.com.br\/wp-content\/themes\/kelldrin-bmd\/img\/products_pragas\/thumb\/aranha.png\" data-lazy-src=\"https:\/\/kelldrin.com.br\/wp-content\/themes\/kelldrin-bmd\/img\/products_pragas\/thumb\/aranha.png\" data-was-processed=\"true\" \/>Aranha<\/a><\/li>\n<li><a href=\"https:\/\/kelldrin.com.br\/produto\/kellthine-multi-inseticida\/#\"><img decoding=\"async\" class=\"lazyloaded\" src=\"https:\/\/kelldrin.com.br\/wp-content\/themes\/kelldrin-bmd\/img\/products_pragas\/thumb\/barata.png\" data-lazy-src=\"https:\/\/kelldrin.com.br\/wp-content\/themes\/kelldrin-bmd\/img\/products_pragas\/thumb\/barata.png\" data-was-processed=\"true\" \/>Barata<\/a><\/li>\n<li><a href=\"https:\/\/kelldrin.com.br\/produto\/kellthine-multi-inseticida\/#\"><img decoding=\"async\" class=\"lazyloaded\" src=\"https:\/\/kelldrin.com.br\/wp-content\/themes\/kelldrin-bmd\/img\/products_pragas\/thumb\/carrapato.png\" data-lazy-src=\"https:\/\/kelldrin.com.br\/wp-content\/themes\/kelldrin-bmd\/img\/products_pragas\/thumb\/carrapato.png\" data-was-processed=\"true\" \/>Carrapato<\/a><\/li>\n<li><a href=\"https:\/\/kelldrin.com.br\/produto\/kellthine-multi-inseticida\/#\"><img decoding=\"async\" class=\"lazyloaded\" src=\"https:\/\/kelldrin.com.br\/wp-content\/themes\/kelldrin-bmd\/img\/products_pragas\/thumb\/escorpiao.png\" data-lazy-src=\"https:\/\/kelldrin.com.br\/wp-content\/themes\/kelldrin-bmd\/img\/products_pragas\/thumb\/escorpiao.png\" data-was-processed=\"true\" \/>Escorpi\u00e3o<\/a><\/li>\n<li><a href=\"https:\/\/kelldrin.com.br\/produto\/kellthine-multi-inseticida\/#\"><img decoding=\"async\" class=\"lazyloaded\" src=\"https:\/\/kelldrin.com.br\/wp-content\/themes\/kelldrin-bmd\/img\/products_pragas\/thumb\/formiga.png\" data-lazy-src=\"https:\/\/kelldrin.com.br\/wp-content\/themes\/kelldrin-bmd\/img\/products_pragas\/thumb\/formiga.png\" data-was-processed=\"true\" \/>Formiga<\/a><\/li>\n<li><a href=\"https:\/\/kelldrin.com.br\/produto\/kellthine-multi-inseticida\/#\"><img decoding=\"async\" class=\"lazyloaded\" src=\"https:\/\/kelldrin.com.br\/wp-content\/themes\/kelldrin-bmd\/img\/products_pragas\/thumb\/mosca.png\" data-lazy-src=\"https:\/\/kelldrin.com.br\/wp-content\/themes\/kelldrin-bmd\/img\/products_pragas\/thumb\/mosca.png\" data-was-processed=\"true\" \/>Mosca<\/a><\/li>\n<li><a href=\"https:\/\/kelldrin.com.br\/produto\/kellthine-multi-inseticida\/#\"><img decoding=\"async\" class=\"lazyloaded\" src=\"https:\/\/kelldrin.com.br\/wp-content\/themes\/kelldrin-bmd\/img\/products_pragas\/thumb\/mosquito-da-dengue.png\" data-lazy-src=\"https:\/\/kelldrin.com.br\/wp-content\/themes\/kelldrin-bmd\/img\/products_pragas\/thumb\/mosquito-da-dengue.png\" data-was-processed=\"true\" \/>Mosquito da Dengue<\/a><\/li>\n<li><a href=\"https:\/\/kelldrin.com.br\/produto\/kellthine-multi-inseticida\/#\"><img decoding=\"async\" class=\"lazyloaded\" src=\"https:\/\/kelldrin.com.br\/wp-content\/themes\/kelldrin-bmd\/img\/products_pragas\/thumb\/pulga.png\" data-lazy-src=\"https:\/\/kelldrin.com.br\/wp-content\/themes\/kelldrin-bmd\/img\/products_pragas\/thumb\/pulga.png\" data-was-processed=\"true\" \/>Pulga<\/a><\/li>\n<\/ul>\n<p><strong>PRINC\u00cdPIO ATIVO:<\/strong><br \/>\nD\u2019Aletrina; D\u2019Tetrametrina; Cifenotrina. Indica\u00e7\u00e3o: KELLTHINE SC 25 MULTI INSETICIDA de uso dom\u00e9stico \u00e9 eficaz contra moscas, baratas, formigas e mosquitos da dengue. Desenvolvido em base aquosa utilizando a mais moderna tecnologia.<\/p>\n<p><strong>MODO DE USAR:<\/strong><br \/>\nPressionar a v\u00e1lvula para ativar o jato. Feche o ambiente e pulverize em todas as dire\u00e7\u00f5es, por 4 a 6 segundos, para uma \u00e1rea de 10m2. Deixe agir por 20 minutos e ventile o ambiente antes de permitir que pessoas e animais circulem no local. Pulverize diretamente sobre os insetos rasteiros para obter uma a\u00e7\u00e3o mais r\u00e1pida.<\/p>\n<p><strong>APRESENTA\u00c7\u00c3O:<\/strong><br \/>\n12x300ml\/177grs<\/p>\n","protected":false},"excerpt":{"rendered":"<p>INDICA\u00c7\u00c3O DE USO Aranha Barata Carrapato Escorpi\u00e3o Formiga Mosca Mosquito da Dengue Pulga PRINC\u00cdPIO ATIVO: D\u2019Aletrina; D\u2019Tetrametrina; Cifenotrina. Indica\u00e7\u00e3o: KELLTHINE SC 25 MULTI INSETICIDA de uso dom\u00e9stico \u00e9 eficaz contra moscas, baratas, formigas e mosquitos da dengue. Desenvolvido em base aquosa utilizando a mais moderna tecnologia. MODO DE USAR: Pressionar a v\u00e1lvula para ativar o [&hellip;]<\/p>\n","protected":false},"featured_media":1540,"template":"","meta":{"_monsterinsights_skip_tracking":false,"_monsterinsights_sitenote_active":false,"_monsterinsights_sitenote_note":"","_monsterinsights_sitenote_category":0},"product_brand":[],"product_cat":[89,84,123,127],"product_tag":[147,272,273,126,128],"class_list":{"0":"post-1539","1":"product","2":"type-product","3":"status-publish","4":"has-post-thumbnail","6":"product_cat-caes","7":"product_cat-gatos","8":"product_cat-medicamento","9":"product_cat-medicamentos","10":"product_tag-carrapaticida","11":"product_tag-inseticida","12":"product_tag-kelldrin","13":"product_tag-medicamento","14":"product_tag-medicamentos","16":"first","17":"instock","18":"shipping-taxable","19":"product-type-simple"},"aioseo_notices":[],"_links":{"self":[{"href":"https:\/\/sopassaros.com.br\/index.php\/wp-json\/wp\/v2\/product\/1539","targetHints":{"allow":["GET"]}}],"collection":[{"href":"https:\/\/sopassaros.com.br\/index.php\/wp-json\/wp\/v2\/product"}],"about":[{"href":"https:\/\/sopassaros.com.br\/index.php\/wp-json\/wp\/v2\/types\/product"}],"wp:featuredmedia":[{"embeddable":true,"href":"https:\/\/sopassaros.com.br\/index.php\/wp-json\/wp\/v2\/media\/1540"}],"wp:attachment":[{"href":"https:\/\/sopassaros.com.br\/index.php\/wp-json\/wp\/v2\/media?parent=1539"}],"wp:term":[{"taxonomy":"product_brand","embeddable":true,"href":"https:\/\/sopassaros.com.br\/index.php\/wp-json\/wp\/v2\/product_brand?post=1539"},{"taxonomy":"product_cat","embeddable":true,"href":"https:\/\/sopassaros.com.br\/index.php\/wp-json\/wp\/v2\/product_cat?post=1539"},{"taxonomy":"product_tag","embeddable":true,"href":"https:\/\/sopassaros.com.br\/index.php\/wp-json\/wp\/v2\/product_tag?post=1539"}],"curies":[{"name":"wp","href":"https:\/\/api.w.org\/{rel}","templated":true}]}}