{"id":1542,"date":"2019-06-30T11:22:20","date_gmt":"2019-06-30T14:22:20","guid":{"rendered":"http:\/\/sopassaros.com.br\/?post_type=product&#038;p=1542"},"modified":"2019-06-30T11:24:46","modified_gmt":"2019-06-30T14:24:46","slug":"kellthine-repelente-eletrico-aparelho","status":"publish","type":"product","link":"https:\/\/sopassaros.com.br\/index.php\/product\/kellthine-repelente-eletrico-aparelho\/","title":{"rendered":"KELLTHINE REPELENTE EL\u00c9TRICO (APARELHO)"},"content":{"rendered":"<p><strong>INDICA\u00c7\u00c3O DE USO<\/strong><\/p>\n<ul class=\"list-praga\">\n<li><a href=\"https:\/\/kelldrin.com.br\/produto\/kellthine-repelente-eletrico-aparelho\/#\"><img decoding=\"async\" class=\"lazyloaded\" src=\"https:\/\/kelldrin.com.br\/wp-content\/themes\/kelldrin-bmd\/img\/products_pragas\/thumb\/mosquito-da-dengue.png\" data-lazy-src=\"https:\/\/kelldrin.com.br\/wp-content\/themes\/kelldrin-bmd\/img\/products_pragas\/thumb\/mosquito-da-dengue.png\" data-was-processed=\"true\" \/>Mosquito da Dengue<\/a><\/li>\n<li><a href=\"https:\/\/kelldrin.com.br\/produto\/kellthine-repelente-eletrico-aparelho\/#\"><img decoding=\"async\" class=\"lazyloaded\" src=\"https:\/\/kelldrin.com.br\/wp-content\/themes\/kelldrin-bmd\/img\/products_pragas\/thumb\/pernilongo.png\" data-lazy-src=\"https:\/\/kelldrin.com.br\/wp-content\/themes\/kelldrin-bmd\/img\/products_pragas\/thumb\/pernilongo.png\" data-was-processed=\"true\" \/>Pernilongo<\/a><\/li>\n<\/ul>\n<p><strong>INDICA\u00c7\u00c3O<br \/>\n<\/strong>Mant\u00e9m os ambientes protegidos de pernilongos e mosquitos da dengue.<\/p>\n<p><strong>MODO DE USAR<br \/>\n<\/strong>Uma hora antes de dormir colocar um refil no aparelho e liga-lo.<br \/>\nDeixar a porta ou janela do quarto aberta, para que os insetos possam sair.<br \/>\nNunca deixe ambas abertas, para evitar correntes de ar, que diminuem a efici\u00eancia do produto.<\/p>\n<p><strong>APRESENTA\u00c7\u00c3O<br \/>\n<\/strong>8 caixinhas (aparelho el\u00e9trico + 4 pastilhas)<\/p>\n","protected":false},"excerpt":{"rendered":"<p>INDICA\u00c7\u00c3O DE USO Mosquito da Dengue Pernilongo INDICA\u00c7\u00c3O Mant\u00e9m os ambientes protegidos de pernilongos e mosquitos da dengue. MODO DE USAR Uma hora antes de dormir colocar um refil no aparelho e liga-lo. Deixar a porta ou janela do quarto aberta, para que os insetos possam sair. Nunca deixe ambas abertas, para evitar correntes de [&hellip;]<\/p>\n","protected":false},"featured_media":1543,"template":"","meta":{"_monsterinsights_skip_tracking":false,"_monsterinsights_sitenote_active":false,"_monsterinsights_sitenote_note":"","_monsterinsights_sitenote_category":0},"product_brand":[],"product_cat":[123,127],"product_tag":[147,272,273,126,128],"class_list":{"0":"post-1542","1":"product","2":"type-product","3":"status-publish","4":"has-post-thumbnail","6":"product_cat-medicamento","7":"product_cat-medicamentos","8":"product_tag-carrapaticida","9":"product_tag-inseticida","10":"product_tag-kelldrin","11":"product_tag-medicamento","12":"product_tag-medicamentos","14":"first","15":"instock","16":"shipping-taxable","17":"product-type-simple"},"aioseo_notices":[],"_links":{"self":[{"href":"https:\/\/sopassaros.com.br\/index.php\/wp-json\/wp\/v2\/product\/1542","targetHints":{"allow":["GET"]}}],"collection":[{"href":"https:\/\/sopassaros.com.br\/index.php\/wp-json\/wp\/v2\/product"}],"about":[{"href":"https:\/\/sopassaros.com.br\/index.php\/wp-json\/wp\/v2\/types\/product"}],"wp:featuredmedia":[{"embeddable":true,"href":"https:\/\/sopassaros.com.br\/index.php\/wp-json\/wp\/v2\/media\/1543"}],"wp:attachment":[{"href":"https:\/\/sopassaros.com.br\/index.php\/wp-json\/wp\/v2\/media?parent=1542"}],"wp:term":[{"taxonomy":"product_brand","embeddable":true,"href":"https:\/\/sopassaros.com.br\/index.php\/wp-json\/wp\/v2\/product_brand?post=1542"},{"taxonomy":"product_cat","embeddable":true,"href":"https:\/\/sopassaros.com.br\/index.php\/wp-json\/wp\/v2\/product_cat?post=1542"},{"taxonomy":"product_tag","embeddable":true,"href":"https:\/\/sopassaros.com.br\/index.php\/wp-json\/wp\/v2\/product_tag?post=1542"}],"curies":[{"name":"wp","href":"https:\/\/api.w.org\/{rel}","templated":true}]}}