{"id":1546,"date":"2019-06-30T11:29:49","date_gmt":"2019-06-30T14:29:49","guid":{"rendered":"http:\/\/sopassaros.com.br\/?post_type=product&#038;p=1546"},"modified":"2019-06-30T11:30:52","modified_gmt":"2019-06-30T14:30:52","slug":"kellthine-repelente-eletrico-refil","status":"publish","type":"product","link":"https:\/\/sopassaros.com.br\/index.php\/product\/kellthine-repelente-eletrico-refil\/","title":{"rendered":"KELLTHINE REPELENTE EL\u00c9TRICO (REFIL)"},"content":{"rendered":"<p><strong>INDICA\u00c7\u00c3O DE USO<\/strong><\/p>\n<ul class=\"list-praga\">\n<li><a href=\"https:\/\/kelldrin.com.br\/produto\/kellthine-repelente-eletrico\/#\"><img decoding=\"async\" class=\"lazyloaded\" src=\"https:\/\/kelldrin.com.br\/wp-content\/themes\/kelldrin-bmd\/img\/products_pragas\/thumb\/mosquito-da-dengue.png\" data-lazy-src=\"https:\/\/kelldrin.com.br\/wp-content\/themes\/kelldrin-bmd\/img\/products_pragas\/thumb\/mosquito-da-dengue.png\" data-was-processed=\"true\" \/>Mosquito da Dengue<\/a><\/li>\n<li><a href=\"https:\/\/kelldrin.com.br\/produto\/kellthine-repelente-eletrico\/#\"><img decoding=\"async\" class=\"lazyloaded\" src=\"https:\/\/kelldrin.com.br\/wp-content\/themes\/kelldrin-bmd\/img\/products_pragas\/thumb\/pernilongo.png\" data-lazy-src=\"https:\/\/kelldrin.com.br\/wp-content\/themes\/kelldrin-bmd\/img\/products_pragas\/thumb\/pernilongo.png\" data-was-processed=\"true\" \/>Pernilongo<\/a><\/li>\n<\/ul>\n<p><strong>INDICA\u00c7\u00c3O:<\/strong><br \/>\nMant\u00e9m os ambientes protegidos de pernilongos e mosquitos da dengue.<\/p>\n<p><strong>MODO DE USAR:<\/strong><br \/>\nUma hora antes de dormir colocar um refil no aparelho e liga-lo. Deixar a porta ou janela do quarto aberta, para que os insetos possam sair. Nunca deixe ambas abertas, para evitar correntes de ar, que diminuem a efici\u00eancia do produto.<\/p>\n<p><strong>PRINC\u00cdPIO ATIVO<\/strong><br \/>\nPraletrina<\/p>\n<p><strong>APRESENTA\u00c7\u00c3O:<\/strong><br \/>\n4 displays (cada display contem 20 cartela com 12 pastilhas)<\/p>\n","protected":false},"excerpt":{"rendered":"<p>INDICA\u00c7\u00c3O DE USO Mosquito da Dengue Pernilongo INDICA\u00c7\u00c3O: Mant\u00e9m os ambientes protegidos de pernilongos e mosquitos da dengue. MODO DE USAR: Uma hora antes de dormir colocar um refil no aparelho e liga-lo. Deixar a porta ou janela do quarto aberta, para que os insetos possam sair. Nunca deixe ambas abertas, para evitar correntes de [&hellip;]<\/p>\n","protected":false},"featured_media":1547,"template":"","meta":{"_monsterinsights_skip_tracking":false,"_monsterinsights_sitenote_active":false,"_monsterinsights_sitenote_note":"","_monsterinsights_sitenote_category":0},"product_brand":[],"product_cat":[123,127],"product_tag":[272,273,126,128],"class_list":{"0":"post-1546","1":"product","2":"type-product","3":"status-publish","4":"has-post-thumbnail","6":"product_cat-medicamento","7":"product_cat-medicamentos","8":"product_tag-inseticida","9":"product_tag-kelldrin","10":"product_tag-medicamento","11":"product_tag-medicamentos","13":"first","14":"instock","15":"shipping-taxable","16":"product-type-simple"},"aioseo_notices":[],"_links":{"self":[{"href":"https:\/\/sopassaros.com.br\/index.php\/wp-json\/wp\/v2\/product\/1546","targetHints":{"allow":["GET"]}}],"collection":[{"href":"https:\/\/sopassaros.com.br\/index.php\/wp-json\/wp\/v2\/product"}],"about":[{"href":"https:\/\/sopassaros.com.br\/index.php\/wp-json\/wp\/v2\/types\/product"}],"wp:featuredmedia":[{"embeddable":true,"href":"https:\/\/sopassaros.com.br\/index.php\/wp-json\/wp\/v2\/media\/1547"}],"wp:attachment":[{"href":"https:\/\/sopassaros.com.br\/index.php\/wp-json\/wp\/v2\/media?parent=1546"}],"wp:term":[{"taxonomy":"product_brand","embeddable":true,"href":"https:\/\/sopassaros.com.br\/index.php\/wp-json\/wp\/v2\/product_brand?post=1546"},{"taxonomy":"product_cat","embeddable":true,"href":"https:\/\/sopassaros.com.br\/index.php\/wp-json\/wp\/v2\/product_cat?post=1546"},{"taxonomy":"product_tag","embeddable":true,"href":"https:\/\/sopassaros.com.br\/index.php\/wp-json\/wp\/v2\/product_tag?post=1546"}],"curies":[{"name":"wp","href":"https:\/\/api.w.org\/{rel}","templated":true}]}}