{"id":1548,"date":"2019-06-30T11:31:57","date_gmt":"2019-06-30T14:31:57","guid":{"rendered":"http:\/\/sopassaros.com.br\/?post_type=product&#038;p=1548"},"modified":"2019-06-30T11:32:59","modified_gmt":"2019-06-30T14:32:59","slug":"kellthine-pronto-uso","status":"publish","type":"product","link":"https:\/\/sopassaros.com.br\/index.php\/product\/kellthine-pronto-uso\/","title":{"rendered":"KELLTHINE PRONTO USO"},"content":{"rendered":"<p><strong>INDICA\u00c7\u00c3O DE USO<\/strong><\/p>\n<ul class=\"list-praga\">\n<li><a href=\"https:\/\/kelldrin.com.br\/produto\/kellthine-pronto-uso\/#\"><img decoding=\"async\" class=\"lazyloaded\" src=\"https:\/\/kelldrin.com.br\/wp-content\/themes\/kelldrin-bmd\/img\/products_pragas\/thumb\/aranha.png\" data-lazy-src=\"https:\/\/kelldrin.com.br\/wp-content\/themes\/kelldrin-bmd\/img\/products_pragas\/thumb\/aranha.png\" data-was-processed=\"true\" \/>Aranha<\/a><\/li>\n<li><a href=\"https:\/\/kelldrin.com.br\/produto\/kellthine-pronto-uso\/#\"><img decoding=\"async\" class=\"lazyloaded\" src=\"https:\/\/kelldrin.com.br\/wp-content\/themes\/kelldrin-bmd\/img\/products_pragas\/thumb\/barata.png\" data-lazy-src=\"https:\/\/kelldrin.com.br\/wp-content\/themes\/kelldrin-bmd\/img\/products_pragas\/thumb\/barata.png\" data-was-processed=\"true\" \/>Barata<\/a><\/li>\n<li><a href=\"https:\/\/kelldrin.com.br\/produto\/kellthine-pronto-uso\/#\"><img decoding=\"async\" class=\"error\" src=\"https:\/\/kelldrin.com.br\/wp-content\/themes\/kelldrin-bmd\/img\/products_pragas\/thumb\/barbeiro.png\" data-lazy-src=\"https:\/\/kelldrin.com.br\/wp-content\/themes\/kelldrin-bmd\/img\/products_pragas\/thumb\/barbeiro.png\" data-was-processed=\"true\" \/>Barbeiro<\/a><\/li>\n<li><a href=\"https:\/\/kelldrin.com.br\/produto\/kellthine-pronto-uso\/#\"><img decoding=\"async\" class=\"lazyloaded\" src=\"https:\/\/kelldrin.com.br\/wp-content\/themes\/kelldrin-bmd\/img\/products_pragas\/thumb\/carrapato.png\" data-lazy-src=\"https:\/\/kelldrin.com.br\/wp-content\/themes\/kelldrin-bmd\/img\/products_pragas\/thumb\/carrapato.png\" data-was-processed=\"true\" \/>Carrapato<\/a><\/li>\n<li><a href=\"https:\/\/kelldrin.com.br\/produto\/kellthine-pronto-uso\/#\"><img decoding=\"async\" class=\"lazyloaded\" src=\"https:\/\/kelldrin.com.br\/wp-content\/themes\/kelldrin-bmd\/img\/products_pragas\/thumb\/cupim.png\" data-lazy-src=\"https:\/\/kelldrin.com.br\/wp-content\/themes\/kelldrin-bmd\/img\/products_pragas\/thumb\/cupim.png\" data-was-processed=\"true\" \/>Cupim<\/a><\/li>\n<li><a href=\"https:\/\/kelldrin.com.br\/produto\/kellthine-pronto-uso\/#\"><img decoding=\"async\" class=\"lazyloaded\" src=\"https:\/\/kelldrin.com.br\/wp-content\/themes\/kelldrin-bmd\/img\/products_pragas\/thumb\/escorpiao.png\" data-lazy-src=\"https:\/\/kelldrin.com.br\/wp-content\/themes\/kelldrin-bmd\/img\/products_pragas\/thumb\/escorpiao.png\" data-was-processed=\"true\" \/>Escorpi\u00e3o<\/a><\/li>\n<li><a href=\"https:\/\/kelldrin.com.br\/produto\/kellthine-pronto-uso\/#\"><img decoding=\"async\" class=\"lazyloaded\" src=\"https:\/\/kelldrin.com.br\/wp-content\/themes\/kelldrin-bmd\/img\/products_pragas\/thumb\/formiga.png\" data-lazy-src=\"https:\/\/kelldrin.com.br\/wp-content\/themes\/kelldrin-bmd\/img\/products_pragas\/thumb\/formiga.png\" data-was-processed=\"true\" \/>Formiga<\/a><\/li>\n<li><a href=\"https:\/\/kelldrin.com.br\/produto\/kellthine-pronto-uso\/#\"><img decoding=\"async\" class=\"lazyloaded\" src=\"https:\/\/kelldrin.com.br\/wp-content\/themes\/kelldrin-bmd\/img\/products_pragas\/thumb\/mosquito-da-dengue.png\" data-lazy-src=\"https:\/\/kelldrin.com.br\/wp-content\/themes\/kelldrin-bmd\/img\/products_pragas\/thumb\/mosquito-da-dengue.png\" data-was-processed=\"true\" \/>Mosquito da Dengue<\/a><\/li>\n<li><a href=\"https:\/\/kelldrin.com.br\/produto\/kellthine-pronto-uso\/#\"><img decoding=\"async\" class=\"lazyloaded\" src=\"https:\/\/kelldrin.com.br\/wp-content\/themes\/kelldrin-bmd\/img\/products_pragas\/thumb\/pernilongo.png\" data-lazy-src=\"https:\/\/kelldrin.com.br\/wp-content\/themes\/kelldrin-bmd\/img\/products_pragas\/thumb\/pernilongo.png\" data-was-processed=\"true\" \/>Pernilongo<\/a><\/li>\n<li><a href=\"https:\/\/kelldrin.com.br\/produto\/kellthine-pronto-uso\/#\"><img decoding=\"async\" class=\"lazyloaded\" src=\"https:\/\/kelldrin.com.br\/wp-content\/themes\/kelldrin-bmd\/img\/products_pragas\/thumb\/pulga.png\" data-lazy-src=\"https:\/\/kelldrin.com.br\/wp-content\/themes\/kelldrin-bmd\/img\/products_pragas\/thumb\/pulga.png\" data-was-processed=\"true\" \/>Pulga<\/a><\/li>\n<li><a href=\"https:\/\/kelldrin.com.br\/produto\/kellthine-pronto-uso\/#\"><img decoding=\"async\" class=\"lazyloaded\" src=\"https:\/\/kelldrin.com.br\/wp-content\/themes\/kelldrin-bmd\/img\/products_pragas\/thumb\/traca.png\" data-lazy-src=\"https:\/\/kelldrin.com.br\/wp-content\/themes\/kelldrin-bmd\/img\/products_pragas\/thumb\/traca.png\" data-was-processed=\"true\" \/>Tra\u00e7a<\/a><\/li>\n<\/ul>\n<p><strong>PRINC\u00cdPIO ATIVO:<\/strong><br \/>\nLambda-Cialotrina<\/p>\n<p><strong>INDICA\u00c7\u00c3O:<\/strong><br \/>\nKELLTHINE SC 25 PRONTO PARA USO da kelldrin \u00e9 eficaz contra Aranhas, Baratas, Barbeiros, Carrapatos, Cupins, Escorpi\u00f5es, Formigas, Mosquito da Dengue, Pernilongos, Pulgas e Tra\u00e7as.<\/p>\n<p><strong>MODO DE USAR:<\/strong><br \/>\nAGITE BEM ANTES DE USAR. Gire o bico aplicador para a posi\u00e7\u00e3o spray, pressione o gatilho a uma dist\u00e2ncia de 30 cm e aplique o produto KELLTHINE SC 25 PRONTO PARA USO da Kelldrin at\u00e9 obter cobertura uniforme nos locais onde as pragas andam e pousam e se escondem como frestas, cantos, rodap\u00e9s, sob pias e bancadas e ao redor de portas e janelas, arm\u00e1rios, no controle de aranhas e escorpi\u00f5es, aplicar em locais escuros e \u00famidos como pilha de tijolos, madeiras e entulhos. Dosagem: 50 ml do produto para cada m2 de superf\u00edcie. Dosagem:1litro\/m2.<\/p>\n<p><strong>APRESENTA\u00c7\u00c3O:<\/strong><br \/>\n12x500ml<\/p>\n","protected":false},"excerpt":{"rendered":"<p>INDICA\u00c7\u00c3O DE USO Aranha Barata Barbeiro Carrapato Cupim Escorpi\u00e3o Formiga Mosquito da Dengue Pernilongo Pulga Tra\u00e7a PRINC\u00cdPIO ATIVO: Lambda-Cialotrina INDICA\u00c7\u00c3O: KELLTHINE SC 25 PRONTO PARA USO da kelldrin \u00e9 eficaz contra Aranhas, Baratas, Barbeiros, Carrapatos, Cupins, Escorpi\u00f5es, Formigas, Mosquito da Dengue, Pernilongos, Pulgas e Tra\u00e7as. MODO DE USAR: AGITE BEM ANTES DE USAR. Gire o [&hellip;]<\/p>\n","protected":false},"featured_media":1549,"template":"","meta":{"_monsterinsights_skip_tracking":false,"_monsterinsights_sitenote_active":false,"_monsterinsights_sitenote_note":"","_monsterinsights_sitenote_category":0},"product_brand":[],"product_cat":[89,84,123,127],"product_tag":[147,272,273,126,128],"class_list":{"0":"post-1548","1":"product","2":"type-product","3":"status-publish","4":"has-post-thumbnail","6":"product_cat-caes","7":"product_cat-gatos","8":"product_cat-medicamento","9":"product_cat-medicamentos","10":"product_tag-carrapaticida","11":"product_tag-inseticida","12":"product_tag-kelldrin","13":"product_tag-medicamento","14":"product_tag-medicamentos","16":"first","17":"instock","18":"shipping-taxable","19":"product-type-simple"},"aioseo_notices":[],"_links":{"self":[{"href":"https:\/\/sopassaros.com.br\/index.php\/wp-json\/wp\/v2\/product\/1548","targetHints":{"allow":["GET"]}}],"collection":[{"href":"https:\/\/sopassaros.com.br\/index.php\/wp-json\/wp\/v2\/product"}],"about":[{"href":"https:\/\/sopassaros.com.br\/index.php\/wp-json\/wp\/v2\/types\/product"}],"wp:featuredmedia":[{"embeddable":true,"href":"https:\/\/sopassaros.com.br\/index.php\/wp-json\/wp\/v2\/media\/1549"}],"wp:attachment":[{"href":"https:\/\/sopassaros.com.br\/index.php\/wp-json\/wp\/v2\/media?parent=1548"}],"wp:term":[{"taxonomy":"product_brand","embeddable":true,"href":"https:\/\/sopassaros.com.br\/index.php\/wp-json\/wp\/v2\/product_brand?post=1548"},{"taxonomy":"product_cat","embeddable":true,"href":"https:\/\/sopassaros.com.br\/index.php\/wp-json\/wp\/v2\/product_cat?post=1548"},{"taxonomy":"product_tag","embeddable":true,"href":"https:\/\/sopassaros.com.br\/index.php\/wp-json\/wp\/v2\/product_tag?post=1548"}],"curies":[{"name":"wp","href":"https:\/\/api.w.org\/{rel}","templated":true}]}}