{"id":1550,"date":"2019-06-30T11:34:04","date_gmt":"2019-06-30T14:34:04","guid":{"rendered":"http:\/\/sopassaros.com.br\/?post_type=product&#038;p=1550"},"modified":"2019-06-30T11:35:33","modified_gmt":"2019-06-30T14:35:33","slug":"kellthine-mata-cupim","status":"publish","type":"product","link":"https:\/\/sopassaros.com.br\/index.php\/product\/kellthine-mata-cupim\/","title":{"rendered":"KELLTHINE MATA CUPIM"},"content":{"rendered":"<p><strong>INDICA\u00c7\u00c3O DE USO<\/strong><\/p>\n<ul class=\"list-praga\">\n<li><a href=\"https:\/\/kelldrin.com.br\/produto\/kellthine-mata-cupim\/#\"><img decoding=\"async\" class=\"lazyloaded\" src=\"https:\/\/kelldrin.com.br\/wp-content\/themes\/kelldrin-bmd\/img\/products_pragas\/thumb\/cupim.png\" data-lazy-src=\"https:\/\/kelldrin.com.br\/wp-content\/themes\/kelldrin-bmd\/img\/products_pragas\/thumb\/cupim.png\" data-was-processed=\"true\" \/>Cupim<\/a><\/li>\n<\/ul>\n<p><strong>PRINC\u00cdPIO ATIVO:<br \/>\n<\/strong>Bifentrina.<\/p>\n<p><strong>INDICA\u00c7\u00c3O:<br \/>\n<\/strong>KELLTHINE SC 25 MATA CUPIM da kelldrin \u00e9 um inseticida indicado para o combate de cupins em pe\u00e7as de madeira. O tubo flex\u00edvel possui uma ventosa anti fluxo que evita vazamentos durante a aplica\u00e7\u00e3o. Protegendo o produto para dentro da madeira.<\/p>\n<p><strong>MODO DE USAR:<br \/>\n<\/strong>Para usar produto colocar a agulha injetora nos pequenos orif\u00edcios na madeira e pressionar a v\u00e1lvula at\u00e9 saturar o orif\u00edcio, fa\u00e7a isto em todos os orif\u00edcios. Ou se necess\u00e1rio, aumentar o di\u00e2metro do orif\u00edcio com um prego para que a agulha possa penetrar livremente ou at\u00e9 que o inseticida apare\u00e7a em algum ponto da madeira. Inspecionar ap\u00f3s meses para assegurar-se da elimina\u00e7\u00e3o da col\u00f4nia. O produto \u00e9 eficaz ap\u00f3s 14 dias da aplica\u00e7\u00e3o. Dosagem: 11g\/m2.<\/p>\n<p><strong>APRESENTA\u00c7\u00c3O:<br \/>\n<\/strong>6x400ml\/260grs<\/p>\n","protected":false},"excerpt":{"rendered":"<p>INDICA\u00c7\u00c3O DE USO Cupim PRINC\u00cdPIO ATIVO: Bifentrina. INDICA\u00c7\u00c3O: KELLTHINE SC 25 MATA CUPIM da kelldrin \u00e9 um inseticida indicado para o combate de cupins em pe\u00e7as de madeira. O tubo flex\u00edvel possui uma ventosa anti fluxo que evita vazamentos durante a aplica\u00e7\u00e3o. Protegendo o produto para dentro da madeira. MODO DE USAR: Para usar produto [&hellip;]<\/p>\n","protected":false},"featured_media":1551,"template":"","meta":{"_monsterinsights_skip_tracking":false,"_monsterinsights_sitenote_active":false,"_monsterinsights_sitenote_note":"","_monsterinsights_sitenote_category":0},"product_brand":[],"product_cat":[123,127],"product_tag":[272,273,126,128],"class_list":{"0":"post-1550","1":"product","2":"type-product","3":"status-publish","4":"has-post-thumbnail","6":"product_cat-medicamento","7":"product_cat-medicamentos","8":"product_tag-inseticida","9":"product_tag-kelldrin","10":"product_tag-medicamento","11":"product_tag-medicamentos","13":"first","14":"instock","15":"shipping-taxable","16":"product-type-simple"},"aioseo_notices":[],"_links":{"self":[{"href":"https:\/\/sopassaros.com.br\/index.php\/wp-json\/wp\/v2\/product\/1550","targetHints":{"allow":["GET"]}}],"collection":[{"href":"https:\/\/sopassaros.com.br\/index.php\/wp-json\/wp\/v2\/product"}],"about":[{"href":"https:\/\/sopassaros.com.br\/index.php\/wp-json\/wp\/v2\/types\/product"}],"wp:featuredmedia":[{"embeddable":true,"href":"https:\/\/sopassaros.com.br\/index.php\/wp-json\/wp\/v2\/media\/1551"}],"wp:attachment":[{"href":"https:\/\/sopassaros.com.br\/index.php\/wp-json\/wp\/v2\/media?parent=1550"}],"wp:term":[{"taxonomy":"product_brand","embeddable":true,"href":"https:\/\/sopassaros.com.br\/index.php\/wp-json\/wp\/v2\/product_brand?post=1550"},{"taxonomy":"product_cat","embeddable":true,"href":"https:\/\/sopassaros.com.br\/index.php\/wp-json\/wp\/v2\/product_cat?post=1550"},{"taxonomy":"product_tag","embeddable":true,"href":"https:\/\/sopassaros.com.br\/index.php\/wp-json\/wp\/v2\/product_tag?post=1550"}],"curies":[{"name":"wp","href":"https:\/\/api.w.org\/{rel}","templated":true}]}}