{"id":1577,"date":"2019-07-23T11:54:39","date_gmt":"2019-07-23T14:54:39","guid":{"rendered":"http:\/\/sopassaros.com.br\/?post_type=product&#038;p=1577"},"modified":"2019-07-23T11:55:51","modified_gmt":"2019-07-23T14:55:51","slug":"kellmat-raticida-granulado","status":"publish","type":"product","link":"https:\/\/sopassaros.com.br\/index.php\/product\/kellmat-raticida-granulado\/","title":{"rendered":"KELLMAT RATICIDA GRANULADO"},"content":{"rendered":"<p><strong>INDICA\u00c7\u00c3O DE USO<\/strong><\/p>\n<ul class=\"list-praga\">\n<li><a href=\"https:\/\/kelldrin.com.br\/produto\/kellmat-raticida-granulado\/#\"><img decoding=\"async\" class=\"lazyloaded\" src=\"https:\/\/kelldrin.com.br\/wp-content\/themes\/kelldrin-bmd\/img\/products_pragas\/thumb\/roedor.png\" data-lazy-src=\"https:\/\/kelldrin.com.br\/wp-content\/themes\/kelldrin-bmd\/img\/products_pragas\/thumb\/roedor.png\" data-was-processed=\"true\" \/>Roedor<\/a><\/li>\n<\/ul>\n<p><strong>PRINC\u00cdPIO ATIVO:<br \/>\n<\/strong>Bromadiolone.<\/p>\n<p><strong>INDICA\u00c7\u00c3O:<\/strong><br \/>\nKELLMAT GRANULADO \u00e9 indicado para o combate a roedores em \u00e1reas internas e externas.<\/p>\n<p><strong>MODO DE USAR:<\/strong><br \/>\nColocar as iscas de KELLMAT GRANULADO nas tocas e em outros locais onde os roedores vivem e transitam. Verificar ap\u00f3s uma semana e reaplicar o produto nos locais onde as iscas desapareceram. KELLMAT GRANULADO \u00e9 um raticida anticoagulante de dose \u00fanica, que mata por hemorragia interna ratos e camundongos em um per\u00edodo m\u00e9dio de 3 a 5 dias. Obs.: Evitar o contato direto das m\u00e3os com as iscas.<\/p>\n<p><strong>APRESENTA\u00c7\u00c3O:<\/strong><br \/>\n10x40x25grs (econ\u00f4mica)<br \/>\n10x40x25grs (Display)<br \/>\n20x10x25grs (Cartela)<br \/>\n24x4x25grs (Caixinha)<\/p>\n","protected":false},"excerpt":{"rendered":"<p>INDICA\u00c7\u00c3O DE USO Roedor PRINC\u00cdPIO ATIVO: Bromadiolone. INDICA\u00c7\u00c3O: KELLMAT GRANULADO \u00e9 indicado para o combate a roedores em \u00e1reas internas e externas. MODO DE USAR: Colocar as iscas de KELLMAT GRANULADO nas tocas e em outros locais onde os roedores vivem e transitam. Verificar ap\u00f3s uma semana e reaplicar o produto nos locais onde as [&hellip;]<\/p>\n","protected":false},"featured_media":1578,"template":"","meta":{"_monsterinsights_skip_tracking":false,"_monsterinsights_sitenote_active":false,"_monsterinsights_sitenote_note":"","_monsterinsights_sitenote_category":0},"product_brand":[],"product_cat":[123,127],"product_tag":[273,126,128,293],"class_list":{"0":"post-1577","1":"product","2":"type-product","3":"status-publish","4":"has-post-thumbnail","6":"product_cat-medicamento","7":"product_cat-medicamentos","8":"product_tag-kelldrin","9":"product_tag-medicamento","10":"product_tag-medicamentos","11":"product_tag-raticida","13":"first","14":"instock","15":"shipping-taxable","16":"product-type-simple"},"aioseo_notices":[],"_links":{"self":[{"href":"https:\/\/sopassaros.com.br\/index.php\/wp-json\/wp\/v2\/product\/1577","targetHints":{"allow":["GET"]}}],"collection":[{"href":"https:\/\/sopassaros.com.br\/index.php\/wp-json\/wp\/v2\/product"}],"about":[{"href":"https:\/\/sopassaros.com.br\/index.php\/wp-json\/wp\/v2\/types\/product"}],"wp:featuredmedia":[{"embeddable":true,"href":"https:\/\/sopassaros.com.br\/index.php\/wp-json\/wp\/v2\/media\/1578"}],"wp:attachment":[{"href":"https:\/\/sopassaros.com.br\/index.php\/wp-json\/wp\/v2\/media?parent=1577"}],"wp:term":[{"taxonomy":"product_brand","embeddable":true,"href":"https:\/\/sopassaros.com.br\/index.php\/wp-json\/wp\/v2\/product_brand?post=1577"},{"taxonomy":"product_cat","embeddable":true,"href":"https:\/\/sopassaros.com.br\/index.php\/wp-json\/wp\/v2\/product_cat?post=1577"},{"taxonomy":"product_tag","embeddable":true,"href":"https:\/\/sopassaros.com.br\/index.php\/wp-json\/wp\/v2\/product_tag?post=1577"}],"curies":[{"name":"wp","href":"https:\/\/api.w.org\/{rel}","templated":true}]}}