{"id":1579,"date":"2019-07-23T11:58:37","date_gmt":"2019-07-23T14:58:37","guid":{"rendered":"http:\/\/sopassaros.com.br\/?post_type=product&#038;p=1579"},"modified":"2019-07-23T11:58:37","modified_gmt":"2019-07-23T14:58:37","slug":"kellmat-raticida-granulado-2","status":"publish","type":"product","link":"https:\/\/sopassaros.com.br\/index.php\/product\/kellmat-raticida-granulado-2\/","title":{"rendered":"KELLMAT BLOCO"},"content":{"rendered":"<p><strong>INDICA\u00c7\u00c3O DE USO<\/strong><\/p>\n<ul class=\"list-praga\">\n<li><a href=\"https:\/\/kelldrin.com.br\/produto\/kellmat-bloco\/#\"><img decoding=\"async\" class=\"lazyloaded\" src=\"https:\/\/kelldrin.com.br\/wp-content\/themes\/kelldrin-bmd\/img\/products_pragas\/thumb\/roedor.png\" data-lazy-src=\"https:\/\/kelldrin.com.br\/wp-content\/themes\/kelldrin-bmd\/img\/products_pragas\/thumb\/roedor.png\" data-was-processed=\"true\" \/>Roedor<\/a><\/li>\n<\/ul>\n<p><strong>PRINC\u00cdPIO ATIVO:<\/strong><br \/>\nBromadiolone.<\/p>\n<p><strong>INDICA\u00c7\u00c3O:<\/strong><br \/>\nKELLMAT BLOCO \u00e9 indicado para o combate a roedores em \u00e1reas internas e externas.<\/p>\n<p><strong>MODO DE USAR:<\/strong><br \/>\nOs blocos do KELLMAT BLOCO devem ser colocados onde os roedores vivem transitam, como: tocas, trilhas, t\u00faneis, galerias fluviais, esgotos, forros, telhados, tubula\u00e7\u00f5es etc. Dependendo do grau de infesta\u00e7\u00e3o e tamanho da \u00e1rea a ser tratada, colocar 1 a 5 blocos em cada ponto de iscagem a uma dist\u00e2ncia de 1 a 5 metros entre os pontos. Recomenda-se sempre que poss\u00edvel a utiliza\u00e7\u00e3o de caixa porta-isca, onde o raticida ficar\u00e1 protegido das intemp\u00e9ries, al\u00e9m de dificultar o acesso de esp\u00e9cie n\u00e3o alvo. Os pontos de iscagem devem ser inspecionados ap\u00f3s 7 a 10 dias para verifica\u00e7\u00e3o do consumo e promover o remanejamento nos locais onde os blocos n\u00e3o foram consumidos.<\/p>\n<p><strong>APRESENTA\u00c7\u00c3O:<\/strong><br \/>\n10 displays de 1kg<br \/>\n24x4x16grs (Caixinha)<\/p>\n","protected":false},"excerpt":{"rendered":"<p>INDICA\u00c7\u00c3O DE USO Roedor PRINC\u00cdPIO ATIVO: Bromadiolone. INDICA\u00c7\u00c3O: KELLMAT BLOCO \u00e9 indicado para o combate a roedores em \u00e1reas internas e externas. MODO DE USAR: Os blocos do KELLMAT BLOCO devem ser colocados onde os roedores vivem transitam, como: tocas, trilhas, t\u00faneis, galerias fluviais, esgotos, forros, telhados, tubula\u00e7\u00f5es etc. Dependendo do grau de infesta\u00e7\u00e3o e [&hellip;]<\/p>\n","protected":false},"featured_media":1580,"template":"","meta":{"_monsterinsights_skip_tracking":false,"_monsterinsights_sitenote_active":false,"_monsterinsights_sitenote_note":"","_monsterinsights_sitenote_category":0},"product_brand":[],"product_cat":[123,127],"product_tag":[273,126,128,293],"class_list":{"0":"post-1579","1":"product","2":"type-product","3":"status-publish","4":"has-post-thumbnail","6":"product_cat-medicamento","7":"product_cat-medicamentos","8":"product_tag-kelldrin","9":"product_tag-medicamento","10":"product_tag-medicamentos","11":"product_tag-raticida","13":"first","14":"instock","15":"shipping-taxable","16":"product-type-simple"},"aioseo_notices":[],"_links":{"self":[{"href":"https:\/\/sopassaros.com.br\/index.php\/wp-json\/wp\/v2\/product\/1579","targetHints":{"allow":["GET"]}}],"collection":[{"href":"https:\/\/sopassaros.com.br\/index.php\/wp-json\/wp\/v2\/product"}],"about":[{"href":"https:\/\/sopassaros.com.br\/index.php\/wp-json\/wp\/v2\/types\/product"}],"wp:featuredmedia":[{"embeddable":true,"href":"https:\/\/sopassaros.com.br\/index.php\/wp-json\/wp\/v2\/media\/1580"}],"wp:attachment":[{"href":"https:\/\/sopassaros.com.br\/index.php\/wp-json\/wp\/v2\/media?parent=1579"}],"wp:term":[{"taxonomy":"product_brand","embeddable":true,"href":"https:\/\/sopassaros.com.br\/index.php\/wp-json\/wp\/v2\/product_brand?post=1579"},{"taxonomy":"product_cat","embeddable":true,"href":"https:\/\/sopassaros.com.br\/index.php\/wp-json\/wp\/v2\/product_cat?post=1579"},{"taxonomy":"product_tag","embeddable":true,"href":"https:\/\/sopassaros.com.br\/index.php\/wp-json\/wp\/v2\/product_tag?post=1579"}],"curies":[{"name":"wp","href":"https:\/\/api.w.org\/{rel}","templated":true}]}}